{"id":98,"date":"2023-11-28T00:21:40","date_gmt":"2023-11-28T00:21:40","guid":{"rendered":"http:\/\/radioglorfa.ddns.net:9180\/wordpress\/?page_id=98"},"modified":"2025-11-11T17:52:57","modified_gmt":"2025-11-11T16:52:57","slug":"comunicacion","status":"publish","type":"page","link":"https:\/\/festivalpublicatessen.com\/index.php\/comunicacion\/","title":{"rendered":"COMUNICACI\u00d3N"},"content":{"rendered":"\n<p class=\"has-background\" style=\"background:linear-gradient(135deg,rgb(6,147,227) 0%,rgba(15,15,15,0.5) 0%)\">El departamento de Comunicaci\u00f3n se encarga de todo lo que tiene que ver con el contenido escrito de las publicaciones en las redes sociales. Suelen trabajar de la mano con el departamento de dise\u00f1o para la creaci\u00f3n de los contenidos en Instagram, al ser una publicaci\u00f3n de esta red est\u00e1 compuesta de imagen y copy. Tambi\u00e9n se encargan de escribir ruedas de prensa y noticias para la publicaci\u00f3n de la p\u00e1gina web.&nbsp;<\/p>\n\n\n\n<p class=\"has-background\" style=\"background:linear-gradient(135deg,rgb(6,147,227) 0%,rgba(15,15,15,0.5) 0%)\">Os presentamos al equipo de Comunicaci\u00f3n de este a\u00f1o. A la izquierda  Elisabet Agil\u00f3 Cerd\u00e0 (subcoordinadora) y a la izquierda Melani Paola Pedrea\u00f1ez \u00c1lvarez (coordinadora)<\/p>\n\n\n\n<figure class=\"wp-block-image size-large\"><img loading=\"lazy\" decoding=\"async\" width=\"1024\" height=\"682\" src=\"https:\/\/festivalpublicatessen.com\/wp-content\/uploads\/2025\/11\/F1A7930-en-tamano-grande-1024x682.jpeg\" alt=\"\" class=\"wp-image-924\" srcset=\"https:\/\/festivalpublicatessen.com\/wp-content\/uploads\/2025\/11\/F1A7930-en-tamano-grande-1024x682.jpeg 1024w, https:\/\/festivalpublicatessen.com\/wp-content\/uploads\/2025\/11\/F1A7930-en-tamano-grande-300x200.jpeg 300w, https:\/\/festivalpublicatessen.com\/wp-content\/uploads\/2025\/11\/F1A7930-en-tamano-grande-768x512.jpeg 768w, https:\/\/festivalpublicatessen.com\/wp-content\/uploads\/2025\/11\/F1A7930-en-tamano-grande.jpeg 1280w\" sizes=\"(max-width: 1024px) 100vw, 1024px\" \/><\/figure>\n\n\n\n<figure class=\"wp-block-image size-full\"><img loading=\"lazy\" decoding=\"async\" width=\"1280\" height=\"853\" src=\"https:\/\/festivalpublicatessen.com\/wp-content\/uploads\/2025\/11\/F1A7943-en-tamano-grande.jpeg\" alt=\"\" class=\"wp-image-925\" srcset=\"https:\/\/festivalpublicatessen.com\/wp-content\/uploads\/2025\/11\/F1A7943-en-tamano-grande.jpeg 1280w, https:\/\/festivalpublicatessen.com\/wp-content\/uploads\/2025\/11\/F1A7943-en-tamano-grande-300x200.jpeg 300w, https:\/\/festivalpublicatessen.com\/wp-content\/uploads\/2025\/11\/F1A7943-en-tamano-grande-1024x682.jpeg 1024w, https:\/\/festivalpublicatessen.com\/wp-content\/uploads\/2025\/11\/F1A7943-en-tamano-grande-768x512.jpeg 768w\" sizes=\"(max-width: 1280px) 100vw, 1280px\" \/><\/figure>\n","protected":false},"excerpt":{"rendered":"<p>El departamento de Comunicaci\u00f3n se encarga de todo lo que tiene que ver con el contenido escrito de las publicaciones en las redes sociales. Suelen trabajar de la mano con el departamento de dise\u00f1o para la creaci\u00f3n de los contenidos en Instagram, al ser una publicaci\u00f3n de esta red est\u00e1 compuesta de imagen y copy.&hellip; <a class=\"more-link\" href=\"https:\/\/festivalpublicatessen.com\/index.php\/comunicacion\/\">Seguir leyendo <span class=\"screen-reader-text\">COMUNICACI\u00d3N<\/span><\/a><\/p>\n","protected":false},"author":1,"featured_media":0,"parent":0,"menu_order":0,"comment_status":"closed","ping_status":"closed","template":"","meta":{"footnotes":""},"class_list":["post-98","page","type-page","status-publish","hentry","entry"],"yoast_head":"<!-- This site is optimized with the Yoast SEO plugin v24.0 - https:\/\/yoast.com\/wordpress\/plugins\/seo\/ -->\n<title>COMUNICACI\u00d3N - PUBLICATESSEN XVIII<\/title>\n<meta name=\"robots\" content=\"index, follow, max-snippet:-1, max-image-preview:large, max-video-preview:-1\" \/>\n<link rel=\"canonical\" href=\"https:\/\/festivalpublicatessen.com\/index.php\/comunicacion\/\" \/>\n<meta property=\"og:locale\" content=\"es_ES\" \/>\n<meta property=\"og:type\" content=\"article\" \/>\n<meta property=\"og:title\" content=\"COMUNICACI\u00d3N - PUBLICATESSEN XVIII\" \/>\n<meta property=\"og:description\" content=\"El departamento de Comunicaci\u00f3n se encarga de todo lo que tiene que ver con el contenido escrito de las publicaciones en las redes sociales. Suelen trabajar de la mano con el departamento de dise\u00f1o para la creaci\u00f3n de los contenidos en Instagram, al ser una publicaci\u00f3n de esta red est\u00e1 compuesta de imagen y copy.&hellip; Seguir leyendo COMUNICACI\u00d3N\" \/>\n<meta property=\"og:url\" content=\"https:\/\/festivalpublicatessen.com\/index.php\/comunicacion\/\" \/>\n<meta property=\"og:site_name\" content=\"PUBLICATESSEN XVIII\" \/>\n<meta property=\"article:modified_time\" content=\"2025-11-11T16:52:57+00:00\" \/>\n<meta property=\"og:image\" content=\"https:\/\/festivalpublicatessen.com\/wp-content\/uploads\/2025\/11\/F1A7930-en-tamano-grande.jpeg\" \/>\n\t<meta property=\"og:image:width\" content=\"1280\" \/>\n\t<meta property=\"og:image:height\" content=\"853\" \/>\n\t<meta property=\"og:image:type\" content=\"image\/jpeg\" \/>\n<meta name=\"twitter:card\" content=\"summary_large_image\" \/>\n<meta name=\"twitter:site\" content=\"@publicatessen\" \/>\n<meta name=\"twitter:label1\" content=\"Tiempo de lectura\" \/>\n\t<meta name=\"twitter:data1\" content=\"1 minuto\" \/>\n<script type=\"application\/ld+json\" class=\"yoast-schema-graph\">{\"@context\":\"https:\/\/schema.org\",\"@graph\":[{\"@type\":\"WebPage\",\"@id\":\"https:\/\/festivalpublicatessen.com\/index.php\/comunicacion\/\",\"url\":\"https:\/\/festivalpublicatessen.com\/index.php\/comunicacion\/\",\"name\":\"COMUNICACI\u00d3N - PUBLICATESSEN XVIII\",\"isPartOf\":{\"@id\":\"https:\/\/festivalpublicatessen.com\/#website\"},\"primaryImageOfPage\":{\"@id\":\"https:\/\/festivalpublicatessen.com\/index.php\/comunicacion\/#primaryimage\"},\"image\":{\"@id\":\"https:\/\/festivalpublicatessen.com\/index.php\/comunicacion\/#primaryimage\"},\"thumbnailUrl\":\"https:\/\/festivalpublicatessen.com\/wp-content\/uploads\/2025\/11\/F1A7930-en-tamano-grande-1024x682.jpeg\",\"datePublished\":\"2023-11-28T00:21:40+00:00\",\"dateModified\":\"2025-11-11T16:52:57+00:00\",\"breadcrumb\":{\"@id\":\"https:\/\/festivalpublicatessen.com\/index.php\/comunicacion\/#breadcrumb\"},\"inLanguage\":\"es\",\"potentialAction\":[{\"@type\":\"ReadAction\",\"target\":[\"https:\/\/festivalpublicatessen.com\/index.php\/comunicacion\/\"]}]},{\"@type\":\"ImageObject\",\"inLanguage\":\"es\",\"@id\":\"https:\/\/festivalpublicatessen.com\/index.php\/comunicacion\/#primaryimage\",\"url\":\"https:\/\/festivalpublicatessen.com\/wp-content\/uploads\/2025\/11\/F1A7930-en-tamano-grande.jpeg\",\"contentUrl\":\"https:\/\/festivalpublicatessen.com\/wp-content\/uploads\/2025\/11\/F1A7930-en-tamano-grande.jpeg\",\"width\":1280,\"height\":853},{\"@type\":\"BreadcrumbList\",\"@id\":\"https:\/\/festivalpublicatessen.com\/index.php\/comunicacion\/#breadcrumb\",\"itemListElement\":[{\"@type\":\"ListItem\",\"position\":1,\"name\":\"Portada\",\"item\":\"https:\/\/festivalpublicatessen.com\/\"},{\"@type\":\"ListItem\",\"position\":2,\"name\":\"COMUNICACI\u00d3N\"}]},{\"@type\":\"WebSite\",\"@id\":\"https:\/\/festivalpublicatessen.com\/#website\",\"url\":\"https:\/\/festivalpublicatessen.com\/\",\"name\":\"PUBLICATESSEN XVI\",\"description\":\"Festival Internacional Universitario de Publicidad\",\"publisher\":{\"@id\":\"https:\/\/festivalpublicatessen.com\/#organization\"},\"potentialAction\":[{\"@type\":\"SearchAction\",\"target\":{\"@type\":\"EntryPoint\",\"urlTemplate\":\"https:\/\/festivalpublicatessen.com\/?s={search_term_string}\"},\"query-input\":{\"@type\":\"PropertyValueSpecification\",\"valueRequired\":true,\"valueName\":\"search_term_string\"}}],\"inLanguage\":\"es\"},{\"@type\":\"Organization\",\"@id\":\"https:\/\/festivalpublicatessen.com\/#organization\",\"name\":\"PUBLICATESSEN XVI\",\"url\":\"https:\/\/festivalpublicatessen.com\/\",\"logo\":{\"@type\":\"ImageObject\",\"inLanguage\":\"es\",\"@id\":\"https:\/\/festivalpublicatessen.com\/#\/schema\/logo\/image\/\",\"url\":\"https:\/\/festivalpublicatessen.com\/wp-content\/uploads\/2026\/02\/logomarca-interna-01_sin-fondo.png\",\"contentUrl\":\"https:\/\/festivalpublicatessen.com\/wp-content\/uploads\/2026\/02\/logomarca-interna-01_sin-fondo.png\",\"width\":4472,\"height\":4833,\"caption\":\"PUBLICATESSEN XVI\"},\"image\":{\"@id\":\"https:\/\/festivalpublicatessen.com\/#\/schema\/logo\/image\/\"},\"sameAs\":[\"https:\/\/x.com\/publicatessen\",\"https:\/\/www.instagram.com\/publicatessen\/\"]}]}<\/script>\n<!-- \/ Yoast SEO plugin. -->","yoast_head_json":{"title":"COMUNICACI\u00d3N - PUBLICATESSEN XVIII","robots":{"index":"index","follow":"follow","max-snippet":"max-snippet:-1","max-image-preview":"max-image-preview:large","max-video-preview":"max-video-preview:-1"},"canonical":"https:\/\/festivalpublicatessen.com\/index.php\/comunicacion\/","og_locale":"es_ES","og_type":"article","og_title":"COMUNICACI\u00d3N - PUBLICATESSEN XVIII","og_description":"El departamento de Comunicaci\u00f3n se encarga de todo lo que tiene que ver con el contenido escrito de las publicaciones en las redes sociales. Suelen trabajar de la mano con el departamento de dise\u00f1o para la creaci\u00f3n de los contenidos en Instagram, al ser una publicaci\u00f3n de esta red est\u00e1 compuesta de imagen y copy.&hellip; Seguir leyendo COMUNICACI\u00d3N","og_url":"https:\/\/festivalpublicatessen.com\/index.php\/comunicacion\/","og_site_name":"PUBLICATESSEN XVIII","article_modified_time":"2025-11-11T16:52:57+00:00","og_image":[{"width":1280,"height":853,"url":"https:\/\/festivalpublicatessen.com\/wp-content\/uploads\/2025\/11\/F1A7930-en-tamano-grande.jpeg","type":"image\/jpeg"}],"twitter_card":"summary_large_image","twitter_site":"@publicatessen","twitter_misc":{"Tiempo de lectura":"1 minuto"},"schema":{"@context":"https:\/\/schema.org","@graph":[{"@type":"WebPage","@id":"https:\/\/festivalpublicatessen.com\/index.php\/comunicacion\/","url":"https:\/\/festivalpublicatessen.com\/index.php\/comunicacion\/","name":"COMUNICACI\u00d3N - PUBLICATESSEN XVIII","isPartOf":{"@id":"https:\/\/festivalpublicatessen.com\/#website"},"primaryImageOfPage":{"@id":"https:\/\/festivalpublicatessen.com\/index.php\/comunicacion\/#primaryimage"},"image":{"@id":"https:\/\/festivalpublicatessen.com\/index.php\/comunicacion\/#primaryimage"},"thumbnailUrl":"https:\/\/festivalpublicatessen.com\/wp-content\/uploads\/2025\/11\/F1A7930-en-tamano-grande-1024x682.jpeg","datePublished":"2023-11-28T00:21:40+00:00","dateModified":"2025-11-11T16:52:57+00:00","breadcrumb":{"@id":"https:\/\/festivalpublicatessen.com\/index.php\/comunicacion\/#breadcrumb"},"inLanguage":"es","potentialAction":[{"@type":"ReadAction","target":["https:\/\/festivalpublicatessen.com\/index.php\/comunicacion\/"]}]},{"@type":"ImageObject","inLanguage":"es","@id":"https:\/\/festivalpublicatessen.com\/index.php\/comunicacion\/#primaryimage","url":"https:\/\/festivalpublicatessen.com\/wp-content\/uploads\/2025\/11\/F1A7930-en-tamano-grande.jpeg","contentUrl":"https:\/\/festivalpublicatessen.com\/wp-content\/uploads\/2025\/11\/F1A7930-en-tamano-grande.jpeg","width":1280,"height":853},{"@type":"BreadcrumbList","@id":"https:\/\/festivalpublicatessen.com\/index.php\/comunicacion\/#breadcrumb","itemListElement":[{"@type":"ListItem","position":1,"name":"Portada","item":"https:\/\/festivalpublicatessen.com\/"},{"@type":"ListItem","position":2,"name":"COMUNICACI\u00d3N"}]},{"@type":"WebSite","@id":"https:\/\/festivalpublicatessen.com\/#website","url":"https:\/\/festivalpublicatessen.com\/","name":"PUBLICATESSEN XVI","description":"Festival Internacional Universitario de Publicidad","publisher":{"@id":"https:\/\/festivalpublicatessen.com\/#organization"},"potentialAction":[{"@type":"SearchAction","target":{"@type":"EntryPoint","urlTemplate":"https:\/\/festivalpublicatessen.com\/?s={search_term_string}"},"query-input":{"@type":"PropertyValueSpecification","valueRequired":true,"valueName":"search_term_string"}}],"inLanguage":"es"},{"@type":"Organization","@id":"https:\/\/festivalpublicatessen.com\/#organization","name":"PUBLICATESSEN XVI","url":"https:\/\/festivalpublicatessen.com\/","logo":{"@type":"ImageObject","inLanguage":"es","@id":"https:\/\/festivalpublicatessen.com\/#\/schema\/logo\/image\/","url":"https:\/\/festivalpublicatessen.com\/wp-content\/uploads\/2026\/02\/logomarca-interna-01_sin-fondo.png","contentUrl":"https:\/\/festivalpublicatessen.com\/wp-content\/uploads\/2026\/02\/logomarca-interna-01_sin-fondo.png","width":4472,"height":4833,"caption":"PUBLICATESSEN XVI"},"image":{"@id":"https:\/\/festivalpublicatessen.com\/#\/schema\/logo\/image\/"},"sameAs":["https:\/\/x.com\/publicatessen","https:\/\/www.instagram.com\/publicatessen\/"]}]}},"_links":{"self":[{"href":"https:\/\/festivalpublicatessen.com\/index.php\/wp-json\/wp\/v2\/pages\/98"}],"collection":[{"href":"https:\/\/festivalpublicatessen.com\/index.php\/wp-json\/wp\/v2\/pages"}],"about":[{"href":"https:\/\/festivalpublicatessen.com\/index.php\/wp-json\/wp\/v2\/types\/page"}],"author":[{"embeddable":true,"href":"https:\/\/festivalpublicatessen.com\/index.php\/wp-json\/wp\/v2\/users\/1"}],"replies":[{"embeddable":true,"href":"https:\/\/festivalpublicatessen.com\/index.php\/wp-json\/wp\/v2\/comments?post=98"}],"version-history":[{"count":10,"href":"https:\/\/festivalpublicatessen.com\/index.php\/wp-json\/wp\/v2\/pages\/98\/revisions"}],"predecessor-version":[{"id":927,"href":"https:\/\/festivalpublicatessen.com\/index.php\/wp-json\/wp\/v2\/pages\/98\/revisions\/927"}],"wp:attachment":[{"href":"https:\/\/festivalpublicatessen.com\/index.php\/wp-json\/wp\/v2\/media?parent=98"}],"curies":[{"name":"wp","href":"https:\/\/api.w.org\/{rel}","templated":true}]}}