{"id":91,"date":"2023-11-27T23:58:14","date_gmt":"2023-11-27T23:58:14","guid":{"rendered":"http:\/\/radioglorfa.ddns.net:9180\/wordpress\/?page_id=91"},"modified":"2024-02-20T18:10:52","modified_gmt":"2024-02-20T17:10:52","slug":"historia","status":"publish","type":"page","link":"https:\/\/festivalpublicatessen.com\/index.php\/historia\/","title":{"rendered":"HISTORIA"},"content":{"rendered":"\n<p class=\"has-background\" style=\"background:linear-gradient(135deg,rgb(6,147,227) 0%,rgba(15,15,15,0.5) 0%)\">Publicatessen nace como la continuidad y prolongaci\u00f3n de la Semana de la publicidad, una iniciativa \u00fanica en el campo universitario espa\u00f1ol&nbsp; hace m\u00e1s de 15 a\u00f1os.<\/p>\n\n\n\n<p class=\"has-background\" style=\"background:linear-gradient(135deg,rgb(6,147,227) 0%,rgba(15,15,15,0.5) 0%)\">Es as\u00ed que en el a\u00f1o 2009, los miembros de la 4\u00ba promoci\u00f3n decidieron dar un paso hacia adelante y formalizar esas actividades que se realizaban conform\u00e1ndose un festival universitario, pretendiendo afianzar la importancia de este acto y asegurando una continuidad y un prestigio mayor del que hasta entonces se hab\u00edan conseguido, naciendo la primera edici\u00f3n de Publicatessen,.<\/p>\n\n\n\n<p class=\"has-background\" style=\"background:linear-gradient(135deg,rgb(6,147,227) 0%,rgba(15,15,15,0.5) 0%)\">Este 2023, por todo lo que ha sido, el festival ha contado con una nueva categor\u00eda, el cu\u00e1l es la liga de publicatessen, donde se ha de competir contra otras universidades para as\u00ed poder dar m\u00e1s a conocer la marca publicatessen en el estado.<\/p>\n","protected":false},"excerpt":{"rendered":"<p>Publicatessen nace como la continuidad y prolongaci\u00f3n de la Semana de la publicidad, una iniciativa \u00fanica en el campo universitario espa\u00f1ol&nbsp; hace m\u00e1s de 15 a\u00f1os. Es as\u00ed que en el a\u00f1o 2009, los miembros de la 4\u00ba promoci\u00f3n decidieron dar un paso hacia adelante y formalizar esas actividades que se realizaban conform\u00e1ndose un festival&hellip; <a class=\"more-link\" href=\"https:\/\/festivalpublicatessen.com\/index.php\/historia\/\">Seguir leyendo <span class=\"screen-reader-text\">HISTORIA<\/span><\/a><\/p>\n","protected":false},"author":1,"featured_media":0,"parent":0,"menu_order":0,"comment_status":"closed","ping_status":"closed","template":"","meta":{"footnotes":""},"class_list":["post-91","page","type-page","status-publish","hentry","entry"],"yoast_head":"<!-- This site is optimized with the Yoast SEO plugin v24.0 - https:\/\/yoast.com\/wordpress\/plugins\/seo\/ -->\n<title>HISTORIA - PUBLICATESSEN XVIII<\/title>\n<meta name=\"robots\" content=\"index, follow, max-snippet:-1, max-image-preview:large, max-video-preview:-1\" \/>\n<link rel=\"canonical\" href=\"https:\/\/festivalpublicatessen.com\/index.php\/historia\/\" \/>\n<meta property=\"og:locale\" content=\"es_ES\" \/>\n<meta property=\"og:type\" content=\"article\" \/>\n<meta property=\"og:title\" content=\"HISTORIA - PUBLICATESSEN XVIII\" \/>\n<meta property=\"og:description\" content=\"Publicatessen nace como la continuidad y prolongaci\u00f3n de la Semana de la publicidad, una iniciativa \u00fanica en el campo universitario espa\u00f1ol&nbsp; hace m\u00e1s de 15 a\u00f1os. Es as\u00ed que en el a\u00f1o 2009, los miembros de la 4\u00ba promoci\u00f3n decidieron dar un paso hacia adelante y formalizar esas actividades que se realizaban conform\u00e1ndose un festival&hellip; Seguir leyendo HISTORIA\" \/>\n<meta property=\"og:url\" content=\"https:\/\/festivalpublicatessen.com\/index.php\/historia\/\" \/>\n<meta property=\"og:site_name\" content=\"PUBLICATESSEN XVIII\" \/>\n<meta property=\"article:modified_time\" content=\"2024-02-20T17:10:52+00:00\" \/>\n<meta name=\"twitter:card\" content=\"summary_large_image\" \/>\n<meta name=\"twitter:site\" content=\"@publicatessen\" \/>\n<meta name=\"twitter:label1\" content=\"Tiempo de lectura\" \/>\n\t<meta name=\"twitter:data1\" content=\"1 minuto\" \/>\n<script type=\"application\/ld+json\" class=\"yoast-schema-graph\">{\"@context\":\"https:\/\/schema.org\",\"@graph\":[{\"@type\":\"WebPage\",\"@id\":\"https:\/\/festivalpublicatessen.com\/index.php\/historia\/\",\"url\":\"https:\/\/festivalpublicatessen.com\/index.php\/historia\/\",\"name\":\"HISTORIA - PUBLICATESSEN XVIII\",\"isPartOf\":{\"@id\":\"https:\/\/festivalpublicatessen.com\/#website\"},\"datePublished\":\"2023-11-27T23:58:14+00:00\",\"dateModified\":\"2024-02-20T17:10:52+00:00\",\"breadcrumb\":{\"@id\":\"https:\/\/festivalpublicatessen.com\/index.php\/historia\/#breadcrumb\"},\"inLanguage\":\"es\",\"potentialAction\":[{\"@type\":\"ReadAction\",\"target\":[\"https:\/\/festivalpublicatessen.com\/index.php\/historia\/\"]}]},{\"@type\":\"BreadcrumbList\",\"@id\":\"https:\/\/festivalpublicatessen.com\/index.php\/historia\/#breadcrumb\",\"itemListElement\":[{\"@type\":\"ListItem\",\"position\":1,\"name\":\"Portada\",\"item\":\"https:\/\/festivalpublicatessen.com\/\"},{\"@type\":\"ListItem\",\"position\":2,\"name\":\"HISTORIA\"}]},{\"@type\":\"WebSite\",\"@id\":\"https:\/\/festivalpublicatessen.com\/#website\",\"url\":\"https:\/\/festivalpublicatessen.com\/\",\"name\":\"PUBLICATESSEN XVI\",\"description\":\"Festival Internacional Universitario de Publicidad\",\"publisher\":{\"@id\":\"https:\/\/festivalpublicatessen.com\/#organization\"},\"potentialAction\":[{\"@type\":\"SearchAction\",\"target\":{\"@type\":\"EntryPoint\",\"urlTemplate\":\"https:\/\/festivalpublicatessen.com\/?s={search_term_string}\"},\"query-input\":{\"@type\":\"PropertyValueSpecification\",\"valueRequired\":true,\"valueName\":\"search_term_string\"}}],\"inLanguage\":\"es\"},{\"@type\":\"Organization\",\"@id\":\"https:\/\/festivalpublicatessen.com\/#organization\",\"name\":\"PUBLICATESSEN XVI\",\"url\":\"https:\/\/festivalpublicatessen.com\/\",\"logo\":{\"@type\":\"ImageObject\",\"inLanguage\":\"es\",\"@id\":\"https:\/\/festivalpublicatessen.com\/#\/schema\/logo\/image\/\",\"url\":\"https:\/\/festivalpublicatessen.com\/wp-content\/uploads\/2026\/02\/logomarca-interna-01_sin-fondo.png\",\"contentUrl\":\"https:\/\/festivalpublicatessen.com\/wp-content\/uploads\/2026\/02\/logomarca-interna-01_sin-fondo.png\",\"width\":4472,\"height\":4833,\"caption\":\"PUBLICATESSEN XVI\"},\"image\":{\"@id\":\"https:\/\/festivalpublicatessen.com\/#\/schema\/logo\/image\/\"},\"sameAs\":[\"https:\/\/x.com\/publicatessen\",\"https:\/\/www.instagram.com\/publicatessen\/\"]}]}<\/script>\n<!-- \/ Yoast SEO plugin. -->","yoast_head_json":{"title":"HISTORIA - PUBLICATESSEN XVIII","robots":{"index":"index","follow":"follow","max-snippet":"max-snippet:-1","max-image-preview":"max-image-preview:large","max-video-preview":"max-video-preview:-1"},"canonical":"https:\/\/festivalpublicatessen.com\/index.php\/historia\/","og_locale":"es_ES","og_type":"article","og_title":"HISTORIA - PUBLICATESSEN XVIII","og_description":"Publicatessen nace como la continuidad y prolongaci\u00f3n de la Semana de la publicidad, una iniciativa \u00fanica en el campo universitario espa\u00f1ol&nbsp; hace m\u00e1s de 15 a\u00f1os. Es as\u00ed que en el a\u00f1o 2009, los miembros de la 4\u00ba promoci\u00f3n decidieron dar un paso hacia adelante y formalizar esas actividades que se realizaban conform\u00e1ndose un festival&hellip; Seguir leyendo HISTORIA","og_url":"https:\/\/festivalpublicatessen.com\/index.php\/historia\/","og_site_name":"PUBLICATESSEN XVIII","article_modified_time":"2024-02-20T17:10:52+00:00","twitter_card":"summary_large_image","twitter_site":"@publicatessen","twitter_misc":{"Tiempo de lectura":"1 minuto"},"schema":{"@context":"https:\/\/schema.org","@graph":[{"@type":"WebPage","@id":"https:\/\/festivalpublicatessen.com\/index.php\/historia\/","url":"https:\/\/festivalpublicatessen.com\/index.php\/historia\/","name":"HISTORIA - PUBLICATESSEN XVIII","isPartOf":{"@id":"https:\/\/festivalpublicatessen.com\/#website"},"datePublished":"2023-11-27T23:58:14+00:00","dateModified":"2024-02-20T17:10:52+00:00","breadcrumb":{"@id":"https:\/\/festivalpublicatessen.com\/index.php\/historia\/#breadcrumb"},"inLanguage":"es","potentialAction":[{"@type":"ReadAction","target":["https:\/\/festivalpublicatessen.com\/index.php\/historia\/"]}]},{"@type":"BreadcrumbList","@id":"https:\/\/festivalpublicatessen.com\/index.php\/historia\/#breadcrumb","itemListElement":[{"@type":"ListItem","position":1,"name":"Portada","item":"https:\/\/festivalpublicatessen.com\/"},{"@type":"ListItem","position":2,"name":"HISTORIA"}]},{"@type":"WebSite","@id":"https:\/\/festivalpublicatessen.com\/#website","url":"https:\/\/festivalpublicatessen.com\/","name":"PUBLICATESSEN XVI","description":"Festival Internacional Universitario de Publicidad","publisher":{"@id":"https:\/\/festivalpublicatessen.com\/#organization"},"potentialAction":[{"@type":"SearchAction","target":{"@type":"EntryPoint","urlTemplate":"https:\/\/festivalpublicatessen.com\/?s={search_term_string}"},"query-input":{"@type":"PropertyValueSpecification","valueRequired":true,"valueName":"search_term_string"}}],"inLanguage":"es"},{"@type":"Organization","@id":"https:\/\/festivalpublicatessen.com\/#organization","name":"PUBLICATESSEN XVI","url":"https:\/\/festivalpublicatessen.com\/","logo":{"@type":"ImageObject","inLanguage":"es","@id":"https:\/\/festivalpublicatessen.com\/#\/schema\/logo\/image\/","url":"https:\/\/festivalpublicatessen.com\/wp-content\/uploads\/2026\/02\/logomarca-interna-01_sin-fondo.png","contentUrl":"https:\/\/festivalpublicatessen.com\/wp-content\/uploads\/2026\/02\/logomarca-interna-01_sin-fondo.png","width":4472,"height":4833,"caption":"PUBLICATESSEN XVI"},"image":{"@id":"https:\/\/festivalpublicatessen.com\/#\/schema\/logo\/image\/"},"sameAs":["https:\/\/x.com\/publicatessen","https:\/\/www.instagram.com\/publicatessen\/"]}]}},"_links":{"self":[{"href":"https:\/\/festivalpublicatessen.com\/index.php\/wp-json\/wp\/v2\/pages\/91"}],"collection":[{"href":"https:\/\/festivalpublicatessen.com\/index.php\/wp-json\/wp\/v2\/pages"}],"about":[{"href":"https:\/\/festivalpublicatessen.com\/index.php\/wp-json\/wp\/v2\/types\/page"}],"author":[{"embeddable":true,"href":"https:\/\/festivalpublicatessen.com\/index.php\/wp-json\/wp\/v2\/users\/1"}],"replies":[{"embeddable":true,"href":"https:\/\/festivalpublicatessen.com\/index.php\/wp-json\/wp\/v2\/comments?post=91"}],"version-history":[{"count":2,"href":"https:\/\/festivalpublicatessen.com\/index.php\/wp-json\/wp\/v2\/pages\/91\/revisions"}],"predecessor-version":[{"id":271,"href":"https:\/\/festivalpublicatessen.com\/index.php\/wp-json\/wp\/v2\/pages\/91\/revisions\/271"}],"wp:attachment":[{"href":"https:\/\/festivalpublicatessen.com\/index.php\/wp-json\/wp\/v2\/media?parent=91"}],"curies":[{"name":"wp","href":"https:\/\/api.w.org\/{rel}","templated":true}]}}