{"id":79,"date":"2023-11-27T23:53:10","date_gmt":"2023-11-27T23:53:10","guid":{"rendered":"http:\/\/radioglorfa.ddns.net:9180\/wordpress\/?page_id=79"},"modified":"2025-11-11T17:58:53","modified_gmt":"2025-11-11T16:58:53","slug":"comunicacion-interna","status":"publish","type":"page","link":"https:\/\/festivalpublicatessen.com\/index.php\/comunicacion-interna\/","title":{"rendered":"COMUNICACI\u00d3N INTERNA"},"content":{"rendered":"\n<p class=\"has-background\" style=\"background:linear-gradient(135deg,rgb(6,147,227) 0%,rgba(15,15,15,0.5) 0%)\">Se encargan de realizar diferentes actividades de <em>team building <\/em>para fortalecer la relaci\u00f3n dentro de los departamentos y por ende, entre ellos. De esta forma, ayuda al flujo de la comunicaci\u00f3n del Festival.<\/p>\n\n\n\n<p class=\"has-background\" style=\"background:linear-gradient(135deg,rgb(6,147,227) 0%,rgba(15,15,15,0.5) 0%)\">A su vez, el departamento lleva a cabo el mantenimientos de la p\u00e1gina web del festival. Adem\u00e1s se encargan de estar pendientes de la gesti\u00f3n de la comunicaci\u00f3n entre departamentos.<\/p>\n\n\n\n<p class=\"has-background\" style=\"background:linear-gradient(135deg,rgb(6,147,227) 0%,rgba(15,15,15,0.5) 0%)\">Por \u00faltimo, tambi\u00e9n se encarga de realizar un anuario de la edici\u00f3n del Festival.<\/p>\n\n\n\n<p class=\"has-background\" style=\"background:linear-gradient(135deg,rgb(6,147,227) 0%,rgba(15,15,15,0.5) 0%)\">Os presentamos al equipo de Comunicaci\u00f3n Interna de este a\u00f1o. A la izquierda Gadea Gonz\u00e1lez Bl\u00e1zquez (subcoordinadora) y a la derecha Rafaela D\u00edez Fern\u00e1ndez (coordinadora).<\/p>\n\n\n\n<figure class=\"wp-block-image size-large\"><img loading=\"lazy\" decoding=\"async\" width=\"1024\" height=\"682\" src=\"https:\/\/festivalpublicatessen.com\/wp-content\/uploads\/2025\/11\/F1A7995-en-tamano-grande-1024x682.jpeg\" alt=\"\" class=\"wp-image-928\" srcset=\"https:\/\/festivalpublicatessen.com\/wp-content\/uploads\/2025\/11\/F1A7995-en-tamano-grande-1024x682.jpeg 1024w, https:\/\/festivalpublicatessen.com\/wp-content\/uploads\/2025\/11\/F1A7995-en-tamano-grande-300x200.jpeg 300w, https:\/\/festivalpublicatessen.com\/wp-content\/uploads\/2025\/11\/F1A7995-en-tamano-grande-768x512.jpeg 768w, https:\/\/festivalpublicatessen.com\/wp-content\/uploads\/2025\/11\/F1A7995-en-tamano-grande.jpeg 1280w\" sizes=\"(max-width: 1024px) 100vw, 1024px\" \/><\/figure>\n\n\n\n<figure class=\"wp-block-image size-large is-resized\"><img loading=\"lazy\" decoding=\"async\" width=\"1159\" height=\"773\" src=\"https:\/\/festivalpublicatessen.com\/wp-content\/uploads\/2025\/11\/F1A7986-en-tamano-grande-edited.jpeg\" alt=\"\" class=\"wp-image-931\" style=\"width:610px;height:auto\" srcset=\"https:\/\/festivalpublicatessen.com\/wp-content\/uploads\/2025\/11\/F1A7986-en-tamano-grande-edited.jpeg 1159w, https:\/\/festivalpublicatessen.com\/wp-content\/uploads\/2025\/11\/F1A7986-en-tamano-grande-edited-300x200.jpeg 300w, https:\/\/festivalpublicatessen.com\/wp-content\/uploads\/2025\/11\/F1A7986-en-tamano-grande-edited-1024x683.jpeg 1024w, https:\/\/festivalpublicatessen.com\/wp-content\/uploads\/2025\/11\/F1A7986-en-tamano-grande-edited-768x512.jpeg 768w\" sizes=\"(max-width: 1159px) 100vw, 1159px\" \/><\/figure>\n","protected":false},"excerpt":{"rendered":"<p>Se encargan de realizar diferentes actividades de team building para fortalecer la relaci\u00f3n dentro de los departamentos y por ende, entre ellos. De esta forma, ayuda al flujo de la comunicaci\u00f3n del Festival. A su vez, el departamento lleva a cabo el mantenimientos de la p\u00e1gina web del festival. Adem\u00e1s se encargan de estar pendientes&hellip; <a class=\"more-link\" href=\"https:\/\/festivalpublicatessen.com\/index.php\/comunicacion-interna\/\">Seguir leyendo <span class=\"screen-reader-text\">COMUNICACI\u00d3N INTERNA<\/span><\/a><\/p>\n","protected":false},"author":1,"featured_media":0,"parent":0,"menu_order":0,"comment_status":"closed","ping_status":"closed","template":"","meta":{"footnotes":""},"class_list":["post-79","page","type-page","status-publish","hentry","entry"],"yoast_head":"<!-- This site is optimized with the Yoast SEO plugin v24.0 - https:\/\/yoast.com\/wordpress\/plugins\/seo\/ -->\n<title>COMUNICACI\u00d3N INTERNA - PUBLICATESSEN XVIII<\/title>\n<meta name=\"robots\" content=\"index, follow, max-snippet:-1, max-image-preview:large, max-video-preview:-1\" \/>\n<link rel=\"canonical\" href=\"https:\/\/festivalpublicatessen.com\/index.php\/comunicacion-interna\/\" \/>\n<meta property=\"og:locale\" content=\"es_ES\" \/>\n<meta property=\"og:type\" content=\"article\" \/>\n<meta property=\"og:title\" content=\"COMUNICACI\u00d3N INTERNA - PUBLICATESSEN XVIII\" \/>\n<meta property=\"og:description\" content=\"Se encargan de realizar diferentes actividades de team building para fortalecer la relaci\u00f3n dentro de los departamentos y por ende, entre ellos. De esta forma, ayuda al flujo de la comunicaci\u00f3n del Festival. A su vez, el departamento lleva a cabo el mantenimientos de la p\u00e1gina web del festival. Adem\u00e1s se encargan de estar pendientes&hellip; Seguir leyendo COMUNICACI\u00d3N INTERNA\" \/>\n<meta property=\"og:url\" content=\"https:\/\/festivalpublicatessen.com\/index.php\/comunicacion-interna\/\" \/>\n<meta property=\"og:site_name\" content=\"PUBLICATESSEN XVIII\" \/>\n<meta property=\"article:modified_time\" content=\"2025-11-11T16:58:53+00:00\" \/>\n<meta property=\"og:image\" content=\"https:\/\/festivalpublicatessen.com\/wp-content\/uploads\/2025\/11\/F1A7995-en-tamano-grande.jpeg\" \/>\n\t<meta property=\"og:image:width\" content=\"1280\" \/>\n\t<meta property=\"og:image:height\" content=\"853\" \/>\n\t<meta property=\"og:image:type\" content=\"image\/jpeg\" \/>\n<meta name=\"twitter:card\" content=\"summary_large_image\" \/>\n<meta name=\"twitter:site\" content=\"@publicatessen\" \/>\n<meta name=\"twitter:label1\" content=\"Tiempo de lectura\" \/>\n\t<meta name=\"twitter:data1\" content=\"1 minuto\" \/>\n<script type=\"application\/ld+json\" class=\"yoast-schema-graph\">{\"@context\":\"https:\/\/schema.org\",\"@graph\":[{\"@type\":\"WebPage\",\"@id\":\"https:\/\/festivalpublicatessen.com\/index.php\/comunicacion-interna\/\",\"url\":\"https:\/\/festivalpublicatessen.com\/index.php\/comunicacion-interna\/\",\"name\":\"COMUNICACI\u00d3N INTERNA - PUBLICATESSEN XVIII\",\"isPartOf\":{\"@id\":\"https:\/\/festivalpublicatessen.com\/#website\"},\"primaryImageOfPage\":{\"@id\":\"https:\/\/festivalpublicatessen.com\/index.php\/comunicacion-interna\/#primaryimage\"},\"image\":{\"@id\":\"https:\/\/festivalpublicatessen.com\/index.php\/comunicacion-interna\/#primaryimage\"},\"thumbnailUrl\":\"https:\/\/festivalpublicatessen.com\/wp-content\/uploads\/2025\/11\/F1A7995-en-tamano-grande-1024x682.jpeg\",\"datePublished\":\"2023-11-27T23:53:10+00:00\",\"dateModified\":\"2025-11-11T16:58:53+00:00\",\"breadcrumb\":{\"@id\":\"https:\/\/festivalpublicatessen.com\/index.php\/comunicacion-interna\/#breadcrumb\"},\"inLanguage\":\"es\",\"potentialAction\":[{\"@type\":\"ReadAction\",\"target\":[\"https:\/\/festivalpublicatessen.com\/index.php\/comunicacion-interna\/\"]}]},{\"@type\":\"ImageObject\",\"inLanguage\":\"es\",\"@id\":\"https:\/\/festivalpublicatessen.com\/index.php\/comunicacion-interna\/#primaryimage\",\"url\":\"https:\/\/festivalpublicatessen.com\/wp-content\/uploads\/2025\/11\/F1A7995-en-tamano-grande.jpeg\",\"contentUrl\":\"https:\/\/festivalpublicatessen.com\/wp-content\/uploads\/2025\/11\/F1A7995-en-tamano-grande.jpeg\",\"width\":1280,\"height\":853},{\"@type\":\"BreadcrumbList\",\"@id\":\"https:\/\/festivalpublicatessen.com\/index.php\/comunicacion-interna\/#breadcrumb\",\"itemListElement\":[{\"@type\":\"ListItem\",\"position\":1,\"name\":\"Portada\",\"item\":\"https:\/\/festivalpublicatessen.com\/\"},{\"@type\":\"ListItem\",\"position\":2,\"name\":\"COMUNICACI\u00d3N INTERNA\"}]},{\"@type\":\"WebSite\",\"@id\":\"https:\/\/festivalpublicatessen.com\/#website\",\"url\":\"https:\/\/festivalpublicatessen.com\/\",\"name\":\"PUBLICATESSEN XVI\",\"description\":\"Festival Internacional Universitario de Publicidad\",\"publisher\":{\"@id\":\"https:\/\/festivalpublicatessen.com\/#organization\"},\"potentialAction\":[{\"@type\":\"SearchAction\",\"target\":{\"@type\":\"EntryPoint\",\"urlTemplate\":\"https:\/\/festivalpublicatessen.com\/?s={search_term_string}\"},\"query-input\":{\"@type\":\"PropertyValueSpecification\",\"valueRequired\":true,\"valueName\":\"search_term_string\"}}],\"inLanguage\":\"es\"},{\"@type\":\"Organization\",\"@id\":\"https:\/\/festivalpublicatessen.com\/#organization\",\"name\":\"PUBLICATESSEN XVI\",\"url\":\"https:\/\/festivalpublicatessen.com\/\",\"logo\":{\"@type\":\"ImageObject\",\"inLanguage\":\"es\",\"@id\":\"https:\/\/festivalpublicatessen.com\/#\/schema\/logo\/image\/\",\"url\":\"https:\/\/festivalpublicatessen.com\/wp-content\/uploads\/2026\/02\/logomarca-interna-01_sin-fondo.png\",\"contentUrl\":\"https:\/\/festivalpublicatessen.com\/wp-content\/uploads\/2026\/02\/logomarca-interna-01_sin-fondo.png\",\"width\":4472,\"height\":4833,\"caption\":\"PUBLICATESSEN XVI\"},\"image\":{\"@id\":\"https:\/\/festivalpublicatessen.com\/#\/schema\/logo\/image\/\"},\"sameAs\":[\"https:\/\/x.com\/publicatessen\",\"https:\/\/www.instagram.com\/publicatessen\/\"]}]}<\/script>\n<!-- \/ Yoast SEO plugin. -->","yoast_head_json":{"title":"COMUNICACI\u00d3N INTERNA - PUBLICATESSEN XVIII","robots":{"index":"index","follow":"follow","max-snippet":"max-snippet:-1","max-image-preview":"max-image-preview:large","max-video-preview":"max-video-preview:-1"},"canonical":"https:\/\/festivalpublicatessen.com\/index.php\/comunicacion-interna\/","og_locale":"es_ES","og_type":"article","og_title":"COMUNICACI\u00d3N INTERNA - PUBLICATESSEN XVIII","og_description":"Se encargan de realizar diferentes actividades de team building para fortalecer la relaci\u00f3n dentro de los departamentos y por ende, entre ellos. De esta forma, ayuda al flujo de la comunicaci\u00f3n del Festival. A su vez, el departamento lleva a cabo el mantenimientos de la p\u00e1gina web del festival. Adem\u00e1s se encargan de estar pendientes&hellip; Seguir leyendo COMUNICACI\u00d3N INTERNA","og_url":"https:\/\/festivalpublicatessen.com\/index.php\/comunicacion-interna\/","og_site_name":"PUBLICATESSEN XVIII","article_modified_time":"2025-11-11T16:58:53+00:00","og_image":[{"width":1280,"height":853,"url":"https:\/\/festivalpublicatessen.com\/wp-content\/uploads\/2025\/11\/F1A7995-en-tamano-grande.jpeg","type":"image\/jpeg"}],"twitter_card":"summary_large_image","twitter_site":"@publicatessen","twitter_misc":{"Tiempo de lectura":"1 minuto"},"schema":{"@context":"https:\/\/schema.org","@graph":[{"@type":"WebPage","@id":"https:\/\/festivalpublicatessen.com\/index.php\/comunicacion-interna\/","url":"https:\/\/festivalpublicatessen.com\/index.php\/comunicacion-interna\/","name":"COMUNICACI\u00d3N INTERNA - PUBLICATESSEN XVIII","isPartOf":{"@id":"https:\/\/festivalpublicatessen.com\/#website"},"primaryImageOfPage":{"@id":"https:\/\/festivalpublicatessen.com\/index.php\/comunicacion-interna\/#primaryimage"},"image":{"@id":"https:\/\/festivalpublicatessen.com\/index.php\/comunicacion-interna\/#primaryimage"},"thumbnailUrl":"https:\/\/festivalpublicatessen.com\/wp-content\/uploads\/2025\/11\/F1A7995-en-tamano-grande-1024x682.jpeg","datePublished":"2023-11-27T23:53:10+00:00","dateModified":"2025-11-11T16:58:53+00:00","breadcrumb":{"@id":"https:\/\/festivalpublicatessen.com\/index.php\/comunicacion-interna\/#breadcrumb"},"inLanguage":"es","potentialAction":[{"@type":"ReadAction","target":["https:\/\/festivalpublicatessen.com\/index.php\/comunicacion-interna\/"]}]},{"@type":"ImageObject","inLanguage":"es","@id":"https:\/\/festivalpublicatessen.com\/index.php\/comunicacion-interna\/#primaryimage","url":"https:\/\/festivalpublicatessen.com\/wp-content\/uploads\/2025\/11\/F1A7995-en-tamano-grande.jpeg","contentUrl":"https:\/\/festivalpublicatessen.com\/wp-content\/uploads\/2025\/11\/F1A7995-en-tamano-grande.jpeg","width":1280,"height":853},{"@type":"BreadcrumbList","@id":"https:\/\/festivalpublicatessen.com\/index.php\/comunicacion-interna\/#breadcrumb","itemListElement":[{"@type":"ListItem","position":1,"name":"Portada","item":"https:\/\/festivalpublicatessen.com\/"},{"@type":"ListItem","position":2,"name":"COMUNICACI\u00d3N INTERNA"}]},{"@type":"WebSite","@id":"https:\/\/festivalpublicatessen.com\/#website","url":"https:\/\/festivalpublicatessen.com\/","name":"PUBLICATESSEN XVI","description":"Festival Internacional Universitario de Publicidad","publisher":{"@id":"https:\/\/festivalpublicatessen.com\/#organization"},"potentialAction":[{"@type":"SearchAction","target":{"@type":"EntryPoint","urlTemplate":"https:\/\/festivalpublicatessen.com\/?s={search_term_string}"},"query-input":{"@type":"PropertyValueSpecification","valueRequired":true,"valueName":"search_term_string"}}],"inLanguage":"es"},{"@type":"Organization","@id":"https:\/\/festivalpublicatessen.com\/#organization","name":"PUBLICATESSEN XVI","url":"https:\/\/festivalpublicatessen.com\/","logo":{"@type":"ImageObject","inLanguage":"es","@id":"https:\/\/festivalpublicatessen.com\/#\/schema\/logo\/image\/","url":"https:\/\/festivalpublicatessen.com\/wp-content\/uploads\/2026\/02\/logomarca-interna-01_sin-fondo.png","contentUrl":"https:\/\/festivalpublicatessen.com\/wp-content\/uploads\/2026\/02\/logomarca-interna-01_sin-fondo.png","width":4472,"height":4833,"caption":"PUBLICATESSEN XVI"},"image":{"@id":"https:\/\/festivalpublicatessen.com\/#\/schema\/logo\/image\/"},"sameAs":["https:\/\/x.com\/publicatessen","https:\/\/www.instagram.com\/publicatessen\/"]}]}},"_links":{"self":[{"href":"https:\/\/festivalpublicatessen.com\/index.php\/wp-json\/wp\/v2\/pages\/79"}],"collection":[{"href":"https:\/\/festivalpublicatessen.com\/index.php\/wp-json\/wp\/v2\/pages"}],"about":[{"href":"https:\/\/festivalpublicatessen.com\/index.php\/wp-json\/wp\/v2\/types\/page"}],"author":[{"embeddable":true,"href":"https:\/\/festivalpublicatessen.com\/index.php\/wp-json\/wp\/v2\/users\/1"}],"replies":[{"embeddable":true,"href":"https:\/\/festivalpublicatessen.com\/index.php\/wp-json\/wp\/v2\/comments?post=79"}],"version-history":[{"count":15,"href":"https:\/\/festivalpublicatessen.com\/index.php\/wp-json\/wp\/v2\/pages\/79\/revisions"}],"predecessor-version":[{"id":932,"href":"https:\/\/festivalpublicatessen.com\/index.php\/wp-json\/wp\/v2\/pages\/79\/revisions\/932"}],"wp:attachment":[{"href":"https:\/\/festivalpublicatessen.com\/index.php\/wp-json\/wp\/v2\/media?parent=79"}],"curies":[{"name":"wp","href":"https:\/\/api.w.org\/{rel}","templated":true}]}}