{"id":69,"date":"2023-11-27T23:49:55","date_gmt":"2023-11-27T23:49:55","guid":{"rendered":"http:\/\/radioglorfa.ddns.net:9180\/wordpress\/?page_id=69"},"modified":"2025-11-12T19:28:11","modified_gmt":"2025-11-12T18:28:11","slug":"rsc","status":"publish","type":"page","link":"https:\/\/festivalpublicatessen.com\/index.php\/rsc\/","title":{"rendered":"RSC"},"content":{"rendered":"\n<p class=\"has-background\" style=\"background:linear-gradient(135deg,rgb(6,147,227) 0%,rgba(15,15,15,0.5) 0%)\">Este departamento nace con el objetivo de apoyar todas las acciones que realiza el Festival Publicatessen, ofreciendo un valor a\u00f1adido. Este marco no es otro que la ciudad de Segovia. Vincular el Festival con la ciudad, haciendo part\u00edcipes del mismo a todos los segovianos y segovianas. Con todo ello, el Festival Publicatessen se da m\u00e1s a conocer en la capital, llegando a m\u00e1s p\u00fablico, no solo universitario, de una forma responsable, devolviendo a Segovia todo el apoyo y cari\u00f1o que ofrece el Festival.&nbsp;<\/p>\n\n\n\n<p class=\"has-background\" style=\"background:linear-gradient(135deg,rgb(6,147,227) 0%,rgba(15,15,15,0.5) 0%)\">Con todo esto los objetivos de este departamento son los siguientes:<\/p>\n\n\n\n<ul class=\"wp-block-list\">\n<li style=\"background:linear-gradient(135deg,rgb(6,147,227) 0%,rgba(15,15,15,0.5) 0%)\">Objetivo medioambiental: Para ello trabajaremos por un festival, y unas actividades relacionadas con el mismo, de manera sostenible y respetuosa con el medioambiente.<\/li>\n\n\n\n<li style=\"background:linear-gradient(135deg,rgb(6,147,227) 0%,rgba(15,15,15,0.5) 0%)\">Objetivo Solidario: Recaudar fondos monetarios o materiales para fines ben\u00e9ficos y ofrecer recursos humanos para llevar a cabo acciones solidarias a trav\u00e9s de diferentes actividades a lo largo de todo el curso.<\/li>\n\n\n\n<li style=\"background:linear-gradient(135deg,rgb(6,147,227) 0%,rgba(15,15,15,0.5) 0%)\">Objetivo sociocultural: Crear acciones con entidades colaboradoras, ya sean asociaciones, fundaciones, colectivos, entidades deportivas, etc. Para trabajar junto a ellos de manera positiva y con un beneficio a la comunidad.<\/li>\n<\/ul>\n\n\n\n<p class=\"has-background\" style=\"background:linear-gradient(135deg,rgb(6,147,227) 0%,rgba(15,15,15,0.5) 0%)\">Os presentamos al equipo de RSC de este a\u00f1o. A la izquierda Raquel Vega Fidalgo (subcoordinadora) y a la derecha Beatriz Cardaba Gilarranz (coordinadora).<\/p>\n\n\n\n<figure class=\"wp-block-image size-large\"><img loading=\"lazy\" decoding=\"async\" width=\"1024\" height=\"682\" src=\"https:\/\/festivalpublicatessen.com\/wp-content\/uploads\/2025\/11\/F1A7724-en-tamano-grande-1024x682.jpeg\" alt=\"\" class=\"wp-image-958\" srcset=\"https:\/\/festivalpublicatessen.com\/wp-content\/uploads\/2025\/11\/F1A7724-en-tamano-grande-1024x682.jpeg 1024w, https:\/\/festivalpublicatessen.com\/wp-content\/uploads\/2025\/11\/F1A7724-en-tamano-grande-300x200.jpeg 300w, https:\/\/festivalpublicatessen.com\/wp-content\/uploads\/2025\/11\/F1A7724-en-tamano-grande-768x512.jpeg 768w, https:\/\/festivalpublicatessen.com\/wp-content\/uploads\/2025\/11\/F1A7724-en-tamano-grande.jpeg 1280w\" sizes=\"(max-width: 1024px) 100vw, 1024px\" \/><\/figure>\n\n\n\n<figure class=\"wp-block-image size-large\"><img loading=\"lazy\" decoding=\"async\" width=\"1024\" height=\"682\" src=\"https:\/\/festivalpublicatessen.com\/wp-content\/uploads\/2025\/11\/F1A7744-en-tamano-grande-1024x682.jpeg\" alt=\"\" class=\"wp-image-959\" srcset=\"https:\/\/festivalpublicatessen.com\/wp-content\/uploads\/2025\/11\/F1A7744-en-tamano-grande-1024x682.jpeg 1024w, https:\/\/festivalpublicatessen.com\/wp-content\/uploads\/2025\/11\/F1A7744-en-tamano-grande-300x200.jpeg 300w, https:\/\/festivalpublicatessen.com\/wp-content\/uploads\/2025\/11\/F1A7744-en-tamano-grande-768x512.jpeg 768w, https:\/\/festivalpublicatessen.com\/wp-content\/uploads\/2025\/11\/F1A7744-en-tamano-grande.jpeg 1280w\" sizes=\"(max-width: 1024px) 100vw, 1024px\" \/><\/figure>\n","protected":false},"excerpt":{"rendered":"<p>Este departamento nace con el objetivo de apoyar todas las acciones que realiza el Festival Publicatessen, ofreciendo un valor a\u00f1adido. Este marco no es otro que la ciudad de Segovia. Vincular el Festival con la ciudad, haciendo part\u00edcipes del mismo a todos los segovianos y segovianas. Con todo ello, el Festival Publicatessen se da m\u00e1s&hellip; <a class=\"more-link\" href=\"https:\/\/festivalpublicatessen.com\/index.php\/rsc\/\">Seguir leyendo <span class=\"screen-reader-text\">RSC<\/span><\/a><\/p>\n","protected":false},"author":1,"featured_media":0,"parent":0,"menu_order":0,"comment_status":"closed","ping_status":"closed","template":"","meta":{"footnotes":""},"class_list":["post-69","page","type-page","status-publish","hentry","entry"],"yoast_head":"<!-- This site is optimized with the Yoast SEO plugin v24.0 - https:\/\/yoast.com\/wordpress\/plugins\/seo\/ -->\n<title>RSC - PUBLICATESSEN XVIII<\/title>\n<meta name=\"robots\" content=\"index, follow, max-snippet:-1, max-image-preview:large, max-video-preview:-1\" \/>\n<link rel=\"canonical\" href=\"https:\/\/festivalpublicatessen.com\/index.php\/rsc\/\" \/>\n<meta property=\"og:locale\" content=\"es_ES\" \/>\n<meta property=\"og:type\" content=\"article\" \/>\n<meta property=\"og:title\" content=\"RSC - PUBLICATESSEN XVIII\" \/>\n<meta property=\"og:description\" content=\"Este departamento nace con el objetivo de apoyar todas las acciones que realiza el Festival Publicatessen, ofreciendo un valor a\u00f1adido. Este marco no es otro que la ciudad de Segovia. Vincular el Festival con la ciudad, haciendo part\u00edcipes del mismo a todos los segovianos y segovianas. Con todo ello, el Festival Publicatessen se da m\u00e1s&hellip; Seguir leyendo RSC\" \/>\n<meta property=\"og:url\" content=\"https:\/\/festivalpublicatessen.com\/index.php\/rsc\/\" \/>\n<meta property=\"og:site_name\" content=\"PUBLICATESSEN XVIII\" \/>\n<meta property=\"article:modified_time\" content=\"2025-11-12T18:28:11+00:00\" \/>\n<meta property=\"og:image\" content=\"https:\/\/festivalpublicatessen.com\/wp-content\/uploads\/2025\/11\/F1A7724-en-tamano-grande.jpeg\" \/>\n\t<meta property=\"og:image:width\" content=\"1280\" \/>\n\t<meta property=\"og:image:height\" content=\"853\" \/>\n\t<meta property=\"og:image:type\" content=\"image\/jpeg\" \/>\n<meta name=\"twitter:card\" content=\"summary_large_image\" \/>\n<meta name=\"twitter:site\" content=\"@publicatessen\" \/>\n<meta name=\"twitter:label1\" content=\"Tiempo de lectura\" \/>\n\t<meta name=\"twitter:data1\" content=\"2 minutos\" \/>\n<script type=\"application\/ld+json\" class=\"yoast-schema-graph\">{\"@context\":\"https:\/\/schema.org\",\"@graph\":[{\"@type\":\"WebPage\",\"@id\":\"https:\/\/festivalpublicatessen.com\/index.php\/rsc\/\",\"url\":\"https:\/\/festivalpublicatessen.com\/index.php\/rsc\/\",\"name\":\"RSC - PUBLICATESSEN XVIII\",\"isPartOf\":{\"@id\":\"https:\/\/festivalpublicatessen.com\/#website\"},\"primaryImageOfPage\":{\"@id\":\"https:\/\/festivalpublicatessen.com\/index.php\/rsc\/#primaryimage\"},\"image\":{\"@id\":\"https:\/\/festivalpublicatessen.com\/index.php\/rsc\/#primaryimage\"},\"thumbnailUrl\":\"https:\/\/festivalpublicatessen.com\/wp-content\/uploads\/2025\/11\/F1A7724-en-tamano-grande-1024x682.jpeg\",\"datePublished\":\"2023-11-27T23:49:55+00:00\",\"dateModified\":\"2025-11-12T18:28:11+00:00\",\"breadcrumb\":{\"@id\":\"https:\/\/festivalpublicatessen.com\/index.php\/rsc\/#breadcrumb\"},\"inLanguage\":\"es\",\"potentialAction\":[{\"@type\":\"ReadAction\",\"target\":[\"https:\/\/festivalpublicatessen.com\/index.php\/rsc\/\"]}]},{\"@type\":\"ImageObject\",\"inLanguage\":\"es\",\"@id\":\"https:\/\/festivalpublicatessen.com\/index.php\/rsc\/#primaryimage\",\"url\":\"https:\/\/festivalpublicatessen.com\/wp-content\/uploads\/2025\/11\/F1A7724-en-tamano-grande.jpeg\",\"contentUrl\":\"https:\/\/festivalpublicatessen.com\/wp-content\/uploads\/2025\/11\/F1A7724-en-tamano-grande.jpeg\",\"width\":1280,\"height\":853},{\"@type\":\"BreadcrumbList\",\"@id\":\"https:\/\/festivalpublicatessen.com\/index.php\/rsc\/#breadcrumb\",\"itemListElement\":[{\"@type\":\"ListItem\",\"position\":1,\"name\":\"Portada\",\"item\":\"https:\/\/festivalpublicatessen.com\/\"},{\"@type\":\"ListItem\",\"position\":2,\"name\":\"RSC\"}]},{\"@type\":\"WebSite\",\"@id\":\"https:\/\/festivalpublicatessen.com\/#website\",\"url\":\"https:\/\/festivalpublicatessen.com\/\",\"name\":\"PUBLICATESSEN XVI\",\"description\":\"Festival Internacional Universitario de Publicidad\",\"publisher\":{\"@id\":\"https:\/\/festivalpublicatessen.com\/#organization\"},\"potentialAction\":[{\"@type\":\"SearchAction\",\"target\":{\"@type\":\"EntryPoint\",\"urlTemplate\":\"https:\/\/festivalpublicatessen.com\/?s={search_term_string}\"},\"query-input\":{\"@type\":\"PropertyValueSpecification\",\"valueRequired\":true,\"valueName\":\"search_term_string\"}}],\"inLanguage\":\"es\"},{\"@type\":\"Organization\",\"@id\":\"https:\/\/festivalpublicatessen.com\/#organization\",\"name\":\"PUBLICATESSEN XVI\",\"url\":\"https:\/\/festivalpublicatessen.com\/\",\"logo\":{\"@type\":\"ImageObject\",\"inLanguage\":\"es\",\"@id\":\"https:\/\/festivalpublicatessen.com\/#\/schema\/logo\/image\/\",\"url\":\"https:\/\/festivalpublicatessen.com\/wp-content\/uploads\/2026\/02\/logomarca-interna-01_sin-fondo.png\",\"contentUrl\":\"https:\/\/festivalpublicatessen.com\/wp-content\/uploads\/2026\/02\/logomarca-interna-01_sin-fondo.png\",\"width\":4472,\"height\":4833,\"caption\":\"PUBLICATESSEN XVI\"},\"image\":{\"@id\":\"https:\/\/festivalpublicatessen.com\/#\/schema\/logo\/image\/\"},\"sameAs\":[\"https:\/\/x.com\/publicatessen\",\"https:\/\/www.instagram.com\/publicatessen\/\"]}]}<\/script>\n<!-- \/ Yoast SEO plugin. -->","yoast_head_json":{"title":"RSC - PUBLICATESSEN XVIII","robots":{"index":"index","follow":"follow","max-snippet":"max-snippet:-1","max-image-preview":"max-image-preview:large","max-video-preview":"max-video-preview:-1"},"canonical":"https:\/\/festivalpublicatessen.com\/index.php\/rsc\/","og_locale":"es_ES","og_type":"article","og_title":"RSC - PUBLICATESSEN XVIII","og_description":"Este departamento nace con el objetivo de apoyar todas las acciones que realiza el Festival Publicatessen, ofreciendo un valor a\u00f1adido. Este marco no es otro que la ciudad de Segovia. Vincular el Festival con la ciudad, haciendo part\u00edcipes del mismo a todos los segovianos y segovianas. Con todo ello, el Festival Publicatessen se da m\u00e1s&hellip; Seguir leyendo RSC","og_url":"https:\/\/festivalpublicatessen.com\/index.php\/rsc\/","og_site_name":"PUBLICATESSEN XVIII","article_modified_time":"2025-11-12T18:28:11+00:00","og_image":[{"width":1280,"height":853,"url":"https:\/\/festivalpublicatessen.com\/wp-content\/uploads\/2025\/11\/F1A7724-en-tamano-grande.jpeg","type":"image\/jpeg"}],"twitter_card":"summary_large_image","twitter_site":"@publicatessen","twitter_misc":{"Tiempo de lectura":"2 minutos"},"schema":{"@context":"https:\/\/schema.org","@graph":[{"@type":"WebPage","@id":"https:\/\/festivalpublicatessen.com\/index.php\/rsc\/","url":"https:\/\/festivalpublicatessen.com\/index.php\/rsc\/","name":"RSC - PUBLICATESSEN XVIII","isPartOf":{"@id":"https:\/\/festivalpublicatessen.com\/#website"},"primaryImageOfPage":{"@id":"https:\/\/festivalpublicatessen.com\/index.php\/rsc\/#primaryimage"},"image":{"@id":"https:\/\/festivalpublicatessen.com\/index.php\/rsc\/#primaryimage"},"thumbnailUrl":"https:\/\/festivalpublicatessen.com\/wp-content\/uploads\/2025\/11\/F1A7724-en-tamano-grande-1024x682.jpeg","datePublished":"2023-11-27T23:49:55+00:00","dateModified":"2025-11-12T18:28:11+00:00","breadcrumb":{"@id":"https:\/\/festivalpublicatessen.com\/index.php\/rsc\/#breadcrumb"},"inLanguage":"es","potentialAction":[{"@type":"ReadAction","target":["https:\/\/festivalpublicatessen.com\/index.php\/rsc\/"]}]},{"@type":"ImageObject","inLanguage":"es","@id":"https:\/\/festivalpublicatessen.com\/index.php\/rsc\/#primaryimage","url":"https:\/\/festivalpublicatessen.com\/wp-content\/uploads\/2025\/11\/F1A7724-en-tamano-grande.jpeg","contentUrl":"https:\/\/festivalpublicatessen.com\/wp-content\/uploads\/2025\/11\/F1A7724-en-tamano-grande.jpeg","width":1280,"height":853},{"@type":"BreadcrumbList","@id":"https:\/\/festivalpublicatessen.com\/index.php\/rsc\/#breadcrumb","itemListElement":[{"@type":"ListItem","position":1,"name":"Portada","item":"https:\/\/festivalpublicatessen.com\/"},{"@type":"ListItem","position":2,"name":"RSC"}]},{"@type":"WebSite","@id":"https:\/\/festivalpublicatessen.com\/#website","url":"https:\/\/festivalpublicatessen.com\/","name":"PUBLICATESSEN XVI","description":"Festival Internacional Universitario de Publicidad","publisher":{"@id":"https:\/\/festivalpublicatessen.com\/#organization"},"potentialAction":[{"@type":"SearchAction","target":{"@type":"EntryPoint","urlTemplate":"https:\/\/festivalpublicatessen.com\/?s={search_term_string}"},"query-input":{"@type":"PropertyValueSpecification","valueRequired":true,"valueName":"search_term_string"}}],"inLanguage":"es"},{"@type":"Organization","@id":"https:\/\/festivalpublicatessen.com\/#organization","name":"PUBLICATESSEN XVI","url":"https:\/\/festivalpublicatessen.com\/","logo":{"@type":"ImageObject","inLanguage":"es","@id":"https:\/\/festivalpublicatessen.com\/#\/schema\/logo\/image\/","url":"https:\/\/festivalpublicatessen.com\/wp-content\/uploads\/2026\/02\/logomarca-interna-01_sin-fondo.png","contentUrl":"https:\/\/festivalpublicatessen.com\/wp-content\/uploads\/2026\/02\/logomarca-interna-01_sin-fondo.png","width":4472,"height":4833,"caption":"PUBLICATESSEN XVI"},"image":{"@id":"https:\/\/festivalpublicatessen.com\/#\/schema\/logo\/image\/"},"sameAs":["https:\/\/x.com\/publicatessen","https:\/\/www.instagram.com\/publicatessen\/"]}]}},"_links":{"self":[{"href":"https:\/\/festivalpublicatessen.com\/index.php\/wp-json\/wp\/v2\/pages\/69"}],"collection":[{"href":"https:\/\/festivalpublicatessen.com\/index.php\/wp-json\/wp\/v2\/pages"}],"about":[{"href":"https:\/\/festivalpublicatessen.com\/index.php\/wp-json\/wp\/v2\/types\/page"}],"author":[{"embeddable":true,"href":"https:\/\/festivalpublicatessen.com\/index.php\/wp-json\/wp\/v2\/users\/1"}],"replies":[{"embeddable":true,"href":"https:\/\/festivalpublicatessen.com\/index.php\/wp-json\/wp\/v2\/comments?post=69"}],"version-history":[{"count":11,"href":"https:\/\/festivalpublicatessen.com\/index.php\/wp-json\/wp\/v2\/pages\/69\/revisions"}],"predecessor-version":[{"id":972,"href":"https:\/\/festivalpublicatessen.com\/index.php\/wp-json\/wp\/v2\/pages\/69\/revisions\/972"}],"wp:attachment":[{"href":"https:\/\/festivalpublicatessen.com\/index.php\/wp-json\/wp\/v2\/media?parent=69"}],"curies":[{"name":"wp","href":"https:\/\/api.w.org\/{rel}","templated":true}]}}