{"id":61,"date":"2023-11-27T19:42:08","date_gmt":"2023-11-27T19:42:08","guid":{"rendered":"http:\/\/radioglorfa.ddns.net:9180\/wordpress\/?page_id=61"},"modified":"2025-11-11T18:04:40","modified_gmt":"2025-11-11T17:04:40","slug":"gala","status":"publish","type":"page","link":"https:\/\/festivalpublicatessen.com\/index.php\/gala\/","title":{"rendered":"GALA"},"content":{"rendered":"\n<p class=\"has-background\" style=\"background:linear-gradient(135deg,rgba(15,15,15,0.5) 1%,rgba(15,15,15,0.5) 100%)\">La gala de Publicatessen es el broche final del Festival que tradicionalmente en a\u00f1os anteriores se ven\u00eda dando en el Teatro Juan Bravo, y que actualmente, se celebra en la nueva fase (Fase II) del Campus Mar\u00eda Zambrano en un sal\u00f3n de actos. A ella acuden diferentes personalidades de la ciudad, como son el Alcalde y el Consejero de Cultura, profesores de la Universidad, decano, rector y vicerrector entre otros.<\/p>\n\n\n\n<p class=\"has-background\" style=\"background:linear-gradient(135deg,rgba(15,15,15,0.5) 0%,rgba(15,15,15,0.5) 100%)\">Durante las jornadas, se realizan unos premios de diferentes categor\u00edas propuestas por diferentes empresas de Segovia junto con el departamento Gala, en donde los estudiantes de todos los cursos de Publicidad y Relaciones P\u00fablicas y del doble grado de Publicidad y Turismo pueden participar. El \u00faltimo d\u00eda de las jornadas, normalmente el jueves por la noche, se lleva a cabo esta Gala en donde se proyectan sus trabajos realizados y se premian a los ganadores con acuetruchos.<\/p>\n\n\n\n<p>Os presentamos al equipo de Gala de este a\u00f1o. A la izquierda el coordinador Daniel Mart\u00edn Mart\u00edn y a la derecha la subcoordinadora Luna Rold\u00e1n Su\u00e1rez.<\/p>\n\n\n\n<figure class=\"wp-block-image size-large\"><img loading=\"lazy\" decoding=\"async\" width=\"1024\" height=\"682\" src=\"https:\/\/festivalpublicatessen.com\/wp-content\/uploads\/2025\/11\/F1A7908-en-tamano-grande-1024x682.jpeg\" alt=\"\" class=\"wp-image-937\" srcset=\"https:\/\/festivalpublicatessen.com\/wp-content\/uploads\/2025\/11\/F1A7908-en-tamano-grande-1024x682.jpeg 1024w, https:\/\/festivalpublicatessen.com\/wp-content\/uploads\/2025\/11\/F1A7908-en-tamano-grande-300x200.jpeg 300w, https:\/\/festivalpublicatessen.com\/wp-content\/uploads\/2025\/11\/F1A7908-en-tamano-grande-768x512.jpeg 768w, https:\/\/festivalpublicatessen.com\/wp-content\/uploads\/2025\/11\/F1A7908-en-tamano-grande.jpeg 1280w\" sizes=\"(max-width: 1024px) 100vw, 1024px\" \/><\/figure>\n\n\n\n<figure class=\"wp-block-image size-large\"><img loading=\"lazy\" decoding=\"async\" width=\"1024\" height=\"682\" src=\"https:\/\/festivalpublicatessen.com\/wp-content\/uploads\/2025\/11\/F1A7915-en-tamano-grande-1024x682.jpeg\" alt=\"\" class=\"wp-image-938\" srcset=\"https:\/\/festivalpublicatessen.com\/wp-content\/uploads\/2025\/11\/F1A7915-en-tamano-grande-1024x682.jpeg 1024w, https:\/\/festivalpublicatessen.com\/wp-content\/uploads\/2025\/11\/F1A7915-en-tamano-grande-300x200.jpeg 300w, https:\/\/festivalpublicatessen.com\/wp-content\/uploads\/2025\/11\/F1A7915-en-tamano-grande-768x512.jpeg 768w, https:\/\/festivalpublicatessen.com\/wp-content\/uploads\/2025\/11\/F1A7915-en-tamano-grande.jpeg 1280w\" sizes=\"(max-width: 1024px) 100vw, 1024px\" \/><\/figure>\n","protected":false},"excerpt":{"rendered":"<p>La gala de Publicatessen es el broche final del Festival que tradicionalmente en a\u00f1os anteriores se ven\u00eda dando en el Teatro Juan Bravo, y que actualmente, se celebra en la nueva fase (Fase II) del Campus Mar\u00eda Zambrano en un sal\u00f3n de actos. A ella acuden diferentes personalidades de la ciudad, como son el Alcalde&hellip; <a class=\"more-link\" href=\"https:\/\/festivalpublicatessen.com\/index.php\/gala\/\">Seguir leyendo <span class=\"screen-reader-text\">GALA<\/span><\/a><\/p>\n","protected":false},"author":1,"featured_media":0,"parent":0,"menu_order":0,"comment_status":"closed","ping_status":"closed","template":"","meta":{"footnotes":""},"class_list":["post-61","page","type-page","status-publish","hentry","entry"],"yoast_head":"<!-- This site is optimized with the Yoast SEO plugin v24.0 - https:\/\/yoast.com\/wordpress\/plugins\/seo\/ -->\n<title>GALA - PUBLICATESSEN XVIII<\/title>\n<meta name=\"robots\" content=\"index, follow, max-snippet:-1, max-image-preview:large, max-video-preview:-1\" \/>\n<link rel=\"canonical\" href=\"https:\/\/festivalpublicatessen.com\/index.php\/gala\/\" \/>\n<meta property=\"og:locale\" content=\"es_ES\" \/>\n<meta property=\"og:type\" content=\"article\" \/>\n<meta property=\"og:title\" content=\"GALA - PUBLICATESSEN XVIII\" \/>\n<meta property=\"og:description\" content=\"La gala de Publicatessen es el broche final del Festival que tradicionalmente en a\u00f1os anteriores se ven\u00eda dando en el Teatro Juan Bravo, y que actualmente, se celebra en la nueva fase (Fase II) del Campus Mar\u00eda Zambrano en un sal\u00f3n de actos. A ella acuden diferentes personalidades de la ciudad, como son el Alcalde&hellip; Seguir leyendo GALA\" \/>\n<meta property=\"og:url\" content=\"https:\/\/festivalpublicatessen.com\/index.php\/gala\/\" \/>\n<meta property=\"og:site_name\" content=\"PUBLICATESSEN XVIII\" \/>\n<meta property=\"article:modified_time\" content=\"2025-11-11T17:04:40+00:00\" \/>\n<meta property=\"og:image\" content=\"https:\/\/festivalpublicatessen.com\/wp-content\/uploads\/2025\/11\/F1A7908-en-tamano-grande.jpeg\" \/>\n\t<meta property=\"og:image:width\" content=\"1280\" \/>\n\t<meta property=\"og:image:height\" content=\"853\" \/>\n\t<meta property=\"og:image:type\" content=\"image\/jpeg\" \/>\n<meta name=\"twitter:card\" content=\"summary_large_image\" \/>\n<meta name=\"twitter:site\" content=\"@publicatessen\" \/>\n<meta name=\"twitter:label1\" content=\"Tiempo de lectura\" \/>\n\t<meta name=\"twitter:data1\" content=\"2 minutos\" \/>\n<script type=\"application\/ld+json\" class=\"yoast-schema-graph\">{\"@context\":\"https:\/\/schema.org\",\"@graph\":[{\"@type\":\"WebPage\",\"@id\":\"https:\/\/festivalpublicatessen.com\/index.php\/gala\/\",\"url\":\"https:\/\/festivalpublicatessen.com\/index.php\/gala\/\",\"name\":\"GALA - PUBLICATESSEN XVIII\",\"isPartOf\":{\"@id\":\"https:\/\/festivalpublicatessen.com\/#website\"},\"primaryImageOfPage\":{\"@id\":\"https:\/\/festivalpublicatessen.com\/index.php\/gala\/#primaryimage\"},\"image\":{\"@id\":\"https:\/\/festivalpublicatessen.com\/index.php\/gala\/#primaryimage\"},\"thumbnailUrl\":\"https:\/\/festivalpublicatessen.com\/wp-content\/uploads\/2025\/11\/F1A7908-en-tamano-grande-1024x682.jpeg\",\"datePublished\":\"2023-11-27T19:42:08+00:00\",\"dateModified\":\"2025-11-11T17:04:40+00:00\",\"breadcrumb\":{\"@id\":\"https:\/\/festivalpublicatessen.com\/index.php\/gala\/#breadcrumb\"},\"inLanguage\":\"es\",\"potentialAction\":[{\"@type\":\"ReadAction\",\"target\":[\"https:\/\/festivalpublicatessen.com\/index.php\/gala\/\"]}]},{\"@type\":\"ImageObject\",\"inLanguage\":\"es\",\"@id\":\"https:\/\/festivalpublicatessen.com\/index.php\/gala\/#primaryimage\",\"url\":\"https:\/\/festivalpublicatessen.com\/wp-content\/uploads\/2025\/11\/F1A7908-en-tamano-grande.jpeg\",\"contentUrl\":\"https:\/\/festivalpublicatessen.com\/wp-content\/uploads\/2025\/11\/F1A7908-en-tamano-grande.jpeg\",\"width\":1280,\"height\":853},{\"@type\":\"BreadcrumbList\",\"@id\":\"https:\/\/festivalpublicatessen.com\/index.php\/gala\/#breadcrumb\",\"itemListElement\":[{\"@type\":\"ListItem\",\"position\":1,\"name\":\"Portada\",\"item\":\"https:\/\/festivalpublicatessen.com\/\"},{\"@type\":\"ListItem\",\"position\":2,\"name\":\"GALA\"}]},{\"@type\":\"WebSite\",\"@id\":\"https:\/\/festivalpublicatessen.com\/#website\",\"url\":\"https:\/\/festivalpublicatessen.com\/\",\"name\":\"PUBLICATESSEN XVI\",\"description\":\"Festival Internacional Universitario de Publicidad\",\"publisher\":{\"@id\":\"https:\/\/festivalpublicatessen.com\/#organization\"},\"potentialAction\":[{\"@type\":\"SearchAction\",\"target\":{\"@type\":\"EntryPoint\",\"urlTemplate\":\"https:\/\/festivalpublicatessen.com\/?s={search_term_string}\"},\"query-input\":{\"@type\":\"PropertyValueSpecification\",\"valueRequired\":true,\"valueName\":\"search_term_string\"}}],\"inLanguage\":\"es\"},{\"@type\":\"Organization\",\"@id\":\"https:\/\/festivalpublicatessen.com\/#organization\",\"name\":\"PUBLICATESSEN XVI\",\"url\":\"https:\/\/festivalpublicatessen.com\/\",\"logo\":{\"@type\":\"ImageObject\",\"inLanguage\":\"es\",\"@id\":\"https:\/\/festivalpublicatessen.com\/#\/schema\/logo\/image\/\",\"url\":\"https:\/\/festivalpublicatessen.com\/wp-content\/uploads\/2026\/02\/logomarca-interna-01_sin-fondo.png\",\"contentUrl\":\"https:\/\/festivalpublicatessen.com\/wp-content\/uploads\/2026\/02\/logomarca-interna-01_sin-fondo.png\",\"width\":4472,\"height\":4833,\"caption\":\"PUBLICATESSEN XVI\"},\"image\":{\"@id\":\"https:\/\/festivalpublicatessen.com\/#\/schema\/logo\/image\/\"},\"sameAs\":[\"https:\/\/x.com\/publicatessen\",\"https:\/\/www.instagram.com\/publicatessen\/\"]}]}<\/script>\n<!-- \/ Yoast SEO plugin. -->","yoast_head_json":{"title":"GALA - PUBLICATESSEN XVIII","robots":{"index":"index","follow":"follow","max-snippet":"max-snippet:-1","max-image-preview":"max-image-preview:large","max-video-preview":"max-video-preview:-1"},"canonical":"https:\/\/festivalpublicatessen.com\/index.php\/gala\/","og_locale":"es_ES","og_type":"article","og_title":"GALA - PUBLICATESSEN XVIII","og_description":"La gala de Publicatessen es el broche final del Festival que tradicionalmente en a\u00f1os anteriores se ven\u00eda dando en el Teatro Juan Bravo, y que actualmente, se celebra en la nueva fase (Fase II) del Campus Mar\u00eda Zambrano en un sal\u00f3n de actos. A ella acuden diferentes personalidades de la ciudad, como son el Alcalde&hellip; Seguir leyendo GALA","og_url":"https:\/\/festivalpublicatessen.com\/index.php\/gala\/","og_site_name":"PUBLICATESSEN XVIII","article_modified_time":"2025-11-11T17:04:40+00:00","og_image":[{"width":1280,"height":853,"url":"https:\/\/festivalpublicatessen.com\/wp-content\/uploads\/2025\/11\/F1A7908-en-tamano-grande.jpeg","type":"image\/jpeg"}],"twitter_card":"summary_large_image","twitter_site":"@publicatessen","twitter_misc":{"Tiempo de lectura":"2 minutos"},"schema":{"@context":"https:\/\/schema.org","@graph":[{"@type":"WebPage","@id":"https:\/\/festivalpublicatessen.com\/index.php\/gala\/","url":"https:\/\/festivalpublicatessen.com\/index.php\/gala\/","name":"GALA - PUBLICATESSEN XVIII","isPartOf":{"@id":"https:\/\/festivalpublicatessen.com\/#website"},"primaryImageOfPage":{"@id":"https:\/\/festivalpublicatessen.com\/index.php\/gala\/#primaryimage"},"image":{"@id":"https:\/\/festivalpublicatessen.com\/index.php\/gala\/#primaryimage"},"thumbnailUrl":"https:\/\/festivalpublicatessen.com\/wp-content\/uploads\/2025\/11\/F1A7908-en-tamano-grande-1024x682.jpeg","datePublished":"2023-11-27T19:42:08+00:00","dateModified":"2025-11-11T17:04:40+00:00","breadcrumb":{"@id":"https:\/\/festivalpublicatessen.com\/index.php\/gala\/#breadcrumb"},"inLanguage":"es","potentialAction":[{"@type":"ReadAction","target":["https:\/\/festivalpublicatessen.com\/index.php\/gala\/"]}]},{"@type":"ImageObject","inLanguage":"es","@id":"https:\/\/festivalpublicatessen.com\/index.php\/gala\/#primaryimage","url":"https:\/\/festivalpublicatessen.com\/wp-content\/uploads\/2025\/11\/F1A7908-en-tamano-grande.jpeg","contentUrl":"https:\/\/festivalpublicatessen.com\/wp-content\/uploads\/2025\/11\/F1A7908-en-tamano-grande.jpeg","width":1280,"height":853},{"@type":"BreadcrumbList","@id":"https:\/\/festivalpublicatessen.com\/index.php\/gala\/#breadcrumb","itemListElement":[{"@type":"ListItem","position":1,"name":"Portada","item":"https:\/\/festivalpublicatessen.com\/"},{"@type":"ListItem","position":2,"name":"GALA"}]},{"@type":"WebSite","@id":"https:\/\/festivalpublicatessen.com\/#website","url":"https:\/\/festivalpublicatessen.com\/","name":"PUBLICATESSEN XVI","description":"Festival Internacional Universitario de Publicidad","publisher":{"@id":"https:\/\/festivalpublicatessen.com\/#organization"},"potentialAction":[{"@type":"SearchAction","target":{"@type":"EntryPoint","urlTemplate":"https:\/\/festivalpublicatessen.com\/?s={search_term_string}"},"query-input":{"@type":"PropertyValueSpecification","valueRequired":true,"valueName":"search_term_string"}}],"inLanguage":"es"},{"@type":"Organization","@id":"https:\/\/festivalpublicatessen.com\/#organization","name":"PUBLICATESSEN XVI","url":"https:\/\/festivalpublicatessen.com\/","logo":{"@type":"ImageObject","inLanguage":"es","@id":"https:\/\/festivalpublicatessen.com\/#\/schema\/logo\/image\/","url":"https:\/\/festivalpublicatessen.com\/wp-content\/uploads\/2026\/02\/logomarca-interna-01_sin-fondo.png","contentUrl":"https:\/\/festivalpublicatessen.com\/wp-content\/uploads\/2026\/02\/logomarca-interna-01_sin-fondo.png","width":4472,"height":4833,"caption":"PUBLICATESSEN XVI"},"image":{"@id":"https:\/\/festivalpublicatessen.com\/#\/schema\/logo\/image\/"},"sameAs":["https:\/\/x.com\/publicatessen","https:\/\/www.instagram.com\/publicatessen\/"]}]}},"_links":{"self":[{"href":"https:\/\/festivalpublicatessen.com\/index.php\/wp-json\/wp\/v2\/pages\/61"}],"collection":[{"href":"https:\/\/festivalpublicatessen.com\/index.php\/wp-json\/wp\/v2\/pages"}],"about":[{"href":"https:\/\/festivalpublicatessen.com\/index.php\/wp-json\/wp\/v2\/types\/page"}],"author":[{"embeddable":true,"href":"https:\/\/festivalpublicatessen.com\/index.php\/wp-json\/wp\/v2\/users\/1"}],"replies":[{"embeddable":true,"href":"https:\/\/festivalpublicatessen.com\/index.php\/wp-json\/wp\/v2\/comments?post=61"}],"version-history":[{"count":13,"href":"https:\/\/festivalpublicatessen.com\/index.php\/wp-json\/wp\/v2\/pages\/61\/revisions"}],"predecessor-version":[{"id":940,"href":"https:\/\/festivalpublicatessen.com\/index.php\/wp-json\/wp\/v2\/pages\/61\/revisions\/940"}],"wp:attachment":[{"href":"https:\/\/festivalpublicatessen.com\/index.php\/wp-json\/wp\/v2\/media?parent=61"}],"curies":[{"name":"wp","href":"https:\/\/api.w.org\/{rel}","templated":true}]}}