{"id":463,"date":"2024-04-05T13:16:15","date_gmt":"2024-04-05T12:16:15","guid":{"rendered":"https:\/\/festivalpublicatessen.com\/?page_id=463"},"modified":"2024-04-05T13:16:16","modified_gmt":"2024-04-05T12:16:16","slug":"edicion-xv-la-revolucion-publicitaria","status":"publish","type":"page","link":"https:\/\/festivalpublicatessen.com\/index.php\/edicion-xv-la-revolucion-publicitaria\/","title":{"rendered":"Edici\u00f3n XV : La Revoluci\u00f3n Publicitaria"},"content":{"rendered":"\n<p class=\"has-background\" style=\"background:linear-gradient(135deg,rgb(6,147,227) 0%,rgba(15,15,15,0.5) 0%)\">La decimoquinta edici\u00f3n tuvo lugar en el a\u00f1o 2022, con el lema \u00abLa Revoluci\u00f3n Publicitaria\u00bb. La direcci\u00f3n de esta edici\u00f3n estuvo a cargo de la presidenta Carmen P\u00e9rez Bl\u00e1zquez, quien cont\u00f3 con la colaboraci\u00f3n del vicepresidente Eduardo Villanueva Longo.<\/p>\n\n\n\n<p class=\"has-background\" style=\"background:linear-gradient(135deg,rgb(6,147,227) 0%,rgba(15,15,15,0.5) 0%)\">Las jornadas se llevaron a cabo durante el 17 y el 20 de abril, en las cuales 26 profesionales participaron activamente en diversos talleres y ponencias.<\/p>\n\n\n\n<p class=\"has-background\" style=\"background:linear-gradient(135deg,rgb(6,147,227) 0%,rgba(15,15,15,0.5) 0%)\">El 17 de abril:<\/p>\n\n\n\n<p>Ana Isabel Terres Martinez de D\u00eda Group<\/p>\n\n\n\n<p>Rafa Fortis, Alberto de Santos y Pita Sagra de The Atomic Garden<\/p>\n\n\n\n<p>Sof\u00eda Moreno de Hemisferio Derecho<\/p>\n\n\n\n<p>Cristina Padilla Fernandez Vega de Ferv\u00e9 Studio<\/p>\n\n\n\n<p>Xavier Mira Mascarell de Equis Eme<\/p>\n\n\n\n<p>El 18 de abril:<\/p>\n\n\n\n<p>Javier Blanco y Daniel Herranz de Okami<\/p>\n\n\n\n<p>\u00d3scar Riesgo de Festival Boombastic<\/p>\n\n\n\n<p>Itziar Oltra de Todo es Marketing<\/p>\n\n\n\n<p>Francisco Moreira, Sof\u00eda Corellano y Yanire Rubio de Digital Tech Events<\/p>\n\n\n\n<p>Miguel Bayod Cuevas&nbsp; Ex Community manager de Ron Barcel\u00f3<\/p>\n\n\n\n<p>Sara L\u00f3pez Benito y Alex Guti\u00e9rrez P\u00e9rez de Saguaro.<\/p>\n\n\n\n<p>El 19 de abril:<\/p>\n\n\n\n<p>Paula Ruiz y \u00c1lvaro Chinchilla de Dos Mil Cosas<\/p>\n\n\n\n<p>Luciana Simoncelli de Pl\u00e1tano Mel\u00f3n<\/p>\n\n\n\n<p>Javier Carrasco y Miguel Olivares de La Despensa<\/p>\n\n\n\n<p>\u00d3scar Alonso de 72 Kilos<\/p>\n\n\n\n<p>Nekane Garc\u00eda Bouzo de Agencia Rakka<\/p>\n\n\n\n<p>El 20 de abril:<\/p>\n\n\n\n<p>Ana Nieto Bravo de Grefusa<\/p>\n\n\n\n<p>Alejandro Marcos Moraga de Team Heretics<\/p>\n\n\n\n<p>Nekane Garc\u00eda Bouzo (repiti\u00f3) de Agencia Rakka&nbsp;<\/p>\n\n\n\n<p>En esta edici\u00f3n hubo varios patrocinadores, instituciones y empresas&nbsp; junto con dieciocho colaboradores que brindaron un apoyo durante todo el festival.<\/p>\n\n\n\n<p><strong>Instituciones:<\/strong><\/p>\n\n\n\n<p>\u25cf Diputaci\u00f3n Provincial de Segovia (Alimentos de Segovia)<\/p>\n\n\n\n<p>\u25cf Ayuntamiento de Segovia<\/p>\n\n\n\n<p>\u25cf Ayuntamiento de La Seca<\/p>\n\n\n\n<p>\u25cf Departamento de comunicaci\u00f3n Audiovisual y Publicidad de la Universidad de Valladolid<\/p>\n\n\n\n<p>\u25cf Parque cient\u00edfico de la Universidad de Valladolid<\/p>\n\n\n\n<p>\u25cf Junta de Castilla y Le\u00f3n (Tierra de Sabor)<\/p>\n\n\n\n<p>\u25cf Facultad de CCSS, Jur\u00eddicas y de la Comunicaci\u00f3n.<\/p>\n\n\n\n<p>\u25cf Vicerrectorado de innovaci\u00f3n docente y transformaci\u00f3n digital<\/p>\n\n\n\n<p><strong>Empresas patrocinadoras:<\/strong><\/p>\n\n\n\n<p>&#8211; ESI (Escuela Superior de Dise\u00f1o)<\/p>\n\n\n\n<p>&#8211; Restaurante Jos\u00e9 Mar\u00eda<\/p>\n\n\n\n<p>&#8211; Eresma<\/p>\n\n\n\n<p>&#8211; Aluminios Vel\u00e1zquez<\/p>\n\n\n\n<p>&#8211; Fundaci\u00f3n Caja Rural<\/p>\n\n\n\n<p>&#8211; Saguaro Comunicaci\u00f3n y Marketing<\/p>\n\n\n\n<p>&#8211; Nokeon dise\u00f1o, marketing y comunicaci\u00f3n<\/p>\n\n\n\n<p>&#8211; Restaurante Pasapan<\/p>\n\n\n\n<p><strong>Colaboradores:<\/strong><\/p>\n\n\n\n<p>&#8211; Nissan Anferpa cars<\/p>\n\n\n\n<p>&#8211; Mundo Laboral<\/p>\n\n\n\n<p>&#8211; Copi UVa<\/p>\n\n\n\n<p>&#8211; C21 Bodega Restaurante<\/p>\n\n\n\n<p>&#8211; Catering P\u00edos<\/p>\n\n\n\n<p>&#8211; La zapater\u00eda bar<\/p>\n\n\n\n<p>&#8211; Dani\u2019s cafeter\u00eda<\/p>\n\n\n\n<p>&#8211; Maskbrasas Restaurante<\/p>\n\n\n\n<p>&#8211; La vi\u00f1a bar<\/p>\n\n\n\n<p>&#8211; El antiguo caf\u00e9<\/p>\n\n\n\n<p>&#8211; Mes\u00f3n El Pleno<\/p>\n\n\n\n<p>&#8211; Grefusa<\/p>\n\n\n\n<p>&#8211; Bloon Ink studio<\/p>\n\n\n\n<p>&#8211; Pandora Food and Drink<\/p>\n\n\n\n<p>&#8211; Platano Mel\u00f3n<\/p>\n\n\n\n<p>&#8211; San Frutos Cerveza<\/p>\n\n\n\n<div class=\"wp-block-buttons is-layout-flex wp-block-buttons-is-layout-flex\">\n<div class=\"wp-block-button\"><a class=\"wp-block-button__link wp-element-button\" href=\"https:\/\/youtu.be\/lPoxHluVQZo?si=w2DZoebqzAUNukfL\">Gala XV La revoluci\u00f3n Publicitaria<\/a><\/div>\n<\/div>\n","protected":false},"excerpt":{"rendered":"<p>La decimoquinta edici\u00f3n tuvo lugar en el a\u00f1o 2022, con el lema \u00abLa Revoluci\u00f3n Publicitaria\u00bb. La direcci\u00f3n de esta edici\u00f3n estuvo a cargo de la presidenta Carmen P\u00e9rez Bl\u00e1zquez, quien cont\u00f3 con la colaboraci\u00f3n del vicepresidente Eduardo Villanueva Longo. Las jornadas se llevaron a cabo durante el 17 y el 20 de abril, en las&hellip; <a class=\"more-link\" href=\"https:\/\/festivalpublicatessen.com\/index.php\/edicion-xv-la-revolucion-publicitaria\/\">Seguir leyendo <span class=\"screen-reader-text\">Edici\u00f3n XV : La Revoluci\u00f3n Publicitaria<\/span><\/a><\/p>\n","protected":false},"author":1,"featured_media":0,"parent":0,"menu_order":0,"comment_status":"closed","ping_status":"closed","template":"","meta":{"footnotes":""},"class_list":["post-463","page","type-page","status-publish","hentry","entry"],"yoast_head":"<!-- This site is optimized with the Yoast SEO plugin v24.0 - https:\/\/yoast.com\/wordpress\/plugins\/seo\/ -->\n<title>Edici\u00f3n XV : La Revoluci\u00f3n Publicitaria - PUBLICATESSEN XVIII<\/title>\n<meta name=\"robots\" content=\"index, follow, max-snippet:-1, max-image-preview:large, max-video-preview:-1\" \/>\n<link rel=\"canonical\" href=\"https:\/\/festivalpublicatessen.com\/index.php\/edicion-xv-la-revolucion-publicitaria\/\" \/>\n<meta property=\"og:locale\" content=\"es_ES\" \/>\n<meta property=\"og:type\" content=\"article\" \/>\n<meta property=\"og:title\" content=\"Edici\u00f3n XV : La Revoluci\u00f3n Publicitaria - PUBLICATESSEN XVIII\" \/>\n<meta property=\"og:description\" content=\"La decimoquinta edici\u00f3n tuvo lugar en el a\u00f1o 2022, con el lema \u00abLa Revoluci\u00f3n Publicitaria\u00bb. La direcci\u00f3n de esta edici\u00f3n estuvo a cargo de la presidenta Carmen P\u00e9rez Bl\u00e1zquez, quien cont\u00f3 con la colaboraci\u00f3n del vicepresidente Eduardo Villanueva Longo. Las jornadas se llevaron a cabo durante el 17 y el 20 de abril, en las&hellip; Seguir leyendo Edici\u00f3n XV : La Revoluci\u00f3n Publicitaria\" \/>\n<meta property=\"og:url\" content=\"https:\/\/festivalpublicatessen.com\/index.php\/edicion-xv-la-revolucion-publicitaria\/\" \/>\n<meta property=\"og:site_name\" content=\"PUBLICATESSEN XVIII\" \/>\n<meta property=\"article:modified_time\" content=\"2024-04-05T12:16:16+00:00\" \/>\n<meta name=\"twitter:card\" content=\"summary_large_image\" \/>\n<meta name=\"twitter:site\" content=\"@publicatessen\" \/>\n<meta name=\"twitter:label1\" content=\"Tiempo de lectura\" \/>\n\t<meta name=\"twitter:data1\" content=\"2 minutos\" \/>\n<script type=\"application\/ld+json\" class=\"yoast-schema-graph\">{\"@context\":\"https:\/\/schema.org\",\"@graph\":[{\"@type\":\"WebPage\",\"@id\":\"https:\/\/festivalpublicatessen.com\/index.php\/edicion-xv-la-revolucion-publicitaria\/\",\"url\":\"https:\/\/festivalpublicatessen.com\/index.php\/edicion-xv-la-revolucion-publicitaria\/\",\"name\":\"Edici\u00f3n XV : La Revoluci\u00f3n Publicitaria - PUBLICATESSEN XVIII\",\"isPartOf\":{\"@id\":\"https:\/\/festivalpublicatessen.com\/#website\"},\"datePublished\":\"2024-04-05T12:16:15+00:00\",\"dateModified\":\"2024-04-05T12:16:16+00:00\",\"breadcrumb\":{\"@id\":\"https:\/\/festivalpublicatessen.com\/index.php\/edicion-xv-la-revolucion-publicitaria\/#breadcrumb\"},\"inLanguage\":\"es\",\"potentialAction\":[{\"@type\":\"ReadAction\",\"target\":[\"https:\/\/festivalpublicatessen.com\/index.php\/edicion-xv-la-revolucion-publicitaria\/\"]}]},{\"@type\":\"BreadcrumbList\",\"@id\":\"https:\/\/festivalpublicatessen.com\/index.php\/edicion-xv-la-revolucion-publicitaria\/#breadcrumb\",\"itemListElement\":[{\"@type\":\"ListItem\",\"position\":1,\"name\":\"Portada\",\"item\":\"https:\/\/festivalpublicatessen.com\/\"},{\"@type\":\"ListItem\",\"position\":2,\"name\":\"Edici\u00f3n XV : La Revoluci\u00f3n Publicitaria\"}]},{\"@type\":\"WebSite\",\"@id\":\"https:\/\/festivalpublicatessen.com\/#website\",\"url\":\"https:\/\/festivalpublicatessen.com\/\",\"name\":\"PUBLICATESSEN XVI\",\"description\":\"Festival Internacional Universitario de Publicidad\",\"publisher\":{\"@id\":\"https:\/\/festivalpublicatessen.com\/#organization\"},\"potentialAction\":[{\"@type\":\"SearchAction\",\"target\":{\"@type\":\"EntryPoint\",\"urlTemplate\":\"https:\/\/festivalpublicatessen.com\/?s={search_term_string}\"},\"query-input\":{\"@type\":\"PropertyValueSpecification\",\"valueRequired\":true,\"valueName\":\"search_term_string\"}}],\"inLanguage\":\"es\"},{\"@type\":\"Organization\",\"@id\":\"https:\/\/festivalpublicatessen.com\/#organization\",\"name\":\"PUBLICATESSEN XVI\",\"url\":\"https:\/\/festivalpublicatessen.com\/\",\"logo\":{\"@type\":\"ImageObject\",\"inLanguage\":\"es\",\"@id\":\"https:\/\/festivalpublicatessen.com\/#\/schema\/logo\/image\/\",\"url\":\"https:\/\/festivalpublicatessen.com\/wp-content\/uploads\/2026\/02\/logomarca-interna-01_sin-fondo.png\",\"contentUrl\":\"https:\/\/festivalpublicatessen.com\/wp-content\/uploads\/2026\/02\/logomarca-interna-01_sin-fondo.png\",\"width\":4472,\"height\":4833,\"caption\":\"PUBLICATESSEN XVI\"},\"image\":{\"@id\":\"https:\/\/festivalpublicatessen.com\/#\/schema\/logo\/image\/\"},\"sameAs\":[\"https:\/\/x.com\/publicatessen\",\"https:\/\/www.instagram.com\/publicatessen\/\"]}]}<\/script>\n<!-- \/ Yoast SEO plugin. -->","yoast_head_json":{"title":"Edici\u00f3n XV : La Revoluci\u00f3n Publicitaria - PUBLICATESSEN XVIII","robots":{"index":"index","follow":"follow","max-snippet":"max-snippet:-1","max-image-preview":"max-image-preview:large","max-video-preview":"max-video-preview:-1"},"canonical":"https:\/\/festivalpublicatessen.com\/index.php\/edicion-xv-la-revolucion-publicitaria\/","og_locale":"es_ES","og_type":"article","og_title":"Edici\u00f3n XV : La Revoluci\u00f3n Publicitaria - PUBLICATESSEN XVIII","og_description":"La decimoquinta edici\u00f3n tuvo lugar en el a\u00f1o 2022, con el lema \u00abLa Revoluci\u00f3n Publicitaria\u00bb. La direcci\u00f3n de esta edici\u00f3n estuvo a cargo de la presidenta Carmen P\u00e9rez Bl\u00e1zquez, quien cont\u00f3 con la colaboraci\u00f3n del vicepresidente Eduardo Villanueva Longo. Las jornadas se llevaron a cabo durante el 17 y el 20 de abril, en las&hellip; Seguir leyendo Edici\u00f3n XV : La Revoluci\u00f3n Publicitaria","og_url":"https:\/\/festivalpublicatessen.com\/index.php\/edicion-xv-la-revolucion-publicitaria\/","og_site_name":"PUBLICATESSEN XVIII","article_modified_time":"2024-04-05T12:16:16+00:00","twitter_card":"summary_large_image","twitter_site":"@publicatessen","twitter_misc":{"Tiempo de lectura":"2 minutos"},"schema":{"@context":"https:\/\/schema.org","@graph":[{"@type":"WebPage","@id":"https:\/\/festivalpublicatessen.com\/index.php\/edicion-xv-la-revolucion-publicitaria\/","url":"https:\/\/festivalpublicatessen.com\/index.php\/edicion-xv-la-revolucion-publicitaria\/","name":"Edici\u00f3n XV : La Revoluci\u00f3n Publicitaria - PUBLICATESSEN XVIII","isPartOf":{"@id":"https:\/\/festivalpublicatessen.com\/#website"},"datePublished":"2024-04-05T12:16:15+00:00","dateModified":"2024-04-05T12:16:16+00:00","breadcrumb":{"@id":"https:\/\/festivalpublicatessen.com\/index.php\/edicion-xv-la-revolucion-publicitaria\/#breadcrumb"},"inLanguage":"es","potentialAction":[{"@type":"ReadAction","target":["https:\/\/festivalpublicatessen.com\/index.php\/edicion-xv-la-revolucion-publicitaria\/"]}]},{"@type":"BreadcrumbList","@id":"https:\/\/festivalpublicatessen.com\/index.php\/edicion-xv-la-revolucion-publicitaria\/#breadcrumb","itemListElement":[{"@type":"ListItem","position":1,"name":"Portada","item":"https:\/\/festivalpublicatessen.com\/"},{"@type":"ListItem","position":2,"name":"Edici\u00f3n XV : La Revoluci\u00f3n Publicitaria"}]},{"@type":"WebSite","@id":"https:\/\/festivalpublicatessen.com\/#website","url":"https:\/\/festivalpublicatessen.com\/","name":"PUBLICATESSEN XVI","description":"Festival Internacional Universitario de Publicidad","publisher":{"@id":"https:\/\/festivalpublicatessen.com\/#organization"},"potentialAction":[{"@type":"SearchAction","target":{"@type":"EntryPoint","urlTemplate":"https:\/\/festivalpublicatessen.com\/?s={search_term_string}"},"query-input":{"@type":"PropertyValueSpecification","valueRequired":true,"valueName":"search_term_string"}}],"inLanguage":"es"},{"@type":"Organization","@id":"https:\/\/festivalpublicatessen.com\/#organization","name":"PUBLICATESSEN XVI","url":"https:\/\/festivalpublicatessen.com\/","logo":{"@type":"ImageObject","inLanguage":"es","@id":"https:\/\/festivalpublicatessen.com\/#\/schema\/logo\/image\/","url":"https:\/\/festivalpublicatessen.com\/wp-content\/uploads\/2026\/02\/logomarca-interna-01_sin-fondo.png","contentUrl":"https:\/\/festivalpublicatessen.com\/wp-content\/uploads\/2026\/02\/logomarca-interna-01_sin-fondo.png","width":4472,"height":4833,"caption":"PUBLICATESSEN XVI"},"image":{"@id":"https:\/\/festivalpublicatessen.com\/#\/schema\/logo\/image\/"},"sameAs":["https:\/\/x.com\/publicatessen","https:\/\/www.instagram.com\/publicatessen\/"]}]}},"_links":{"self":[{"href":"https:\/\/festivalpublicatessen.com\/index.php\/wp-json\/wp\/v2\/pages\/463"}],"collection":[{"href":"https:\/\/festivalpublicatessen.com\/index.php\/wp-json\/wp\/v2\/pages"}],"about":[{"href":"https:\/\/festivalpublicatessen.com\/index.php\/wp-json\/wp\/v2\/types\/page"}],"author":[{"embeddable":true,"href":"https:\/\/festivalpublicatessen.com\/index.php\/wp-json\/wp\/v2\/users\/1"}],"replies":[{"embeddable":true,"href":"https:\/\/festivalpublicatessen.com\/index.php\/wp-json\/wp\/v2\/comments?post=463"}],"version-history":[{"count":1,"href":"https:\/\/festivalpublicatessen.com\/index.php\/wp-json\/wp\/v2\/pages\/463\/revisions"}],"predecessor-version":[{"id":483,"href":"https:\/\/festivalpublicatessen.com\/index.php\/wp-json\/wp\/v2\/pages\/463\/revisions\/483"}],"wp:attachment":[{"href":"https:\/\/festivalpublicatessen.com\/index.php\/wp-json\/wp\/v2\/media?parent=463"}],"curies":[{"name":"wp","href":"https:\/\/api.w.org\/{rel}","templated":true}]}}