{"id":455,"date":"2024-04-05T12:57:35","date_gmt":"2024-04-05T11:57:35","guid":{"rendered":"https:\/\/festivalpublicatessen.com\/?page_id=455"},"modified":"2024-04-05T13:02:09","modified_gmt":"2024-04-05T12:02:09","slug":"edicion-xiv-publitocina-la-hormona-de-la-creatividad","status":"publish","type":"page","link":"https:\/\/festivalpublicatessen.com\/index.php\/edicion-xiv-publitocina-la-hormona-de-la-creatividad\/","title":{"rendered":"Edici\u00f3n XIV: Publitocina, la hormona de la creatividad"},"content":{"rendered":"\n<div class=\"wp-block-buttons is-layout-flex wp-block-buttons-is-layout-flex\">\n<div class=\"wp-block-button\"><a class=\"wp-block-button__link wp-element-button\" href=\"https:\/\/www.youtube.com\/playlist?list=PLtmJvUneJdZdpGmuBkPsMmalN7jwnjd5b\">Publitocina 2022 edici\u00f3n XIV<\/a><\/div>\n<\/div>\n\n\n\n<p class=\"has-background\" style=\"background:linear-gradient(135deg,rgb(6,147,227) 0%,rgba(15,15,15,0.5) 0%)\">En esta edici\u00f3n se decidi\u00f3 hacer un cambio proponiendo que la junta directiva estuviera conformada por los coordinadores de cada departamento y por un presidente y tesorero, con el objeto de lograr una mejora en la comunicaci\u00f3n interdepartamental.<\/p>\n\n\n\n<p>Se decidi\u00f3 tambi\u00e9n aunar los cargos de vicepresidente y tesorera. De manera que la junta directiva en la XIV edici\u00f3n se conform\u00f3 as\u00ed:<\/p>\n\n\n\n<p>Presidenta: Yanire Rubio Velasco.<\/p>\n\n\n\n<p class=\"has-background\" style=\"background:linear-gradient(135deg,rgb(6,147,227) 0%,rgba(15,15,15,0.5) 0%)\">Tesorera: Gracia Mart\u00edn de Andr\u00e9s.<\/p>\n\n\n\n<p>Vicepresidenta: Gracia Mart\u00edn de Andr\u00e9s.<\/p>\n\n\n\n<p>Coordinadora de Audiovisuales: Mar\u00eda Jes\u00fas Amor\u00edn Torres.<\/p>\n\n\n\n<p>Coordinadora de Comunicaci\u00f3n: Laura Vera Dav\u00f3.<\/p>\n\n\n\n<p>Coordinadora de Dise\u00f1o: Saray Garc\u00eda Pe\u00f1a.<\/p>\n\n\n\n<p>Coordinadora de Jornadas: Bel\u00e9n del Caz Maroto.<\/p>\n\n\n\n<p>Coordinadora de Gala: Raquel P\u00e9rez Borrego.<\/p>\n\n\n\n<p>Coordinadora de Patrocinio: Carla Mu\u00f1oz Gub\u00eda.<\/p>\n\n\n\n<p>Coordinadora de Protocolo: Clara Romano Villar.<\/p>\n\n\n\n<p>Coordinadora de Responsabilidad Social Corporativa: Andrea Cid Romero.<\/p>\n\n\n\n<p class=\"has-background\" style=\"background:linear-gradient(135deg,rgb(6,147,227) 0%,rgba(15,15,15,0.5) 0%)\">Este cambio ha producido variaciones muy beneficiosas en lo que respecta a la comunicaci\u00f3n y el trabajo entre los departamentos, ya que, incorporando a los coordinadores en la junta directiva se fomenta un ambiente de consenso y entendimiento, ya que las decisiones son tomadas desde todas las perspectivas.<\/p>\n\n\n\n<p class=\"has-background\" style=\"background:linear-gradient(135deg,rgb(6,147,227) 0%,rgba(15,15,15,0.5) 0%)\">Adem\u00e1s, favorece la comunicaci\u00f3n acortando los canales entre junta y coordinaci\u00f3n de departamentos.<\/p>\n\n\n\n<p class=\"has-background\" style=\"background:linear-gradient(135deg,rgb(6,147,227) 0%,rgba(15,15,15,0.5) 0%)\">Como decisiones principales de la junta directiva de este a\u00f1o, a diferencia del a\u00f1o anterior, se promovieron cambios en la forma de trabajo de la organizaci\u00f3n, as\u00ed se establecieron una serie de normas y calendarios que deb\u00edan ser respetados por todos los departamentos.<\/p>\n\n\n\n<p class=\"has-background\" style=\"background:linear-gradient(135deg,rgb(6,147,227) 0%,rgba(15,15,15,0.5) 0%)\">Por un lado, se llevaron a cabo reuniones semanales a las que asist\u00edan todos los miembros de la junta directiva lo que permit\u00eda realizar un seguimiento y una evaluaci\u00f3n semanal. Esta evaluaci\u00f3n conjunta hizo avanzar a todos y a cada uno de los miembros de la junta directiva en el trabajo encomendado semana tras semana.<\/p>\n\n\n\n<p class=\"has-background\" style=\"background:linear-gradient(135deg,rgb(6,147,227) 0%,rgba(15,15,15,0.5) 0%)\">Por otro lado, para fomentar un trabajo adecuado y en tiempos ajustados, se impuso un timing de trabajo en las entregas y resoluciones de cada briefing pautado en una semana.<\/p>\n\n\n\n<p class=\"has-background\" style=\"background:linear-gradient(135deg,rgb(6,147,227) 0%,rgba(15,15,15,0.5) 0%)\">Todo ello impuls\u00f3 un mejor ambiente de trabajo y sobre todo una organizaci\u00f3n \u00f3ptima dentro de cada uno de los departamentos.<\/p>\n\n\n\n<p class=\"has-background\" style=\"background:linear-gradient(135deg,rgb(6,147,227) 0%,rgba(15,15,15,0.5) 0%)\">Han participado alrededor de 54 alumnos que se han establecido en 8 departamentos diferentes: jornadas, protocolo, gala, RSC, dise\u00f1o, comunicaci\u00f3n, patrocinio y audiovisuales.<\/p>\n\n\n\n<p class=\"has-background\" style=\"background:linear-gradient(135deg,rgb(6,147,227) 0%,rgba(15,15,15,0.5) 0%)\">A lo largo de la edici\u00f3n se llevaron a cabo 10 actos de responsabilidad social corporativa (gracias a ellos se ha podido cumplir un objetivo primordial de hacer part\u00edcipe a la comunidad segoviana del Festival), 6 eventos de patrocinio que han ayudado a la elaboraci\u00f3n del festival, unas jornadas de publicidad y charlas que se han desarrollado en 4 y finalmente la gala de la publicidad que cerr\u00f3 Publicatessen en el Teatro Juan Bravo de Segovia.<\/p>\n\n\n\n<p class=\"has-background\" style=\"background:linear-gradient(135deg,rgb(6,147,227) 0%,rgba(15,15,15,0.5) 0%)\">La trascendencia de la XIV edici\u00f3n se ha reflejado en las noticias de numerosos medios de comunicaci\u00f3n como en: Europa Press, El Norte de Castilla, El Adelantado de Segovia, Segovia Audaz, Segovia al D\u00eda, Onda Cero y Cadena Ser.<\/p>\n\n\n\n<p class=\"has-background\" style=\"background:linear-gradient(135deg,rgb(6,147,227) 0%,rgba(15,15,15,0.5) 0%)\"><strong>Jornadas: <\/strong>los ponentes de las jornadas se llevaron a cabo bajo las tem\u00e1ticas:&nbsp;<\/p>\n\n\n\n<ul class=\"wp-block-list\">\n<li>25 de abril: \u201cUn comienzo cargado de oxitocina\u201d:\n<ul class=\"wp-block-list\">\n<li>Teresa Sanz, Social Media Influencer chez by SoyOlivia.<\/li>\n\n\n\n<li>Diego Soliveres, Cofundador y Director de Comunicaci\u00f3n de la empresa Timpers<\/li>\n\n\n\n<li>Luis Gim\u00e9nez, Cofundador y Director de Marketing en Tipi Tent.<\/li>\n\n\n\n<li>Sheila Hern\u00e1ndez, fundadora del peri\u00f3dico digital @es.decirdiario.<\/li>\n\n\n\n<li>Marcos M\u00e9ndez, Creador de Contenido Online, C\u00e1mara y Filmmaker.<\/li>\n<\/ul>\n<\/li>\n\n\n\n<li>26 de abril: \u201cGeneremos serotonina en nuestro p\u00fablico.\u201d:\n<ul class=\"wp-block-list\">\n<li>Arancha L\u00f3pez, Senior Brand Executive en Ymedia.<\/li>\n\n\n\n<li>Javier G\u00f3nzalez, marketing specialist en Land Life Company<\/li>\n\n\n\n<li>Catherin Ang\u00e9lica Correa, Creatie Art Director, ganadora en digital del Young Cannes Lions Spain en 2021.<\/li>\n\n\n\n<li>Alba Cantalapiedra, dise\u00f1adora gr\u00e1fica e ilustradora. Fundadora de @albaricoque_acg.&nbsp;<\/li>\n<\/ul>\n<\/li>\n\n\n\n<li>27 de abril: \u201c\u00bfInspiraci\u00f3n o dopamina?\u201d:\n<ul class=\"wp-block-list\">\n<li>Hauda Comunicaci\u00f3n Municipal, Agencia de Comunicaci\u00f3n Institucional y Marketing Pol\u00edtico Electoral para Ayuntamientos.<\/li>\n\n\n\n<li>Patricia Miguel Sanz, Directora de marcas en Contrapunto BBDO<\/li>\n\n\n\n<li>Cristina San Jos\u00e9, Directora de Comunicaci\u00f3n de la bodega Divina Proporci\u00f3n.<\/li>\n\n\n\n<li>Claudia Gigato Madro\u00f1al (PR Creative Art Director y Jorge L\u00f3pez Rubio, PR Creative Copywritter, dupla del departamento PR de Ogilvy Madrid.<\/li>\n\n\n\n<li>Las pilis, Consultoras estrat\u00e9gicas especialistas en digitalizar Pymes.<\/li>\n<\/ul>\n<\/li>\n\n\n\n<li>28 de abril: \u201cDecisiones con demasiada adrenalina\u201d:\n<ul class=\"wp-block-list\">\n<li>\u00c1lex Guti\u00e9rrez y Sara L\u00f3pez, Fundadores de la Agencia de Comunicaci\u00f3n y Marketing \u201cSaguaro\u201d.<\/li>\n\n\n\n<li>Ana Garrido, Account Supervisor y Project Manager en TBWA Espa\u00f1a.<\/li>\n\n\n\n<li>Carlos Jorge Hern\u00e1ndez, Director Creativo en Contrapunto BBDO<\/li>\n<\/ul>\n<\/li>\n<\/ul>\n\n\n\n<p><strong>Patrocinadores:<\/strong><\/p>\n\n\n\n<ul class=\"wp-block-list\">\n<li>Diputaci\u00f3n de Segovia<\/li>\n\n\n\n<li>Tierra de Sabor<\/li>\n\n\n\n<li>Agencia Ruido<\/li>\n\n\n\n<li>Restaurante Casares<\/li>\n\n\n\n<li>Vicerrectorado de internacionalizaci\u00f3n de la Universidad de Valladolid<\/li>\n\n\n\n<li>Federaci\u00f3n de Asociaciones de Vecinos de los Barrios Incorporados de Segovia<\/li>\n<\/ul>\n\n\n\n<p><strong>Colaboradores:<\/strong><\/p>\n\n\n\n<ul class=\"wp-block-list\">\n<li>Agencia de comunicaci\u00f3n Saguaro, patrocinando la categor\u00eda de Exalumnos<\/li>\n\n\n\n<li>Fundaci\u00f3n Caja Rural, patrocinando la categor\u00eda de Trucho Libre<\/li>\n\n\n\n<li>Ayuntamiento de la Seca, patrocinando la categor\u00eda de Dupla Creativa.<\/li>\n<\/ul>\n\n\n\n<p>Adem\u00e1s, con otro tipo de tarifas m\u00e1s peque\u00f1as, o colaborando en especies:<\/p>\n\n\n\n<ul class=\"wp-block-list\">\n<li>Ayuntamiento de Segovia.<\/li>\n\n\n\n<li>I.M Vel\u00e1zquez.<\/li>\n\n\n\n<li>Nissan Anferpa Cars Segovia.<\/li>\n\n\n\n<li>Mundo Laboral.<\/li>\n\n\n\n<li>Restaurante Pasapan.<\/li>\n\n\n\n<li>Agencia de comunicaci\u00f3n Hauda.<\/li>\n<\/ul>\n","protected":false},"excerpt":{"rendered":"<p>En esta edici\u00f3n se decidi\u00f3 hacer un cambio proponiendo que la junta directiva estuviera conformada por los coordinadores de cada departamento y por un presidente y tesorero, con el objeto de lograr una mejora en la comunicaci\u00f3n interdepartamental. Se decidi\u00f3 tambi\u00e9n aunar los cargos de vicepresidente y tesorera. De manera que la junta directiva en&hellip; <a class=\"more-link\" href=\"https:\/\/festivalpublicatessen.com\/index.php\/edicion-xiv-publitocina-la-hormona-de-la-creatividad\/\">Seguir leyendo <span class=\"screen-reader-text\">Edici\u00f3n XIV: Publitocina, la hormona de la creatividad<\/span><\/a><\/p>\n","protected":false},"author":1,"featured_media":0,"parent":0,"menu_order":0,"comment_status":"closed","ping_status":"closed","template":"","meta":{"footnotes":""},"class_list":["post-455","page","type-page","status-publish","hentry","entry"],"yoast_head":"<!-- This site is optimized with the Yoast SEO plugin v24.0 - https:\/\/yoast.com\/wordpress\/plugins\/seo\/ -->\n<title>Edici\u00f3n XIV: Publitocina, la hormona de la creatividad - PUBLICATESSEN XVIII<\/title>\n<meta name=\"robots\" content=\"index, follow, max-snippet:-1, max-image-preview:large, max-video-preview:-1\" \/>\n<link rel=\"canonical\" href=\"https:\/\/festivalpublicatessen.com\/index.php\/edicion-xiv-publitocina-la-hormona-de-la-creatividad\/\" \/>\n<meta property=\"og:locale\" content=\"es_ES\" \/>\n<meta property=\"og:type\" content=\"article\" \/>\n<meta property=\"og:title\" content=\"Edici\u00f3n XIV: Publitocina, la hormona de la creatividad - PUBLICATESSEN XVIII\" \/>\n<meta property=\"og:description\" content=\"En esta edici\u00f3n se decidi\u00f3 hacer un cambio proponiendo que la junta directiva estuviera conformada por los coordinadores de cada departamento y por un presidente y tesorero, con el objeto de lograr una mejora en la comunicaci\u00f3n interdepartamental. Se decidi\u00f3 tambi\u00e9n aunar los cargos de vicepresidente y tesorera. De manera que la junta directiva en&hellip; Seguir leyendo Edici\u00f3n XIV: Publitocina, la hormona de la creatividad\" \/>\n<meta property=\"og:url\" content=\"https:\/\/festivalpublicatessen.com\/index.php\/edicion-xiv-publitocina-la-hormona-de-la-creatividad\/\" \/>\n<meta property=\"og:site_name\" content=\"PUBLICATESSEN XVIII\" \/>\n<meta property=\"article:modified_time\" content=\"2024-04-05T12:02:09+00:00\" \/>\n<meta name=\"twitter:card\" content=\"summary_large_image\" \/>\n<meta name=\"twitter:site\" content=\"@publicatessen\" \/>\n<meta name=\"twitter:label1\" content=\"Tiempo de lectura\" \/>\n\t<meta name=\"twitter:data1\" content=\"4 minutos\" \/>\n<script type=\"application\/ld+json\" class=\"yoast-schema-graph\">{\"@context\":\"https:\/\/schema.org\",\"@graph\":[{\"@type\":\"WebPage\",\"@id\":\"https:\/\/festivalpublicatessen.com\/index.php\/edicion-xiv-publitocina-la-hormona-de-la-creatividad\/\",\"url\":\"https:\/\/festivalpublicatessen.com\/index.php\/edicion-xiv-publitocina-la-hormona-de-la-creatividad\/\",\"name\":\"Edici\u00f3n XIV: Publitocina, la hormona de la creatividad - PUBLICATESSEN XVIII\",\"isPartOf\":{\"@id\":\"https:\/\/festivalpublicatessen.com\/#website\"},\"datePublished\":\"2024-04-05T11:57:35+00:00\",\"dateModified\":\"2024-04-05T12:02:09+00:00\",\"breadcrumb\":{\"@id\":\"https:\/\/festivalpublicatessen.com\/index.php\/edicion-xiv-publitocina-la-hormona-de-la-creatividad\/#breadcrumb\"},\"inLanguage\":\"es\",\"potentialAction\":[{\"@type\":\"ReadAction\",\"target\":[\"https:\/\/festivalpublicatessen.com\/index.php\/edicion-xiv-publitocina-la-hormona-de-la-creatividad\/\"]}]},{\"@type\":\"BreadcrumbList\",\"@id\":\"https:\/\/festivalpublicatessen.com\/index.php\/edicion-xiv-publitocina-la-hormona-de-la-creatividad\/#breadcrumb\",\"itemListElement\":[{\"@type\":\"ListItem\",\"position\":1,\"name\":\"Portada\",\"item\":\"https:\/\/festivalpublicatessen.com\/\"},{\"@type\":\"ListItem\",\"position\":2,\"name\":\"Edici\u00f3n XIV: Publitocina, la hormona de la creatividad\"}]},{\"@type\":\"WebSite\",\"@id\":\"https:\/\/festivalpublicatessen.com\/#website\",\"url\":\"https:\/\/festivalpublicatessen.com\/\",\"name\":\"PUBLICATESSEN XVI\",\"description\":\"Festival Internacional Universitario de Publicidad\",\"publisher\":{\"@id\":\"https:\/\/festivalpublicatessen.com\/#organization\"},\"potentialAction\":[{\"@type\":\"SearchAction\",\"target\":{\"@type\":\"EntryPoint\",\"urlTemplate\":\"https:\/\/festivalpublicatessen.com\/?s={search_term_string}\"},\"query-input\":{\"@type\":\"PropertyValueSpecification\",\"valueRequired\":true,\"valueName\":\"search_term_string\"}}],\"inLanguage\":\"es\"},{\"@type\":\"Organization\",\"@id\":\"https:\/\/festivalpublicatessen.com\/#organization\",\"name\":\"PUBLICATESSEN XVI\",\"url\":\"https:\/\/festivalpublicatessen.com\/\",\"logo\":{\"@type\":\"ImageObject\",\"inLanguage\":\"es\",\"@id\":\"https:\/\/festivalpublicatessen.com\/#\/schema\/logo\/image\/\",\"url\":\"https:\/\/festivalpublicatessen.com\/wp-content\/uploads\/2026\/02\/logomarca-interna-01_sin-fondo.png\",\"contentUrl\":\"https:\/\/festivalpublicatessen.com\/wp-content\/uploads\/2026\/02\/logomarca-interna-01_sin-fondo.png\",\"width\":4472,\"height\":4833,\"caption\":\"PUBLICATESSEN XVI\"},\"image\":{\"@id\":\"https:\/\/festivalpublicatessen.com\/#\/schema\/logo\/image\/\"},\"sameAs\":[\"https:\/\/x.com\/publicatessen\",\"https:\/\/www.instagram.com\/publicatessen\/\"]}]}<\/script>\n<!-- \/ Yoast SEO plugin. -->","yoast_head_json":{"title":"Edici\u00f3n XIV: Publitocina, la hormona de la creatividad - PUBLICATESSEN XVIII","robots":{"index":"index","follow":"follow","max-snippet":"max-snippet:-1","max-image-preview":"max-image-preview:large","max-video-preview":"max-video-preview:-1"},"canonical":"https:\/\/festivalpublicatessen.com\/index.php\/edicion-xiv-publitocina-la-hormona-de-la-creatividad\/","og_locale":"es_ES","og_type":"article","og_title":"Edici\u00f3n XIV: Publitocina, la hormona de la creatividad - PUBLICATESSEN XVIII","og_description":"En esta edici\u00f3n se decidi\u00f3 hacer un cambio proponiendo que la junta directiva estuviera conformada por los coordinadores de cada departamento y por un presidente y tesorero, con el objeto de lograr una mejora en la comunicaci\u00f3n interdepartamental. Se decidi\u00f3 tambi\u00e9n aunar los cargos de vicepresidente y tesorera. De manera que la junta directiva en&hellip; Seguir leyendo Edici\u00f3n XIV: Publitocina, la hormona de la creatividad","og_url":"https:\/\/festivalpublicatessen.com\/index.php\/edicion-xiv-publitocina-la-hormona-de-la-creatividad\/","og_site_name":"PUBLICATESSEN XVIII","article_modified_time":"2024-04-05T12:02:09+00:00","twitter_card":"summary_large_image","twitter_site":"@publicatessen","twitter_misc":{"Tiempo de lectura":"4 minutos"},"schema":{"@context":"https:\/\/schema.org","@graph":[{"@type":"WebPage","@id":"https:\/\/festivalpublicatessen.com\/index.php\/edicion-xiv-publitocina-la-hormona-de-la-creatividad\/","url":"https:\/\/festivalpublicatessen.com\/index.php\/edicion-xiv-publitocina-la-hormona-de-la-creatividad\/","name":"Edici\u00f3n XIV: Publitocina, la hormona de la creatividad - PUBLICATESSEN XVIII","isPartOf":{"@id":"https:\/\/festivalpublicatessen.com\/#website"},"datePublished":"2024-04-05T11:57:35+00:00","dateModified":"2024-04-05T12:02:09+00:00","breadcrumb":{"@id":"https:\/\/festivalpublicatessen.com\/index.php\/edicion-xiv-publitocina-la-hormona-de-la-creatividad\/#breadcrumb"},"inLanguage":"es","potentialAction":[{"@type":"ReadAction","target":["https:\/\/festivalpublicatessen.com\/index.php\/edicion-xiv-publitocina-la-hormona-de-la-creatividad\/"]}]},{"@type":"BreadcrumbList","@id":"https:\/\/festivalpublicatessen.com\/index.php\/edicion-xiv-publitocina-la-hormona-de-la-creatividad\/#breadcrumb","itemListElement":[{"@type":"ListItem","position":1,"name":"Portada","item":"https:\/\/festivalpublicatessen.com\/"},{"@type":"ListItem","position":2,"name":"Edici\u00f3n XIV: Publitocina, la hormona de la creatividad"}]},{"@type":"WebSite","@id":"https:\/\/festivalpublicatessen.com\/#website","url":"https:\/\/festivalpublicatessen.com\/","name":"PUBLICATESSEN XVI","description":"Festival Internacional Universitario de Publicidad","publisher":{"@id":"https:\/\/festivalpublicatessen.com\/#organization"},"potentialAction":[{"@type":"SearchAction","target":{"@type":"EntryPoint","urlTemplate":"https:\/\/festivalpublicatessen.com\/?s={search_term_string}"},"query-input":{"@type":"PropertyValueSpecification","valueRequired":true,"valueName":"search_term_string"}}],"inLanguage":"es"},{"@type":"Organization","@id":"https:\/\/festivalpublicatessen.com\/#organization","name":"PUBLICATESSEN XVI","url":"https:\/\/festivalpublicatessen.com\/","logo":{"@type":"ImageObject","inLanguage":"es","@id":"https:\/\/festivalpublicatessen.com\/#\/schema\/logo\/image\/","url":"https:\/\/festivalpublicatessen.com\/wp-content\/uploads\/2026\/02\/logomarca-interna-01_sin-fondo.png","contentUrl":"https:\/\/festivalpublicatessen.com\/wp-content\/uploads\/2026\/02\/logomarca-interna-01_sin-fondo.png","width":4472,"height":4833,"caption":"PUBLICATESSEN XVI"},"image":{"@id":"https:\/\/festivalpublicatessen.com\/#\/schema\/logo\/image\/"},"sameAs":["https:\/\/x.com\/publicatessen","https:\/\/www.instagram.com\/publicatessen\/"]}]}},"_links":{"self":[{"href":"https:\/\/festivalpublicatessen.com\/index.php\/wp-json\/wp\/v2\/pages\/455"}],"collection":[{"href":"https:\/\/festivalpublicatessen.com\/index.php\/wp-json\/wp\/v2\/pages"}],"about":[{"href":"https:\/\/festivalpublicatessen.com\/index.php\/wp-json\/wp\/v2\/types\/page"}],"author":[{"embeddable":true,"href":"https:\/\/festivalpublicatessen.com\/index.php\/wp-json\/wp\/v2\/users\/1"}],"replies":[{"embeddable":true,"href":"https:\/\/festivalpublicatessen.com\/index.php\/wp-json\/wp\/v2\/comments?post=455"}],"version-history":[{"count":2,"href":"https:\/\/festivalpublicatessen.com\/index.php\/wp-json\/wp\/v2\/pages\/455\/revisions"}],"predecessor-version":[{"id":462,"href":"https:\/\/festivalpublicatessen.com\/index.php\/wp-json\/wp\/v2\/pages\/455\/revisions\/462"}],"wp:attachment":[{"href":"https:\/\/festivalpublicatessen.com\/index.php\/wp-json\/wp\/v2\/media?parent=455"}],"curies":[{"name":"wp","href":"https:\/\/api.w.org\/{rel}","templated":true}]}}