{"id":436,"date":"2024-04-05T12:48:11","date_gmt":"2024-04-05T11:48:11","guid":{"rendered":"https:\/\/festivalpublicatessen.com\/?page_id=436"},"modified":"2024-04-05T12:48:12","modified_gmt":"2024-04-05T11:48:12","slug":"edicion-xiii-publicentrismo-habemus-paradigma","status":"publish","type":"page","link":"https:\/\/festivalpublicatessen.com\/index.php\/edicion-xiii-publicentrismo-habemus-paradigma\/","title":{"rendered":"Edici\u00f3n XIII: Publicentrismo, Habemus Paradigma"},"content":{"rendered":"\n<p class=\"has-background\" style=\"background:linear-gradient(135deg,rgb(6,147,227) 0%,rgba(15,15,15,0.5) 0%)\">Para la elecci\u00f3n del tema, tanto el secretario como la coordinadora se reunieron y analizaron cada uno de ellos. Ten\u00edan que ser conscientes de la importancia que conlleva la votaci\u00f3n ya que trabajar\u00edan el resto de los meses planificando unas Jornadas en base a esta decisi\u00f3n. Puesto que esta decisi\u00f3n no solamente era importante para la coordinadora y secretario, era necesario reunirse con el resto del equipo de Jornadas y valorar todas las propuestas para tomar una decisi\u00f3n conjunta que estimule y favorezca al departamento.<\/p>\n\n\n\n<p class=\"has-background\" style=\"background:linear-gradient(135deg,rgb(6,147,227) 0%,rgba(15,15,15,0.5) 0%)\">El tema ganador de esta Edici\u00f3n fue Publicentrismo, Habemus Paradigma  la Edici\u00f3n de Publicatessen viene acompa\u00f1ado de un tema que determina la tem\u00e1tica del festival y que permite orientar la din\u00e1mica de las Jornadas. <\/p>\n\n\n\n<p class=\"has-background\" style=\"background:linear-gradient(135deg,rgb(6,147,227) 0%,rgba(15,15,15,0.5) 0%)\">Este supone el primer reto creativo para los estudiantes de Publicidad; todos ellos pueden presentar sus propuestas, pero \u00fanicamente los alumnos de cuarto de este grado pueden votar.<br>Se hizo p\u00fablica esta primera categor\u00eda el 7 de noviembre de 2020, dejando de plazo para presentar las piezas tan solo 5 d\u00edas h\u00e1biles, suponiendo un gran desaf\u00edo para el alumnado. La votaci\u00f3n del tema tuvo lugar el 13 de noviembre en el \u00e1gora del Campus de Mar\u00eda Zambrano. Pese al breve tiempo de actuaci\u00f3n, se presentaron 21 propuestas.<br>Entre todas ellas, la m\u00e1s votada fue la de Sonia Garc\u00eda Mic\u00f3, estableciendo como tema de la XIII Edici\u00f3n \u201cPublicentrismo: habemus paradigma\u201d. Con el objetivo de que todos los integrantes del departamento pudieran conocer el concepto, organizamos una<br>reuni\u00f3n con la ganadora, para que fuera ella misma la que nos expusiera cual hab\u00eda sido el proceso creativo, que significaba para ella el concepto y sobre todo, de qu\u00e9 manera le gustar\u00eda que se viera reflejado en el transcurso de las Jornadas.<br>Seg\u00fan nos relat\u00f3 al equipo, la idea de \u201cPublicentrismo\u201d podr\u00eda tener m\u00faltiples interpretaciones, siendo tan amplio o tan concreto como nuestro propio sector. De esta manera, para ella simbolizaba la manera en la que la Publicidad se inserta en la sociedad, situando a la comunicaci\u00f3n comercial en el centro, pero entendiendo una<br>relaci\u00f3n simbi\u00f3tica entre ambas entidades. En cualquier caso, fue muy revelador para el departamento, conocer todo lo que escond\u00eda la propuesta de Sonia Garc\u00eda, y sirvi\u00f3 para empezar a trabajar en la planificaci\u00f3n de las Jornadas.<\/p>\n\n\n\n<p class=\"has-background\" style=\"background:linear-gradient(135deg,rgb(6,147,227) 0%,rgba(15,15,15,0.5) 0%)\">Este a\u00f1o partieron de una situaci\u00f3n diferente respecto a pasadas ediciones, ya que, debido a la situaci\u00f3n de la COVID-19, contaron con el merchandising que se iba a destinar a la XII Edici\u00f3n de Publicatessen. Esta estaba planificada para ser realizada de forma presencial la semana del 23 al 26 de marzo de 2020, si bien, con la decretaci\u00f3n del estado de alarma el d\u00eda 14 de este mismo mes oblig\u00f3 a cancelar el evento presencial para pivotar a un modelo online. Esta noticia fue publicada en redes el 21 de marzo de 2020,<br>comunicando que el evento se desarrollar\u00eda en las fechas del 26 al 27 de mayo, siendo la inscripci\u00f3n gratuita y dando una \u201csorpresa\u201d a las primeras 24 de 190 personas que se inscribieron. De la entrega de dicho obsequio se encarg\u00f3 el departamento de Gala, haciendo entrega del material que hac\u00eda referencia a<br>la XII Edici\u00f3n y que por tanto no pod\u00eda ser reutilizado para este a\u00f1o. Esto inclu\u00eda una bolsa, pegatinas y un llavero.<\/p>\n\n\n\n<p class=\"has-background\" style=\"background:linear-gradient(135deg,rgb(6,147,227) 0%,rgba(15,15,15,0.5) 0%)\">La Junta Directiva de la XIII Edici\u00f3n de Publicatessen se configur\u00f3 de la siguiente manera: Mario G\u00f3mez Carretero como Presidente; Roc\u00edo Ruiz Nalda como Vicepresidenta; Borja Tabanera Conde como secretario; Javier G\u00f3mez Guerra como tesorero y \u00c1ngela Garz\u00f3n G\u00f3mez e Iryna Marchencho como vocales. Este puesto, que<br>en otras ediciones hab\u00eda sido ejercido por una \u00fanica persona, fue compartido por dos miembros de la organizaci\u00f3n debido a un empate en las votaciones.<br>El siguiente paso fue seleccionar a los Coordinadores de los departamentos, cuya votaci\u00f3n tuvo lugar al d\u00eda siguiente, concretamente el 29 de Octubre.<\/p>\n","protected":false},"excerpt":{"rendered":"<p>Para la elecci\u00f3n del tema, tanto el secretario como la coordinadora se reunieron y analizaron cada uno de ellos. Ten\u00edan que ser conscientes de la importancia que conlleva la votaci\u00f3n ya que trabajar\u00edan el resto de los meses planificando unas Jornadas en base a esta decisi\u00f3n. Puesto que esta decisi\u00f3n no solamente era importante para&hellip; <a class=\"more-link\" href=\"https:\/\/festivalpublicatessen.com\/index.php\/edicion-xiii-publicentrismo-habemus-paradigma\/\">Seguir leyendo <span class=\"screen-reader-text\">Edici\u00f3n XIII: Publicentrismo, Habemus Paradigma<\/span><\/a><\/p>\n","protected":false},"author":1,"featured_media":0,"parent":0,"menu_order":0,"comment_status":"closed","ping_status":"closed","template":"","meta":{"footnotes":""},"class_list":["post-436","page","type-page","status-publish","hentry","entry"],"yoast_head":"<!-- This site is optimized with the Yoast SEO plugin v24.0 - https:\/\/yoast.com\/wordpress\/plugins\/seo\/ -->\n<title>Edici\u00f3n XIII: Publicentrismo, Habemus Paradigma - PUBLICATESSEN XVIII<\/title>\n<meta name=\"robots\" content=\"index, follow, max-snippet:-1, max-image-preview:large, max-video-preview:-1\" \/>\n<link rel=\"canonical\" href=\"https:\/\/festivalpublicatessen.com\/index.php\/edicion-xiii-publicentrismo-habemus-paradigma\/\" \/>\n<meta property=\"og:locale\" content=\"es_ES\" \/>\n<meta property=\"og:type\" content=\"article\" \/>\n<meta property=\"og:title\" content=\"Edici\u00f3n XIII: Publicentrismo, Habemus Paradigma - PUBLICATESSEN XVIII\" \/>\n<meta property=\"og:description\" content=\"Para la elecci\u00f3n del tema, tanto el secretario como la coordinadora se reunieron y analizaron cada uno de ellos. Ten\u00edan que ser conscientes de la importancia que conlleva la votaci\u00f3n ya que trabajar\u00edan el resto de los meses planificando unas Jornadas en base a esta decisi\u00f3n. Puesto que esta decisi\u00f3n no solamente era importante para&hellip; Seguir leyendo Edici\u00f3n XIII: Publicentrismo, Habemus Paradigma\" \/>\n<meta property=\"og:url\" content=\"https:\/\/festivalpublicatessen.com\/index.php\/edicion-xiii-publicentrismo-habemus-paradigma\/\" \/>\n<meta property=\"og:site_name\" content=\"PUBLICATESSEN XVIII\" \/>\n<meta property=\"article:modified_time\" content=\"2024-04-05T11:48:12+00:00\" \/>\n<meta name=\"twitter:card\" content=\"summary_large_image\" \/>\n<meta name=\"twitter:site\" content=\"@publicatessen\" \/>\n<meta name=\"twitter:label1\" content=\"Tiempo de lectura\" \/>\n\t<meta name=\"twitter:data1\" content=\"3 minutos\" \/>\n<script type=\"application\/ld+json\" class=\"yoast-schema-graph\">{\"@context\":\"https:\/\/schema.org\",\"@graph\":[{\"@type\":\"WebPage\",\"@id\":\"https:\/\/festivalpublicatessen.com\/index.php\/edicion-xiii-publicentrismo-habemus-paradigma\/\",\"url\":\"https:\/\/festivalpublicatessen.com\/index.php\/edicion-xiii-publicentrismo-habemus-paradigma\/\",\"name\":\"Edici\u00f3n XIII: Publicentrismo, Habemus Paradigma - PUBLICATESSEN XVIII\",\"isPartOf\":{\"@id\":\"https:\/\/festivalpublicatessen.com\/#website\"},\"datePublished\":\"2024-04-05T11:48:11+00:00\",\"dateModified\":\"2024-04-05T11:48:12+00:00\",\"breadcrumb\":{\"@id\":\"https:\/\/festivalpublicatessen.com\/index.php\/edicion-xiii-publicentrismo-habemus-paradigma\/#breadcrumb\"},\"inLanguage\":\"es\",\"potentialAction\":[{\"@type\":\"ReadAction\",\"target\":[\"https:\/\/festivalpublicatessen.com\/index.php\/edicion-xiii-publicentrismo-habemus-paradigma\/\"]}]},{\"@type\":\"BreadcrumbList\",\"@id\":\"https:\/\/festivalpublicatessen.com\/index.php\/edicion-xiii-publicentrismo-habemus-paradigma\/#breadcrumb\",\"itemListElement\":[{\"@type\":\"ListItem\",\"position\":1,\"name\":\"Portada\",\"item\":\"https:\/\/festivalpublicatessen.com\/\"},{\"@type\":\"ListItem\",\"position\":2,\"name\":\"Edici\u00f3n XIII: Publicentrismo, Habemus Paradigma\"}]},{\"@type\":\"WebSite\",\"@id\":\"https:\/\/festivalpublicatessen.com\/#website\",\"url\":\"https:\/\/festivalpublicatessen.com\/\",\"name\":\"PUBLICATESSEN XVI\",\"description\":\"Festival Internacional Universitario de Publicidad\",\"publisher\":{\"@id\":\"https:\/\/festivalpublicatessen.com\/#organization\"},\"potentialAction\":[{\"@type\":\"SearchAction\",\"target\":{\"@type\":\"EntryPoint\",\"urlTemplate\":\"https:\/\/festivalpublicatessen.com\/?s={search_term_string}\"},\"query-input\":{\"@type\":\"PropertyValueSpecification\",\"valueRequired\":true,\"valueName\":\"search_term_string\"}}],\"inLanguage\":\"es\"},{\"@type\":\"Organization\",\"@id\":\"https:\/\/festivalpublicatessen.com\/#organization\",\"name\":\"PUBLICATESSEN XVI\",\"url\":\"https:\/\/festivalpublicatessen.com\/\",\"logo\":{\"@type\":\"ImageObject\",\"inLanguage\":\"es\",\"@id\":\"https:\/\/festivalpublicatessen.com\/#\/schema\/logo\/image\/\",\"url\":\"https:\/\/festivalpublicatessen.com\/wp-content\/uploads\/2026\/02\/logomarca-interna-01_sin-fondo.png\",\"contentUrl\":\"https:\/\/festivalpublicatessen.com\/wp-content\/uploads\/2026\/02\/logomarca-interna-01_sin-fondo.png\",\"width\":4472,\"height\":4833,\"caption\":\"PUBLICATESSEN XVI\"},\"image\":{\"@id\":\"https:\/\/festivalpublicatessen.com\/#\/schema\/logo\/image\/\"},\"sameAs\":[\"https:\/\/x.com\/publicatessen\",\"https:\/\/www.instagram.com\/publicatessen\/\"]}]}<\/script>\n<!-- \/ Yoast SEO plugin. -->","yoast_head_json":{"title":"Edici\u00f3n XIII: Publicentrismo, Habemus Paradigma - PUBLICATESSEN XVIII","robots":{"index":"index","follow":"follow","max-snippet":"max-snippet:-1","max-image-preview":"max-image-preview:large","max-video-preview":"max-video-preview:-1"},"canonical":"https:\/\/festivalpublicatessen.com\/index.php\/edicion-xiii-publicentrismo-habemus-paradigma\/","og_locale":"es_ES","og_type":"article","og_title":"Edici\u00f3n XIII: Publicentrismo, Habemus Paradigma - PUBLICATESSEN XVIII","og_description":"Para la elecci\u00f3n del tema, tanto el secretario como la coordinadora se reunieron y analizaron cada uno de ellos. Ten\u00edan que ser conscientes de la importancia que conlleva la votaci\u00f3n ya que trabajar\u00edan el resto de los meses planificando unas Jornadas en base a esta decisi\u00f3n. Puesto que esta decisi\u00f3n no solamente era importante para&hellip; Seguir leyendo Edici\u00f3n XIII: Publicentrismo, Habemus Paradigma","og_url":"https:\/\/festivalpublicatessen.com\/index.php\/edicion-xiii-publicentrismo-habemus-paradigma\/","og_site_name":"PUBLICATESSEN XVIII","article_modified_time":"2024-04-05T11:48:12+00:00","twitter_card":"summary_large_image","twitter_site":"@publicatessen","twitter_misc":{"Tiempo de lectura":"3 minutos"},"schema":{"@context":"https:\/\/schema.org","@graph":[{"@type":"WebPage","@id":"https:\/\/festivalpublicatessen.com\/index.php\/edicion-xiii-publicentrismo-habemus-paradigma\/","url":"https:\/\/festivalpublicatessen.com\/index.php\/edicion-xiii-publicentrismo-habemus-paradigma\/","name":"Edici\u00f3n XIII: Publicentrismo, Habemus Paradigma - PUBLICATESSEN XVIII","isPartOf":{"@id":"https:\/\/festivalpublicatessen.com\/#website"},"datePublished":"2024-04-05T11:48:11+00:00","dateModified":"2024-04-05T11:48:12+00:00","breadcrumb":{"@id":"https:\/\/festivalpublicatessen.com\/index.php\/edicion-xiii-publicentrismo-habemus-paradigma\/#breadcrumb"},"inLanguage":"es","potentialAction":[{"@type":"ReadAction","target":["https:\/\/festivalpublicatessen.com\/index.php\/edicion-xiii-publicentrismo-habemus-paradigma\/"]}]},{"@type":"BreadcrumbList","@id":"https:\/\/festivalpublicatessen.com\/index.php\/edicion-xiii-publicentrismo-habemus-paradigma\/#breadcrumb","itemListElement":[{"@type":"ListItem","position":1,"name":"Portada","item":"https:\/\/festivalpublicatessen.com\/"},{"@type":"ListItem","position":2,"name":"Edici\u00f3n XIII: Publicentrismo, Habemus Paradigma"}]},{"@type":"WebSite","@id":"https:\/\/festivalpublicatessen.com\/#website","url":"https:\/\/festivalpublicatessen.com\/","name":"PUBLICATESSEN XVI","description":"Festival Internacional Universitario de Publicidad","publisher":{"@id":"https:\/\/festivalpublicatessen.com\/#organization"},"potentialAction":[{"@type":"SearchAction","target":{"@type":"EntryPoint","urlTemplate":"https:\/\/festivalpublicatessen.com\/?s={search_term_string}"},"query-input":{"@type":"PropertyValueSpecification","valueRequired":true,"valueName":"search_term_string"}}],"inLanguage":"es"},{"@type":"Organization","@id":"https:\/\/festivalpublicatessen.com\/#organization","name":"PUBLICATESSEN XVI","url":"https:\/\/festivalpublicatessen.com\/","logo":{"@type":"ImageObject","inLanguage":"es","@id":"https:\/\/festivalpublicatessen.com\/#\/schema\/logo\/image\/","url":"https:\/\/festivalpublicatessen.com\/wp-content\/uploads\/2026\/02\/logomarca-interna-01_sin-fondo.png","contentUrl":"https:\/\/festivalpublicatessen.com\/wp-content\/uploads\/2026\/02\/logomarca-interna-01_sin-fondo.png","width":4472,"height":4833,"caption":"PUBLICATESSEN XVI"},"image":{"@id":"https:\/\/festivalpublicatessen.com\/#\/schema\/logo\/image\/"},"sameAs":["https:\/\/x.com\/publicatessen","https:\/\/www.instagram.com\/publicatessen\/"]}]}},"_links":{"self":[{"href":"https:\/\/festivalpublicatessen.com\/index.php\/wp-json\/wp\/v2\/pages\/436"}],"collection":[{"href":"https:\/\/festivalpublicatessen.com\/index.php\/wp-json\/wp\/v2\/pages"}],"about":[{"href":"https:\/\/festivalpublicatessen.com\/index.php\/wp-json\/wp\/v2\/types\/page"}],"author":[{"embeddable":true,"href":"https:\/\/festivalpublicatessen.com\/index.php\/wp-json\/wp\/v2\/users\/1"}],"replies":[{"embeddable":true,"href":"https:\/\/festivalpublicatessen.com\/index.php\/wp-json\/wp\/v2\/comments?post=436"}],"version-history":[{"count":1,"href":"https:\/\/festivalpublicatessen.com\/index.php\/wp-json\/wp\/v2\/pages\/436\/revisions"}],"predecessor-version":[{"id":454,"href":"https:\/\/festivalpublicatessen.com\/index.php\/wp-json\/wp\/v2\/pages\/436\/revisions\/454"}],"wp:attachment":[{"href":"https:\/\/festivalpublicatessen.com\/index.php\/wp-json\/wp\/v2\/media?parent=436"}],"curies":[{"name":"wp","href":"https:\/\/api.w.org\/{rel}","templated":true}]}}