{"id":2,"date":"2023-11-22T14:47:24","date_gmt":"2023-11-22T14:47:24","guid":{"rendered":"http:\/\/radioglorfa.ddns.net:9180\/wordpress\/?page_id=2"},"modified":"2025-11-21T12:06:43","modified_gmt":"2025-11-21T11:06:43","slug":"sample-page","status":"publish","type":"page","link":"https:\/\/festivalpublicatessen.com\/index.php\/sample-page\/","title":{"rendered":"EL TEMA"},"content":{"rendered":"\n<p class=\"has-background\" style=\"background:linear-gradient(135deg,rgb(6,147,227) 0%,rgba(15,15,15,0.5) 1%)\">La edici\u00f3n XVIII versa sobre un tem\u00e1tica que es redefinida cada a\u00f1o al servicio de la actualidad publicitaria. Este a\u00f1o, el tema elegido es <strong>\u201cADN Creativo: La esencia que nos une\u201d<\/strong> y seg\u00fan cuenta su autora, Salma Guermah quiere destacar que la creatividad es el c\u00f3digo gen\u00e9tico de la comunicaci\u00f3n. Cada campa\u00f1a, cada canci\u00f3n, cada imagen o historia nace de la combinaci\u00f3n \u00fanica de ideas, emociones y experiencias que habitan en nosotros. Eso es el ADN Creativo: la f\u00f3rmula invisible que da forma a todo lo que hacemos.<\/p>\n\n\n\n<p class=\"has-background\" style=\"background:linear-gradient(135deg,rgb(6,147,227) 0%,rgba(15,15,15,0.5) 1%)\">A su vez, para darle vida a este tema, Luc\u00eda Calvo realiz\u00f3 este dise\u00f1o que nos acompa\u00f1ar\u00e1 durante toda la edici\u00f3n, que refleja a la perfecci\u00f3n nuestra esencia.<\/p>\n\n\n\n<figure class=\"wp-block-image size-large is-resized\"><img loading=\"lazy\" decoding=\"async\" width=\"1024\" height=\"333\" src=\"https:\/\/festivalpublicatessen.com\/wp-content\/uploads\/2025\/11\/Logo-xviii-modificado-1024x333.png\" alt=\"\" class=\"wp-image-981\" style=\"width:609px;height:auto\" srcset=\"https:\/\/festivalpublicatessen.com\/wp-content\/uploads\/2025\/11\/Logo-xviii-modificado-1024x333.png 1024w, https:\/\/festivalpublicatessen.com\/wp-content\/uploads\/2025\/11\/Logo-xviii-modificado-300x98.png 300w, https:\/\/festivalpublicatessen.com\/wp-content\/uploads\/2025\/11\/Logo-xviii-modificado-768x250.png 768w, https:\/\/festivalpublicatessen.com\/wp-content\/uploads\/2025\/11\/Logo-xviii-modificado-1536x500.png 1536w, https:\/\/festivalpublicatessen.com\/wp-content\/uploads\/2025\/11\/Logo-xviii-modificado-2048x666.png 2048w, https:\/\/festivalpublicatessen.com\/wp-content\/uploads\/2025\/11\/Logo-xviii-modificado-1568x510.png 1568w\" sizes=\"(max-width: 1024px) 100vw, 1024px\" \/><figcaption class=\"wp-element-caption\">Logo edici\u00f3n XVIII de Publicatessen<\/figcaption><\/figure>\n\n\n\n<p><\/p>\n","protected":false},"excerpt":{"rendered":"<p>La edici\u00f3n XVIII versa sobre un tem\u00e1tica que es redefinida cada a\u00f1o al servicio de la actualidad publicitaria. Este a\u00f1o, el tema elegido es \u201cADN Creativo: La esencia que nos une\u201d y seg\u00fan cuenta su autora, Salma Guermah quiere destacar que la creatividad es el c\u00f3digo gen\u00e9tico de la comunicaci\u00f3n. Cada campa\u00f1a, cada canci\u00f3n, cada&hellip; <a class=\"more-link\" href=\"https:\/\/festivalpublicatessen.com\/index.php\/sample-page\/\">Seguir leyendo <span class=\"screen-reader-text\">EL TEMA<\/span><\/a><\/p>\n","protected":false},"author":1,"featured_media":0,"parent":0,"menu_order":0,"comment_status":"closed","ping_status":"open","template":"","meta":{"footnotes":""},"class_list":["post-2","page","type-page","status-publish","hentry","entry"],"yoast_head":"<!-- This site is optimized with the Yoast SEO plugin v24.0 - https:\/\/yoast.com\/wordpress\/plugins\/seo\/ -->\n<title>EL TEMA - PUBLICATESSEN XVIII<\/title>\n<meta name=\"robots\" content=\"index, follow, max-snippet:-1, max-image-preview:large, max-video-preview:-1\" \/>\n<link rel=\"canonical\" href=\"https:\/\/festivalpublicatessen.com\/index.php\/sample-page\/\" \/>\n<meta property=\"og:locale\" content=\"es_ES\" \/>\n<meta property=\"og:type\" content=\"article\" \/>\n<meta property=\"og:title\" content=\"EL TEMA - PUBLICATESSEN XVIII\" \/>\n<meta property=\"og:description\" content=\"La edici\u00f3n XVIII versa sobre un tem\u00e1tica que es redefinida cada a\u00f1o al servicio de la actualidad publicitaria. Este a\u00f1o, el tema elegido es \u201cADN Creativo: La esencia que nos une\u201d y seg\u00fan cuenta su autora, Salma Guermah quiere destacar que la creatividad es el c\u00f3digo gen\u00e9tico de la comunicaci\u00f3n. Cada campa\u00f1a, cada canci\u00f3n, cada&hellip; Seguir leyendo EL TEMA\" \/>\n<meta property=\"og:url\" content=\"https:\/\/festivalpublicatessen.com\/index.php\/sample-page\/\" \/>\n<meta property=\"og:site_name\" content=\"PUBLICATESSEN XVIII\" \/>\n<meta property=\"article:modified_time\" content=\"2025-11-21T11:06:43+00:00\" \/>\n<meta property=\"og:image\" content=\"https:\/\/festivalpublicatessen.com\/wp-content\/uploads\/2025\/11\/Logo-xviii-modificado.png\" \/>\n\t<meta property=\"og:image:width\" content=\"5163\" \/>\n\t<meta property=\"og:image:height\" content=\"1680\" \/>\n\t<meta property=\"og:image:type\" content=\"image\/png\" \/>\n<meta name=\"twitter:card\" content=\"summary_large_image\" \/>\n<meta name=\"twitter:site\" content=\"@publicatessen\" \/>\n<meta name=\"twitter:label1\" content=\"Tiempo de lectura\" \/>\n\t<meta name=\"twitter:data1\" content=\"1 minuto\" \/>\n<script type=\"application\/ld+json\" class=\"yoast-schema-graph\">{\"@context\":\"https:\/\/schema.org\",\"@graph\":[{\"@type\":\"WebPage\",\"@id\":\"https:\/\/festivalpublicatessen.com\/index.php\/sample-page\/\",\"url\":\"https:\/\/festivalpublicatessen.com\/index.php\/sample-page\/\",\"name\":\"EL TEMA - PUBLICATESSEN XVIII\",\"isPartOf\":{\"@id\":\"https:\/\/festivalpublicatessen.com\/#website\"},\"primaryImageOfPage\":{\"@id\":\"https:\/\/festivalpublicatessen.com\/index.php\/sample-page\/#primaryimage\"},\"image\":{\"@id\":\"https:\/\/festivalpublicatessen.com\/index.php\/sample-page\/#primaryimage\"},\"thumbnailUrl\":\"https:\/\/festivalpublicatessen.com\/wp-content\/uploads\/2025\/11\/Logo-xviii-modificado-1024x333.png\",\"datePublished\":\"2023-11-22T14:47:24+00:00\",\"dateModified\":\"2025-11-21T11:06:43+00:00\",\"breadcrumb\":{\"@id\":\"https:\/\/festivalpublicatessen.com\/index.php\/sample-page\/#breadcrumb\"},\"inLanguage\":\"es\",\"potentialAction\":[{\"@type\":\"ReadAction\",\"target\":[\"https:\/\/festivalpublicatessen.com\/index.php\/sample-page\/\"]}]},{\"@type\":\"ImageObject\",\"inLanguage\":\"es\",\"@id\":\"https:\/\/festivalpublicatessen.com\/index.php\/sample-page\/#primaryimage\",\"url\":\"https:\/\/festivalpublicatessen.com\/wp-content\/uploads\/2025\/11\/Logo-xviii-modificado.png\",\"contentUrl\":\"https:\/\/festivalpublicatessen.com\/wp-content\/uploads\/2025\/11\/Logo-xviii-modificado.png\",\"width\":5163,\"height\":1680},{\"@type\":\"BreadcrumbList\",\"@id\":\"https:\/\/festivalpublicatessen.com\/index.php\/sample-page\/#breadcrumb\",\"itemListElement\":[{\"@type\":\"ListItem\",\"position\":1,\"name\":\"Portada\",\"item\":\"https:\/\/festivalpublicatessen.com\/\"},{\"@type\":\"ListItem\",\"position\":2,\"name\":\"EL TEMA\"}]},{\"@type\":\"WebSite\",\"@id\":\"https:\/\/festivalpublicatessen.com\/#website\",\"url\":\"https:\/\/festivalpublicatessen.com\/\",\"name\":\"PUBLICATESSEN XVI\",\"description\":\"Festival Internacional Universitario de Publicidad\",\"publisher\":{\"@id\":\"https:\/\/festivalpublicatessen.com\/#organization\"},\"potentialAction\":[{\"@type\":\"SearchAction\",\"target\":{\"@type\":\"EntryPoint\",\"urlTemplate\":\"https:\/\/festivalpublicatessen.com\/?s={search_term_string}\"},\"query-input\":{\"@type\":\"PropertyValueSpecification\",\"valueRequired\":true,\"valueName\":\"search_term_string\"}}],\"inLanguage\":\"es\"},{\"@type\":\"Organization\",\"@id\":\"https:\/\/festivalpublicatessen.com\/#organization\",\"name\":\"PUBLICATESSEN XVI\",\"url\":\"https:\/\/festivalpublicatessen.com\/\",\"logo\":{\"@type\":\"ImageObject\",\"inLanguage\":\"es\",\"@id\":\"https:\/\/festivalpublicatessen.com\/#\/schema\/logo\/image\/\",\"url\":\"https:\/\/festivalpublicatessen.com\/wp-content\/uploads\/2026\/02\/logomarca-interna-01_sin-fondo.png\",\"contentUrl\":\"https:\/\/festivalpublicatessen.com\/wp-content\/uploads\/2026\/02\/logomarca-interna-01_sin-fondo.png\",\"width\":4472,\"height\":4833,\"caption\":\"PUBLICATESSEN XVI\"},\"image\":{\"@id\":\"https:\/\/festivalpublicatessen.com\/#\/schema\/logo\/image\/\"},\"sameAs\":[\"https:\/\/x.com\/publicatessen\",\"https:\/\/www.instagram.com\/publicatessen\/\"]}]}<\/script>\n<!-- \/ Yoast SEO plugin. -->","yoast_head_json":{"title":"EL TEMA - PUBLICATESSEN XVIII","robots":{"index":"index","follow":"follow","max-snippet":"max-snippet:-1","max-image-preview":"max-image-preview:large","max-video-preview":"max-video-preview:-1"},"canonical":"https:\/\/festivalpublicatessen.com\/index.php\/sample-page\/","og_locale":"es_ES","og_type":"article","og_title":"EL TEMA - PUBLICATESSEN XVIII","og_description":"La edici\u00f3n XVIII versa sobre un tem\u00e1tica que es redefinida cada a\u00f1o al servicio de la actualidad publicitaria. Este a\u00f1o, el tema elegido es \u201cADN Creativo: La esencia que nos une\u201d y seg\u00fan cuenta su autora, Salma Guermah quiere destacar que la creatividad es el c\u00f3digo gen\u00e9tico de la comunicaci\u00f3n. Cada campa\u00f1a, cada canci\u00f3n, cada&hellip; Seguir leyendo EL TEMA","og_url":"https:\/\/festivalpublicatessen.com\/index.php\/sample-page\/","og_site_name":"PUBLICATESSEN XVIII","article_modified_time":"2025-11-21T11:06:43+00:00","og_image":[{"width":5163,"height":1680,"url":"https:\/\/festivalpublicatessen.com\/wp-content\/uploads\/2025\/11\/Logo-xviii-modificado.png","type":"image\/png"}],"twitter_card":"summary_large_image","twitter_site":"@publicatessen","twitter_misc":{"Tiempo de lectura":"1 minuto"},"schema":{"@context":"https:\/\/schema.org","@graph":[{"@type":"WebPage","@id":"https:\/\/festivalpublicatessen.com\/index.php\/sample-page\/","url":"https:\/\/festivalpublicatessen.com\/index.php\/sample-page\/","name":"EL TEMA - PUBLICATESSEN XVIII","isPartOf":{"@id":"https:\/\/festivalpublicatessen.com\/#website"},"primaryImageOfPage":{"@id":"https:\/\/festivalpublicatessen.com\/index.php\/sample-page\/#primaryimage"},"image":{"@id":"https:\/\/festivalpublicatessen.com\/index.php\/sample-page\/#primaryimage"},"thumbnailUrl":"https:\/\/festivalpublicatessen.com\/wp-content\/uploads\/2025\/11\/Logo-xviii-modificado-1024x333.png","datePublished":"2023-11-22T14:47:24+00:00","dateModified":"2025-11-21T11:06:43+00:00","breadcrumb":{"@id":"https:\/\/festivalpublicatessen.com\/index.php\/sample-page\/#breadcrumb"},"inLanguage":"es","potentialAction":[{"@type":"ReadAction","target":["https:\/\/festivalpublicatessen.com\/index.php\/sample-page\/"]}]},{"@type":"ImageObject","inLanguage":"es","@id":"https:\/\/festivalpublicatessen.com\/index.php\/sample-page\/#primaryimage","url":"https:\/\/festivalpublicatessen.com\/wp-content\/uploads\/2025\/11\/Logo-xviii-modificado.png","contentUrl":"https:\/\/festivalpublicatessen.com\/wp-content\/uploads\/2025\/11\/Logo-xviii-modificado.png","width":5163,"height":1680},{"@type":"BreadcrumbList","@id":"https:\/\/festivalpublicatessen.com\/index.php\/sample-page\/#breadcrumb","itemListElement":[{"@type":"ListItem","position":1,"name":"Portada","item":"https:\/\/festivalpublicatessen.com\/"},{"@type":"ListItem","position":2,"name":"EL TEMA"}]},{"@type":"WebSite","@id":"https:\/\/festivalpublicatessen.com\/#website","url":"https:\/\/festivalpublicatessen.com\/","name":"PUBLICATESSEN XVI","description":"Festival Internacional Universitario de Publicidad","publisher":{"@id":"https:\/\/festivalpublicatessen.com\/#organization"},"potentialAction":[{"@type":"SearchAction","target":{"@type":"EntryPoint","urlTemplate":"https:\/\/festivalpublicatessen.com\/?s={search_term_string}"},"query-input":{"@type":"PropertyValueSpecification","valueRequired":true,"valueName":"search_term_string"}}],"inLanguage":"es"},{"@type":"Organization","@id":"https:\/\/festivalpublicatessen.com\/#organization","name":"PUBLICATESSEN XVI","url":"https:\/\/festivalpublicatessen.com\/","logo":{"@type":"ImageObject","inLanguage":"es","@id":"https:\/\/festivalpublicatessen.com\/#\/schema\/logo\/image\/","url":"https:\/\/festivalpublicatessen.com\/wp-content\/uploads\/2026\/02\/logomarca-interna-01_sin-fondo.png","contentUrl":"https:\/\/festivalpublicatessen.com\/wp-content\/uploads\/2026\/02\/logomarca-interna-01_sin-fondo.png","width":4472,"height":4833,"caption":"PUBLICATESSEN XVI"},"image":{"@id":"https:\/\/festivalpublicatessen.com\/#\/schema\/logo\/image\/"},"sameAs":["https:\/\/x.com\/publicatessen","https:\/\/www.instagram.com\/publicatessen\/"]}]}},"_links":{"self":[{"href":"https:\/\/festivalpublicatessen.com\/index.php\/wp-json\/wp\/v2\/pages\/2"}],"collection":[{"href":"https:\/\/festivalpublicatessen.com\/index.php\/wp-json\/wp\/v2\/pages"}],"about":[{"href":"https:\/\/festivalpublicatessen.com\/index.php\/wp-json\/wp\/v2\/types\/page"}],"author":[{"embeddable":true,"href":"https:\/\/festivalpublicatessen.com\/index.php\/wp-json\/wp\/v2\/users\/1"}],"replies":[{"embeddable":true,"href":"https:\/\/festivalpublicatessen.com\/index.php\/wp-json\/wp\/v2\/comments?post=2"}],"version-history":[{"count":13,"href":"https:\/\/festivalpublicatessen.com\/index.php\/wp-json\/wp\/v2\/pages\/2\/revisions"}],"predecessor-version":[{"id":982,"href":"https:\/\/festivalpublicatessen.com\/index.php\/wp-json\/wp\/v2\/pages\/2\/revisions\/982"}],"wp:attachment":[{"href":"https:\/\/festivalpublicatessen.com\/index.php\/wp-json\/wp\/v2\/media?parent=2"}],"curies":[{"name":"wp","href":"https:\/\/api.w.org\/{rel}","templated":true}]}}