{"id":165,"date":"2024-01-16T17:42:36","date_gmt":"2024-01-16T16:42:36","guid":{"rendered":"https:\/\/festivalpublicatessen.com\/?page_id=165"},"modified":"2025-02-04T12:35:04","modified_gmt":"2025-02-04T11:35:04","slug":"showbiz","status":"publish","type":"page","link":"https:\/\/festivalpublicatessen.com\/index.php\/showbiz\/","title":{"rendered":"SHOWBIZ"},"content":{"rendered":"\n<p class=\"has-background\" style=\"background-color:#00000045\">El t\u00e9rmino\u00a0<em>Showbiz<\/em>\u00a0hace referencia a la industria del entretenimiento y el espect\u00e1culo. En Publicatessen, lo llevamos a nuestro terreno para crear experiencias \u00fanicas donde los estudiantes ponen en pr\u00e1ctica sus conocimientos, habilidades y creatividad en eventos de alto nivel.<\/p>\n\n\n\n<p class=\"has-background\" style=\"background-color:#00000045\">A lo largo del festival, contamos con diferentes&nbsp;<em>Showbiz<\/em>&nbsp;que marcan el ritmo de Publicatessen:<\/p>\n\n\n\n<ul class=\"wp-block-list\">\n<li><strong>La Liga<\/strong>, donde los equipos compiten demostrando su talento en estrategia, creatividad y comunicaci\u00f3n.<\/li>\n<\/ul>\n\n\n\n<ul class=\"wp-block-list\">\n<li><strong>Las Jornadas<\/strong>, un espacio de aprendizaje y networking con profesionales del sector.<\/li>\n\n\n\n<li><strong>La Gala<\/strong>, el gran cierre del festival, donde celebramos el esfuerzo y la excelencia con una entrega de premios inolvidable.<\/li>\n<\/ul>\n\n\n\n<p class=\"has-background\" style=\"background-color:#00000045\">Cada&nbsp;<em>Showbiz<\/em>&nbsp;es una oportunidad para que los alumnos se enfrenten a desaf\u00edos reales, trabajen en equipo y muestren su potencial ante la industria. Publicatessen es m\u00e1s que un festival, es el escenario donde nacen las nuevas promesas de la publicidad y la comunicaci\u00f3n.<\/p>\n\n\n\n<div class=\"wp-block-group\"><div class=\"wp-block-group__inner-container is-layout-constrained wp-block-group-is-layout-constrained\">\n<div class=\"wp-block-columns is-layout-flex wp-container-core-columns-is-layout-1 wp-block-columns-is-layout-flex\">\n<div class=\"wp-block-column is-layout-flow wp-block-column-is-layout-flow\">\n<figure class=\"wp-block-video aligncenter\"><video controls src=\"https:\/\/festivalpublicatessen.com\/wp-content\/uploads\/2025\/02\/IMG_3475.mov\"><\/video><\/figure>\n<\/div>\n<\/div>\n<\/div><\/div>\n","protected":false},"excerpt":{"rendered":"<p>El t\u00e9rmino\u00a0Showbiz\u00a0hace referencia a la industria del entretenimiento y el espect\u00e1culo. En Publicatessen, lo llevamos a nuestro terreno para crear experiencias \u00fanicas donde los estudiantes ponen en pr\u00e1ctica sus conocimientos, habilidades y creatividad en eventos de alto nivel. A lo largo del festival, contamos con diferentes&nbsp;Showbiz&nbsp;que marcan el ritmo de Publicatessen: Cada&nbsp;Showbiz&nbsp;es una oportunidad para&hellip; <a class=\"more-link\" href=\"https:\/\/festivalpublicatessen.com\/index.php\/showbiz\/\">Seguir leyendo <span class=\"screen-reader-text\">SHOWBIZ<\/span><\/a><\/p>\n","protected":false},"author":1,"featured_media":0,"parent":0,"menu_order":0,"comment_status":"closed","ping_status":"closed","template":"","meta":{"footnotes":""},"class_list":["post-165","page","type-page","status-publish","hentry","entry"],"yoast_head":"<!-- This site is optimized with the Yoast SEO plugin v24.0 - https:\/\/yoast.com\/wordpress\/plugins\/seo\/ -->\n<title>SHOWBIZ - PUBLICATESSEN XVIII<\/title>\n<meta name=\"robots\" content=\"index, follow, max-snippet:-1, max-image-preview:large, max-video-preview:-1\" \/>\n<link rel=\"canonical\" href=\"https:\/\/festivalpublicatessen.com\/index.php\/showbiz\/\" \/>\n<meta property=\"og:locale\" content=\"es_ES\" \/>\n<meta property=\"og:type\" content=\"article\" \/>\n<meta property=\"og:title\" content=\"SHOWBIZ - PUBLICATESSEN XVIII\" \/>\n<meta property=\"og:description\" content=\"El t\u00e9rmino\u00a0Showbiz\u00a0hace referencia a la industria del entretenimiento y el espect\u00e1culo. En Publicatessen, lo llevamos a nuestro terreno para crear experiencias \u00fanicas donde los estudiantes ponen en pr\u00e1ctica sus conocimientos, habilidades y creatividad en eventos de alto nivel. A lo largo del festival, contamos con diferentes&nbsp;Showbiz&nbsp;que marcan el ritmo de Publicatessen: Cada&nbsp;Showbiz&nbsp;es una oportunidad para&hellip; Seguir leyendo SHOWBIZ\" \/>\n<meta property=\"og:url\" content=\"https:\/\/festivalpublicatessen.com\/index.php\/showbiz\/\" \/>\n<meta property=\"og:site_name\" content=\"PUBLICATESSEN XVIII\" \/>\n<meta property=\"article:modified_time\" content=\"2025-02-04T11:35:04+00:00\" \/>\n<meta name=\"twitter:card\" content=\"summary_large_image\" \/>\n<meta name=\"twitter:site\" content=\"@publicatessen\" \/>\n<meta name=\"twitter:label1\" content=\"Tiempo de lectura\" \/>\n\t<meta name=\"twitter:data1\" content=\"1 minuto\" \/>\n<script type=\"application\/ld+json\" class=\"yoast-schema-graph\">{\"@context\":\"https:\/\/schema.org\",\"@graph\":[{\"@type\":\"WebPage\",\"@id\":\"https:\/\/festivalpublicatessen.com\/index.php\/showbiz\/\",\"url\":\"https:\/\/festivalpublicatessen.com\/index.php\/showbiz\/\",\"name\":\"SHOWBIZ - PUBLICATESSEN XVIII\",\"isPartOf\":{\"@id\":\"https:\/\/festivalpublicatessen.com\/#website\"},\"datePublished\":\"2024-01-16T16:42:36+00:00\",\"dateModified\":\"2025-02-04T11:35:04+00:00\",\"breadcrumb\":{\"@id\":\"https:\/\/festivalpublicatessen.com\/index.php\/showbiz\/#breadcrumb\"},\"inLanguage\":\"es\",\"potentialAction\":[{\"@type\":\"ReadAction\",\"target\":[\"https:\/\/festivalpublicatessen.com\/index.php\/showbiz\/\"]}]},{\"@type\":\"BreadcrumbList\",\"@id\":\"https:\/\/festivalpublicatessen.com\/index.php\/showbiz\/#breadcrumb\",\"itemListElement\":[{\"@type\":\"ListItem\",\"position\":1,\"name\":\"Portada\",\"item\":\"https:\/\/festivalpublicatessen.com\/\"},{\"@type\":\"ListItem\",\"position\":2,\"name\":\"SHOWBIZ\"}]},{\"@type\":\"WebSite\",\"@id\":\"https:\/\/festivalpublicatessen.com\/#website\",\"url\":\"https:\/\/festivalpublicatessen.com\/\",\"name\":\"PUBLICATESSEN XVI\",\"description\":\"Festival Internacional Universitario de Publicidad\",\"publisher\":{\"@id\":\"https:\/\/festivalpublicatessen.com\/#organization\"},\"potentialAction\":[{\"@type\":\"SearchAction\",\"target\":{\"@type\":\"EntryPoint\",\"urlTemplate\":\"https:\/\/festivalpublicatessen.com\/?s={search_term_string}\"},\"query-input\":{\"@type\":\"PropertyValueSpecification\",\"valueRequired\":true,\"valueName\":\"search_term_string\"}}],\"inLanguage\":\"es\"},{\"@type\":\"Organization\",\"@id\":\"https:\/\/festivalpublicatessen.com\/#organization\",\"name\":\"PUBLICATESSEN XVI\",\"url\":\"https:\/\/festivalpublicatessen.com\/\",\"logo\":{\"@type\":\"ImageObject\",\"inLanguage\":\"es\",\"@id\":\"https:\/\/festivalpublicatessen.com\/#\/schema\/logo\/image\/\",\"url\":\"https:\/\/festivalpublicatessen.com\/wp-content\/uploads\/2026\/02\/logomarca-interna-01_sin-fondo.png\",\"contentUrl\":\"https:\/\/festivalpublicatessen.com\/wp-content\/uploads\/2026\/02\/logomarca-interna-01_sin-fondo.png\",\"width\":4472,\"height\":4833,\"caption\":\"PUBLICATESSEN XVI\"},\"image\":{\"@id\":\"https:\/\/festivalpublicatessen.com\/#\/schema\/logo\/image\/\"},\"sameAs\":[\"https:\/\/x.com\/publicatessen\",\"https:\/\/www.instagram.com\/publicatessen\/\"]}]}<\/script>\n<!-- \/ Yoast SEO plugin. -->","yoast_head_json":{"title":"SHOWBIZ - PUBLICATESSEN XVIII","robots":{"index":"index","follow":"follow","max-snippet":"max-snippet:-1","max-image-preview":"max-image-preview:large","max-video-preview":"max-video-preview:-1"},"canonical":"https:\/\/festivalpublicatessen.com\/index.php\/showbiz\/","og_locale":"es_ES","og_type":"article","og_title":"SHOWBIZ - PUBLICATESSEN XVIII","og_description":"El t\u00e9rmino\u00a0Showbiz\u00a0hace referencia a la industria del entretenimiento y el espect\u00e1culo. En Publicatessen, lo llevamos a nuestro terreno para crear experiencias \u00fanicas donde los estudiantes ponen en pr\u00e1ctica sus conocimientos, habilidades y creatividad en eventos de alto nivel. A lo largo del festival, contamos con diferentes&nbsp;Showbiz&nbsp;que marcan el ritmo de Publicatessen: Cada&nbsp;Showbiz&nbsp;es una oportunidad para&hellip; Seguir leyendo SHOWBIZ","og_url":"https:\/\/festivalpublicatessen.com\/index.php\/showbiz\/","og_site_name":"PUBLICATESSEN XVIII","article_modified_time":"2025-02-04T11:35:04+00:00","twitter_card":"summary_large_image","twitter_site":"@publicatessen","twitter_misc":{"Tiempo de lectura":"1 minuto"},"schema":{"@context":"https:\/\/schema.org","@graph":[{"@type":"WebPage","@id":"https:\/\/festivalpublicatessen.com\/index.php\/showbiz\/","url":"https:\/\/festivalpublicatessen.com\/index.php\/showbiz\/","name":"SHOWBIZ - PUBLICATESSEN XVIII","isPartOf":{"@id":"https:\/\/festivalpublicatessen.com\/#website"},"datePublished":"2024-01-16T16:42:36+00:00","dateModified":"2025-02-04T11:35:04+00:00","breadcrumb":{"@id":"https:\/\/festivalpublicatessen.com\/index.php\/showbiz\/#breadcrumb"},"inLanguage":"es","potentialAction":[{"@type":"ReadAction","target":["https:\/\/festivalpublicatessen.com\/index.php\/showbiz\/"]}]},{"@type":"BreadcrumbList","@id":"https:\/\/festivalpublicatessen.com\/index.php\/showbiz\/#breadcrumb","itemListElement":[{"@type":"ListItem","position":1,"name":"Portada","item":"https:\/\/festivalpublicatessen.com\/"},{"@type":"ListItem","position":2,"name":"SHOWBIZ"}]},{"@type":"WebSite","@id":"https:\/\/festivalpublicatessen.com\/#website","url":"https:\/\/festivalpublicatessen.com\/","name":"PUBLICATESSEN XVI","description":"Festival Internacional Universitario de Publicidad","publisher":{"@id":"https:\/\/festivalpublicatessen.com\/#organization"},"potentialAction":[{"@type":"SearchAction","target":{"@type":"EntryPoint","urlTemplate":"https:\/\/festivalpublicatessen.com\/?s={search_term_string}"},"query-input":{"@type":"PropertyValueSpecification","valueRequired":true,"valueName":"search_term_string"}}],"inLanguage":"es"},{"@type":"Organization","@id":"https:\/\/festivalpublicatessen.com\/#organization","name":"PUBLICATESSEN XVI","url":"https:\/\/festivalpublicatessen.com\/","logo":{"@type":"ImageObject","inLanguage":"es","@id":"https:\/\/festivalpublicatessen.com\/#\/schema\/logo\/image\/","url":"https:\/\/festivalpublicatessen.com\/wp-content\/uploads\/2026\/02\/logomarca-interna-01_sin-fondo.png","contentUrl":"https:\/\/festivalpublicatessen.com\/wp-content\/uploads\/2026\/02\/logomarca-interna-01_sin-fondo.png","width":4472,"height":4833,"caption":"PUBLICATESSEN XVI"},"image":{"@id":"https:\/\/festivalpublicatessen.com\/#\/schema\/logo\/image\/"},"sameAs":["https:\/\/x.com\/publicatessen","https:\/\/www.instagram.com\/publicatessen\/"]}]}},"_links":{"self":[{"href":"https:\/\/festivalpublicatessen.com\/index.php\/wp-json\/wp\/v2\/pages\/165"}],"collection":[{"href":"https:\/\/festivalpublicatessen.com\/index.php\/wp-json\/wp\/v2\/pages"}],"about":[{"href":"https:\/\/festivalpublicatessen.com\/index.php\/wp-json\/wp\/v2\/types\/page"}],"author":[{"embeddable":true,"href":"https:\/\/festivalpublicatessen.com\/index.php\/wp-json\/wp\/v2\/users\/1"}],"replies":[{"embeddable":true,"href":"https:\/\/festivalpublicatessen.com\/index.php\/wp-json\/wp\/v2\/comments?post=165"}],"version-history":[{"count":2,"href":"https:\/\/festivalpublicatessen.com\/index.php\/wp-json\/wp\/v2\/pages\/165\/revisions"}],"predecessor-version":[{"id":732,"href":"https:\/\/festivalpublicatessen.com\/index.php\/wp-json\/wp\/v2\/pages\/165\/revisions\/732"}],"wp:attachment":[{"href":"https:\/\/festivalpublicatessen.com\/index.php\/wp-json\/wp\/v2\/media?parent=165"}],"curies":[{"name":"wp","href":"https:\/\/api.w.org\/{rel}","templated":true}]}}