{"id":108,"date":"2023-11-28T00:28:30","date_gmt":"2023-11-28T00:28:30","guid":{"rendered":"http:\/\/radioglorfa.ddns.net:9180\/wordpress\/?page_id=108"},"modified":"2025-02-04T12:54:26","modified_gmt":"2025-02-04T11:54:26","slug":"antencion-al-ciudadano","status":"publish","type":"page","link":"https:\/\/festivalpublicatessen.com\/index.php\/antencion-al-ciudadano\/","title":{"rendered":"ATENCI\u00d3N AL CIUDADANO"},"content":{"rendered":"\n<p class=\"has-background\" style=\"background-color:#00000045\">En Publicatessen no solo celebramos la creatividad y la comunicaci\u00f3n, tambi\u00e9n creemos en el poder de la publicidad para generar un impacto positivo en la sociedad. Por eso, nuestra responsabilidad social corporativa (RSC) es un pilar fundamental del festival.<\/p>\n\n\n\n<p class=\"has-background\" style=\"background-color:#00000045\">A lo largo del a\u00f1o, organizamos iniciativas solidarias y eventos que promueven la concienciaci\u00f3n y la acci\u00f3n social:<\/p>\n\n\n\n<ul class=\"wp-block-list\">\n<li><strong>Recogida de productos para la DANA<\/strong>, un gesto de apoyo a quienes m\u00e1s lo necesitan en situaciones de emergencia.<\/li>\n\n\n\n<li><strong>Feria de Voluntariado<\/strong>, un espacio donde damos visibilidad a diferentes asociaciones y fomentamos la participaci\u00f3n activa en causas sociales.<\/li>\n\n\n\n<li><strong>Charlas por el 25N<\/strong>, donde generamos conversaci\u00f3n y conciencia sobre la lucha por los derechos de las mujeres.<\/li>\n<\/ul>\n\n\n\n<p class=\"has-background\" style=\"background-color:#00000045\">En Publicatessen, nos comprometemos con la comunidad y trabajamos para que la publicidad y la comunicaci\u00f3n sean herramientas de cambio. Porque un festival tambi\u00e9n puede dejar huella m\u00e1s all\u00e1 de sus escenarios.<\/p>\n\n\n\n<div class=\"wp-block-columns is-layout-flex wp-container-core-columns-is-layout-1 wp-block-columns-is-layout-flex\">\n<div class=\"wp-block-column is-layout-flow wp-block-column-is-layout-flow\">\n<figure class=\"wp-block-image size-large is-resized\"><img loading=\"lazy\" decoding=\"async\" width=\"1024\" height=\"694\" src=\"https:\/\/festivalpublicatessen.com\/wp-content\/uploads\/2025\/02\/1732646533449-1024x694.jpg\" alt=\"\" class=\"wp-image-738\" style=\"width:191px;height:auto\" srcset=\"https:\/\/festivalpublicatessen.com\/wp-content\/uploads\/2025\/02\/1732646533449-1024x694.jpg 1024w, https:\/\/festivalpublicatessen.com\/wp-content\/uploads\/2025\/02\/1732646533449-300x203.jpg 300w, https:\/\/festivalpublicatessen.com\/wp-content\/uploads\/2025\/02\/1732646533449-768x521.jpg 768w, https:\/\/festivalpublicatessen.com\/wp-content\/uploads\/2025\/02\/1732646533449.jpg 1080w\" sizes=\"(max-width: 1024px) 100vw, 1024px\" \/><figcaption class=\"wp-element-caption\">Charla de Carlota Corredera  en las jornadas del 25N<\/figcaption><\/figure>\n<\/div>\n\n\n\n<div class=\"wp-block-column is-layout-flow wp-block-column-is-layout-flow\">\n<figure class=\"wp-block-image size-large is-resized\"><img loading=\"lazy\" decoding=\"async\" width=\"1024\" height=\"682\" src=\"https:\/\/festivalpublicatessen.com\/wp-content\/uploads\/2025\/02\/feria-voluntariado2-1024x682.jpeg\" alt=\"\" class=\"wp-image-735\" style=\"width:195px;height:auto\" srcset=\"https:\/\/festivalpublicatessen.com\/wp-content\/uploads\/2025\/02\/feria-voluntariado2-1024x682.jpeg 1024w, https:\/\/festivalpublicatessen.com\/wp-content\/uploads\/2025\/02\/feria-voluntariado2-300x200.jpeg 300w, https:\/\/festivalpublicatessen.com\/wp-content\/uploads\/2025\/02\/feria-voluntariado2-768x512.jpeg 768w, https:\/\/festivalpublicatessen.com\/wp-content\/uploads\/2025\/02\/feria-voluntariado2-1536x1024.jpeg 1536w, https:\/\/festivalpublicatessen.com\/wp-content\/uploads\/2025\/02\/feria-voluntariado2-1568x1045.jpeg 1568w, https:\/\/festivalpublicatessen.com\/wp-content\/uploads\/2025\/02\/feria-voluntariado2.jpeg 1655w\" sizes=\"(max-width: 1024px) 100vw, 1024px\" \/><figcaption class=\"wp-element-caption\">Alumnos en la feria de voluntariado <\/figcaption><\/figure>\n<\/div>\n\n\n\n<div class=\"wp-block-column is-layout-flow wp-block-column-is-layout-flow\">\n<figure class=\"wp-block-image size-large\"><img loading=\"lazy\" decoding=\"async\" width=\"1024\" height=\"768\" src=\"https:\/\/festivalpublicatessen.com\/wp-content\/uploads\/2025\/02\/IMG_6353-1024x768.jpg\" alt=\"\" class=\"wp-image-736\" srcset=\"https:\/\/festivalpublicatessen.com\/wp-content\/uploads\/2025\/02\/IMG_6353-1024x768.jpg 1024w, https:\/\/festivalpublicatessen.com\/wp-content\/uploads\/2025\/02\/IMG_6353-300x225.jpg 300w, https:\/\/festivalpublicatessen.com\/wp-content\/uploads\/2025\/02\/IMG_6353-768x576.jpg 768w, https:\/\/festivalpublicatessen.com\/wp-content\/uploads\/2025\/02\/IMG_6353-1536x1152.jpg 1536w, https:\/\/festivalpublicatessen.com\/wp-content\/uploads\/2025\/02\/IMG_6353-2048x1536.jpg 2048w, https:\/\/festivalpublicatessen.com\/wp-content\/uploads\/2025\/02\/IMG_6353-1568x1176.jpg 1568w\" sizes=\"(max-width: 1024px) 100vw, 1024px\" \/><figcaption class=\"wp-element-caption\">Recogida de productos para los afectados de la DANA.<\/figcaption><\/figure>\n<\/div>\n<\/div>\n\n\n\n<p><\/p>\n","protected":false},"excerpt":{"rendered":"<p>En Publicatessen no solo celebramos la creatividad y la comunicaci\u00f3n, tambi\u00e9n creemos en el poder de la publicidad para generar un impacto positivo en la sociedad. Por eso, nuestra responsabilidad social corporativa (RSC) es un pilar fundamental del festival. A lo largo del a\u00f1o, organizamos iniciativas solidarias y eventos que promueven la concienciaci\u00f3n y la&hellip; <a class=\"more-link\" href=\"https:\/\/festivalpublicatessen.com\/index.php\/antencion-al-ciudadano\/\">Seguir leyendo <span class=\"screen-reader-text\">ATENCI\u00d3N AL CIUDADANO<\/span><\/a><\/p>\n","protected":false},"author":1,"featured_media":0,"parent":0,"menu_order":0,"comment_status":"closed","ping_status":"closed","template":"","meta":{"footnotes":""},"class_list":["post-108","page","type-page","status-publish","hentry","entry"],"yoast_head":"<!-- This site is optimized with the Yoast SEO plugin v24.0 - https:\/\/yoast.com\/wordpress\/plugins\/seo\/ -->\n<title>ATENCI\u00d3N AL CIUDADANO - PUBLICATESSEN XVIII<\/title>\n<meta name=\"robots\" content=\"index, follow, max-snippet:-1, max-image-preview:large, max-video-preview:-1\" \/>\n<link rel=\"canonical\" href=\"https:\/\/festivalpublicatessen.com\/index.php\/antencion-al-ciudadano\/\" \/>\n<meta property=\"og:locale\" content=\"es_ES\" \/>\n<meta property=\"og:type\" content=\"article\" \/>\n<meta property=\"og:title\" content=\"ATENCI\u00d3N AL CIUDADANO - PUBLICATESSEN XVIII\" \/>\n<meta property=\"og:description\" content=\"En Publicatessen no solo celebramos la creatividad y la comunicaci\u00f3n, tambi\u00e9n creemos en el poder de la publicidad para generar un impacto positivo en la sociedad. Por eso, nuestra responsabilidad social corporativa (RSC) es un pilar fundamental del festival. A lo largo del a\u00f1o, organizamos iniciativas solidarias y eventos que promueven la concienciaci\u00f3n y la&hellip; Seguir leyendo ATENCI\u00d3N AL CIUDADANO\" \/>\n<meta property=\"og:url\" content=\"https:\/\/festivalpublicatessen.com\/index.php\/antencion-al-ciudadano\/\" \/>\n<meta property=\"og:site_name\" content=\"PUBLICATESSEN XVIII\" \/>\n<meta property=\"article:modified_time\" content=\"2025-02-04T11:54:26+00:00\" \/>\n<meta property=\"og:image\" content=\"https:\/\/festivalpublicatessen.com\/wp-content\/uploads\/2025\/02\/1732646533449.jpg\" \/>\n\t<meta property=\"og:image:width\" content=\"1080\" \/>\n\t<meta property=\"og:image:height\" content=\"732\" \/>\n\t<meta property=\"og:image:type\" content=\"image\/jpeg\" \/>\n<meta name=\"twitter:card\" content=\"summary_large_image\" \/>\n<meta name=\"twitter:site\" content=\"@publicatessen\" \/>\n<meta name=\"twitter:label1\" content=\"Tiempo de lectura\" \/>\n\t<meta name=\"twitter:data1\" content=\"2 minutos\" \/>\n<script type=\"application\/ld+json\" class=\"yoast-schema-graph\">{\"@context\":\"https:\/\/schema.org\",\"@graph\":[{\"@type\":\"WebPage\",\"@id\":\"https:\/\/festivalpublicatessen.com\/index.php\/antencion-al-ciudadano\/\",\"url\":\"https:\/\/festivalpublicatessen.com\/index.php\/antencion-al-ciudadano\/\",\"name\":\"ATENCI\u00d3N AL CIUDADANO - PUBLICATESSEN XVIII\",\"isPartOf\":{\"@id\":\"https:\/\/festivalpublicatessen.com\/#website\"},\"primaryImageOfPage\":{\"@id\":\"https:\/\/festivalpublicatessen.com\/index.php\/antencion-al-ciudadano\/#primaryimage\"},\"image\":{\"@id\":\"https:\/\/festivalpublicatessen.com\/index.php\/antencion-al-ciudadano\/#primaryimage\"},\"thumbnailUrl\":\"https:\/\/festivalpublicatessen.com\/wp-content\/uploads\/2025\/02\/1732646533449-1024x694.jpg\",\"datePublished\":\"2023-11-28T00:28:30+00:00\",\"dateModified\":\"2025-02-04T11:54:26+00:00\",\"breadcrumb\":{\"@id\":\"https:\/\/festivalpublicatessen.com\/index.php\/antencion-al-ciudadano\/#breadcrumb\"},\"inLanguage\":\"es\",\"potentialAction\":[{\"@type\":\"ReadAction\",\"target\":[\"https:\/\/festivalpublicatessen.com\/index.php\/antencion-al-ciudadano\/\"]}]},{\"@type\":\"ImageObject\",\"inLanguage\":\"es\",\"@id\":\"https:\/\/festivalpublicatessen.com\/index.php\/antencion-al-ciudadano\/#primaryimage\",\"url\":\"https:\/\/festivalpublicatessen.com\/wp-content\/uploads\/2025\/02\/1732646533449.jpg\",\"contentUrl\":\"https:\/\/festivalpublicatessen.com\/wp-content\/uploads\/2025\/02\/1732646533449.jpg\",\"width\":1080,\"height\":732},{\"@type\":\"BreadcrumbList\",\"@id\":\"https:\/\/festivalpublicatessen.com\/index.php\/antencion-al-ciudadano\/#breadcrumb\",\"itemListElement\":[{\"@type\":\"ListItem\",\"position\":1,\"name\":\"Portada\",\"item\":\"https:\/\/festivalpublicatessen.com\/\"},{\"@type\":\"ListItem\",\"position\":2,\"name\":\"ATENCI\u00d3N AL CIUDADANO\"}]},{\"@type\":\"WebSite\",\"@id\":\"https:\/\/festivalpublicatessen.com\/#website\",\"url\":\"https:\/\/festivalpublicatessen.com\/\",\"name\":\"PUBLICATESSEN XVI\",\"description\":\"Festival Internacional Universitario de Publicidad\",\"publisher\":{\"@id\":\"https:\/\/festivalpublicatessen.com\/#organization\"},\"potentialAction\":[{\"@type\":\"SearchAction\",\"target\":{\"@type\":\"EntryPoint\",\"urlTemplate\":\"https:\/\/festivalpublicatessen.com\/?s={search_term_string}\"},\"query-input\":{\"@type\":\"PropertyValueSpecification\",\"valueRequired\":true,\"valueName\":\"search_term_string\"}}],\"inLanguage\":\"es\"},{\"@type\":\"Organization\",\"@id\":\"https:\/\/festivalpublicatessen.com\/#organization\",\"name\":\"PUBLICATESSEN XVI\",\"url\":\"https:\/\/festivalpublicatessen.com\/\",\"logo\":{\"@type\":\"ImageObject\",\"inLanguage\":\"es\",\"@id\":\"https:\/\/festivalpublicatessen.com\/#\/schema\/logo\/image\/\",\"url\":\"https:\/\/festivalpublicatessen.com\/wp-content\/uploads\/2026\/02\/logomarca-interna-01_sin-fondo.png\",\"contentUrl\":\"https:\/\/festivalpublicatessen.com\/wp-content\/uploads\/2026\/02\/logomarca-interna-01_sin-fondo.png\",\"width\":4472,\"height\":4833,\"caption\":\"PUBLICATESSEN XVI\"},\"image\":{\"@id\":\"https:\/\/festivalpublicatessen.com\/#\/schema\/logo\/image\/\"},\"sameAs\":[\"https:\/\/x.com\/publicatessen\",\"https:\/\/www.instagram.com\/publicatessen\/\"]}]}<\/script>\n<!-- \/ Yoast SEO plugin. -->","yoast_head_json":{"title":"ATENCI\u00d3N AL CIUDADANO - PUBLICATESSEN XVIII","robots":{"index":"index","follow":"follow","max-snippet":"max-snippet:-1","max-image-preview":"max-image-preview:large","max-video-preview":"max-video-preview:-1"},"canonical":"https:\/\/festivalpublicatessen.com\/index.php\/antencion-al-ciudadano\/","og_locale":"es_ES","og_type":"article","og_title":"ATENCI\u00d3N AL CIUDADANO - PUBLICATESSEN XVIII","og_description":"En Publicatessen no solo celebramos la creatividad y la comunicaci\u00f3n, tambi\u00e9n creemos en el poder de la publicidad para generar un impacto positivo en la sociedad. Por eso, nuestra responsabilidad social corporativa (RSC) es un pilar fundamental del festival. A lo largo del a\u00f1o, organizamos iniciativas solidarias y eventos que promueven la concienciaci\u00f3n y la&hellip; Seguir leyendo ATENCI\u00d3N AL CIUDADANO","og_url":"https:\/\/festivalpublicatessen.com\/index.php\/antencion-al-ciudadano\/","og_site_name":"PUBLICATESSEN XVIII","article_modified_time":"2025-02-04T11:54:26+00:00","og_image":[{"width":1080,"height":732,"url":"https:\/\/festivalpublicatessen.com\/wp-content\/uploads\/2025\/02\/1732646533449.jpg","type":"image\/jpeg"}],"twitter_card":"summary_large_image","twitter_site":"@publicatessen","twitter_misc":{"Tiempo de lectura":"2 minutos"},"schema":{"@context":"https:\/\/schema.org","@graph":[{"@type":"WebPage","@id":"https:\/\/festivalpublicatessen.com\/index.php\/antencion-al-ciudadano\/","url":"https:\/\/festivalpublicatessen.com\/index.php\/antencion-al-ciudadano\/","name":"ATENCI\u00d3N AL CIUDADANO - PUBLICATESSEN XVIII","isPartOf":{"@id":"https:\/\/festivalpublicatessen.com\/#website"},"primaryImageOfPage":{"@id":"https:\/\/festivalpublicatessen.com\/index.php\/antencion-al-ciudadano\/#primaryimage"},"image":{"@id":"https:\/\/festivalpublicatessen.com\/index.php\/antencion-al-ciudadano\/#primaryimage"},"thumbnailUrl":"https:\/\/festivalpublicatessen.com\/wp-content\/uploads\/2025\/02\/1732646533449-1024x694.jpg","datePublished":"2023-11-28T00:28:30+00:00","dateModified":"2025-02-04T11:54:26+00:00","breadcrumb":{"@id":"https:\/\/festivalpublicatessen.com\/index.php\/antencion-al-ciudadano\/#breadcrumb"},"inLanguage":"es","potentialAction":[{"@type":"ReadAction","target":["https:\/\/festivalpublicatessen.com\/index.php\/antencion-al-ciudadano\/"]}]},{"@type":"ImageObject","inLanguage":"es","@id":"https:\/\/festivalpublicatessen.com\/index.php\/antencion-al-ciudadano\/#primaryimage","url":"https:\/\/festivalpublicatessen.com\/wp-content\/uploads\/2025\/02\/1732646533449.jpg","contentUrl":"https:\/\/festivalpublicatessen.com\/wp-content\/uploads\/2025\/02\/1732646533449.jpg","width":1080,"height":732},{"@type":"BreadcrumbList","@id":"https:\/\/festivalpublicatessen.com\/index.php\/antencion-al-ciudadano\/#breadcrumb","itemListElement":[{"@type":"ListItem","position":1,"name":"Portada","item":"https:\/\/festivalpublicatessen.com\/"},{"@type":"ListItem","position":2,"name":"ATENCI\u00d3N AL CIUDADANO"}]},{"@type":"WebSite","@id":"https:\/\/festivalpublicatessen.com\/#website","url":"https:\/\/festivalpublicatessen.com\/","name":"PUBLICATESSEN XVI","description":"Festival Internacional Universitario de Publicidad","publisher":{"@id":"https:\/\/festivalpublicatessen.com\/#organization"},"potentialAction":[{"@type":"SearchAction","target":{"@type":"EntryPoint","urlTemplate":"https:\/\/festivalpublicatessen.com\/?s={search_term_string}"},"query-input":{"@type":"PropertyValueSpecification","valueRequired":true,"valueName":"search_term_string"}}],"inLanguage":"es"},{"@type":"Organization","@id":"https:\/\/festivalpublicatessen.com\/#organization","name":"PUBLICATESSEN XVI","url":"https:\/\/festivalpublicatessen.com\/","logo":{"@type":"ImageObject","inLanguage":"es","@id":"https:\/\/festivalpublicatessen.com\/#\/schema\/logo\/image\/","url":"https:\/\/festivalpublicatessen.com\/wp-content\/uploads\/2026\/02\/logomarca-interna-01_sin-fondo.png","contentUrl":"https:\/\/festivalpublicatessen.com\/wp-content\/uploads\/2026\/02\/logomarca-interna-01_sin-fondo.png","width":4472,"height":4833,"caption":"PUBLICATESSEN XVI"},"image":{"@id":"https:\/\/festivalpublicatessen.com\/#\/schema\/logo\/image\/"},"sameAs":["https:\/\/x.com\/publicatessen","https:\/\/www.instagram.com\/publicatessen\/"]}]}},"_links":{"self":[{"href":"https:\/\/festivalpublicatessen.com\/index.php\/wp-json\/wp\/v2\/pages\/108"}],"collection":[{"href":"https:\/\/festivalpublicatessen.com\/index.php\/wp-json\/wp\/v2\/pages"}],"about":[{"href":"https:\/\/festivalpublicatessen.com\/index.php\/wp-json\/wp\/v2\/types\/page"}],"author":[{"embeddable":true,"href":"https:\/\/festivalpublicatessen.com\/index.php\/wp-json\/wp\/v2\/users\/1"}],"replies":[{"embeddable":true,"href":"https:\/\/festivalpublicatessen.com\/index.php\/wp-json\/wp\/v2\/comments?post=108"}],"version-history":[{"count":3,"href":"https:\/\/festivalpublicatessen.com\/index.php\/wp-json\/wp\/v2\/pages\/108\/revisions"}],"predecessor-version":[{"id":739,"href":"https:\/\/festivalpublicatessen.com\/index.php\/wp-json\/wp\/v2\/pages\/108\/revisions\/739"}],"wp:attachment":[{"href":"https:\/\/festivalpublicatessen.com\/index.php\/wp-json\/wp\/v2\/media?parent=108"}],"curies":[{"name":"wp","href":"https:\/\/api.w.org\/{rel}","templated":true}]}}